{"id":1109,"date":"2014-11-18T17:15:50","date_gmt":"2014-11-18T15:15:50","guid":{"rendered":"http:\/\/80.69.171.23\/py\/?page_id=1109"},"modified":"2019-04-07T15:52:06","modified_gmt":"2019-04-07T12:52:06","slug":"diedihancallosat-ofelaccat","status":"publish","type":"page","link":"https:\/\/paliskunnat.fi\/bo\/boazodiedut\/diedihancallosat-ofelaccat\/","title":{"rendered":"Die\u0111ihan\u010d\u00e1llosat"},"content":{"rendered":"<h2>Die\u0111ihan\u010d\u00e1llosat ja ofela\u010d\u010dat<\/h2>\n<p>Boazodoalu die\u0111ihan\u010d\u00e1llosat ja ofela\u010d\u010dat juhkkojuvvon tem\u00e1id mielde buohkaide d\u00e1rkkuhuvvon oppala\u0161 ofela\u010d\u010daide, badjeolbmuide d\u00e1rkkuhuvvon geavatla\u0161 ofela\u010d\u010daide ja eanageavahussii lakt\u00e1seaddji ofela\u010d\u010daide.<\/p>\n","protected":false},"excerpt":{"rendered":"<p>Die\u0111ihan\u010d\u00e1llosat ja ofela\u010d\u010dat Boazodoalu die\u0111ihan\u010d\u00e1llosat ja ofela\u010d\u010dat juhkkojuvvon tem\u00e1id mielde buohkaide d\u00e1rkkuhuvvon oppala\u0161 ofela\u010d\u010daide, badjeolbmuide d\u00e1rkkuhuvvon geavatla\u0161 ofela\u010d\u010daide ja eanageavahussii lakt\u00e1seaddji ofela\u010d\u010daide.<\/p>\n","protected":false},"author":1,"featured_media":0,"parent":179,"menu_order":1,"comment_status":"open","ping_status":"closed","template":"","meta":{"footnotes":""},"class_list":["post-1109","page","type-page","status-publish","hentry"],"_links":{"self":[{"href":"https:\/\/paliskunnat.fi\/bo\/wp-json\/wp\/v2\/pages\/1109","targetHints":{"allow":["GET"]}}],"collection":[{"href":"https:\/\/paliskunnat.fi\/bo\/wp-json\/wp\/v2\/pages"}],"about":[{"href":"https:\/\/paliskunnat.fi\/bo\/wp-json\/wp\/v2\/types\/page"}],"author":[{"embeddable":true,"href":"https:\/\/paliskunnat.fi\/bo\/wp-json\/wp\/v2\/users\/1"}],"replies":[{"embeddable":true,"href":"https:\/\/paliskunnat.fi\/bo\/wp-json\/wp\/v2\/comments?post=1109"}],"version-history":[{"count":4,"href":"https:\/\/paliskunnat.fi\/bo\/wp-json\/wp\/v2\/pages\/1109\/revisions"}],"predecessor-version":[{"id":5474,"href":"https:\/\/paliskunnat.fi\/bo\/wp-json\/wp\/v2\/pages\/1109\/revisions\/5474"}],"up":[{"embeddable":true,"href":"https:\/\/paliskunnat.fi\/bo\/wp-json\/wp\/v2\/pages\/179"}],"wp:attachment":[{"href":"https:\/\/paliskunnat.fi\/bo\/wp-json\/wp\/v2\/media?parent=1109"}],"curies":[{"name":"wp","href":"https:\/\/api.w.org\/{rel}","templated":true}]}}