{"id":1124,"date":"2014-11-18T18:09:46","date_gmt":"2014-11-18T16:09:46","guid":{"rendered":"http:\/\/80.69.171.23\/py\/?page_id=1124"},"modified":"2022-02-10T17:01:42","modified_gmt":"2022-02-10T15:01:42","slug":"boazodoalu-ekonomiija","status":"publish","type":"page","link":"https:\/\/paliskunnat.fi\/bo\/boazodiedut\/boazodoalu-ekonomiija\/","title":{"rendered":"Boazodoalu ekonomiija"},"content":{"rendered":"<h2>Boazodoalu ekonomiija<\/h2>\n<p>Boazodoalu jurdda\u0161it d\u00e1vj\u00e1 kultuvrra bokte. D\u00e1t leage \u00e1ddehahtti: lea v\u00e1igat oba jurdda\u0161itge davi eatnamiid ja kultuvrraid bohccuid ja boazodoalu haga. Boazu lea erenoam\u00e1\u017eit \u00c1rktala\u0161 guovllu \u0161attohis eatnamiidda vuog\u00e1iduvvan ealli, \u00e1idna \u0161l\u00e1jastis. Ii leat ima\u0161tahtti, ahte bohccos ja boazodoalus lea jahke\u010du\u0111iid mielde \u0161addan davi kultuvrra siellu.<\/p>\n<p>Boazodoallu lea goittotge maid davimus Suoma boarr\u00e1seamos ain ealli eal\u00e1hus. Dat lea f\u00e1llan ekonomala\u0161 boa\u0111u ja eallima vejola\u0161vuo\u0111aid jahke\u010du\u0111iid \u00e1igge. Erenoam\u00e1\u017eit ma\u014bimu\u0161 jahke\u010du\u0111iid \u00e1igge leat oahppan jurdda\u0161it ja \u00e1vkk\u00e1stallan bohcco maid eal\u00e1husa geah\u010d\u010danguovllus, olbmuid ekonomala\u0161 boa\u0111u g\u00e1ldun.<\/p>\n<p>D\u00e1n \u00e1igge boazodoalus oa\u017e\u017eu oaiveeal\u00e1husa sullii 1000 olbmo. Maidd\u00e1i ear\u00e1 duh\u00e1t olbmui boazu f\u00e1ll\u00e1 fuom\u00e1\u0161ahtti siidoeal\u00e1husa, mii oassin boa\u0111u ollisvuo\u0111a vejola\u0161ta davi giliin \u00e1ssama.<\/p>\n<p>Lassin boazodollui lakt\u00e1sa viiddes joavku lakt\u00e1seaddjieal\u00e1husat, main ekonomala\u0161 ollisvuo\u0111as bohccos lea guovdd\u00e1\u0161 rolla. Deh\u00e1lamosat d\u00e1in leat bierggu ja ear\u00e1 boazo\u00e1vdnasiid ovd\u00e1nahttin sihke turisma.<\/p>\n<p>Jagis 2014 dahkkon \u010dielggadeami mielde Suoma ja Ruo\u0167a boazodoalu barggola\u0161vuo\u0111a v\u00e1ikkuhus lea 15\u00a0000 olbmo ja oppala\u0161vuovdin lei 1.3 milj\u00e1rda euro. Suoma oassi d\u00e1s oppala\u0161vuo\u0111as lea sullii guokte goalmm\u00e1das. Suomas juohkeha\u0161 bohccobiergokilo d\u00e1rkkuha ru\u0111as sullii 400 euro.<\/p>\n<p><a href=\"https:\/\/paliskunnat.fi\/bo\/wp-content\/uploads\/2021\/03\/Boazodoalu_ekonomiija_suomas_ja_ruotas_2013.jpg\" rel=\"lightbox[1124]\"><img loading=\"lazy\" decoding=\"async\" class=\"alignnone wp-image-5687\" src=\"https:\/\/paliskunnat.fi\/bo\/wp-content\/uploads\/2021\/03\/Boazodoalu_ekonomiija_suomas_ja_ruotas_2013.jpg\" alt=\"Boazodoalu ekonomiija Suomas ja Ruo\u0167as 2013\" width=\"460\" height=\"311\" srcset=\"https:\/\/paliskunnat.fi\/bo\/wp-content\/uploads\/2021\/03\/Boazodoalu_ekonomiija_suomas_ja_ruotas_2013.jpg 1200w, https:\/\/paliskunnat.fi\/bo\/wp-content\/uploads\/2021\/03\/Boazodoalu_ekonomiija_suomas_ja_ruotas_2013-300x203.jpg 300w, https:\/\/paliskunnat.fi\/bo\/wp-content\/uploads\/2021\/03\/Boazodoalu_ekonomiija_suomas_ja_ruotas_2013-1024x693.jpg 1024w, https:\/\/paliskunnat.fi\/bo\/wp-content\/uploads\/2021\/03\/Boazodoalu_ekonomiija_suomas_ja_ruotas_2013-768x520.jpg 768w\" sizes=\"auto, (max-width: 460px) 100vw, 460px\" \/><\/a><\/p>\n<p>Dego ear\u00e1ge \u00e1lgobuvttadeamis maid boazodoalus buvttadeaddji oassi b\u00e1hc\u00e1 oppala\u0161oasis \u00e1lkit unnimussan. Boazodoallu lea goittotge ear\u00e1 \u00e1lgobuvttadeami spiehkastahkan h\u00e1rj\u00e1nan m\u00e1rkanekonomiijai, mas boa\u0111u muddejit jearu ja f\u00e1lu l\u00e1gala\u0161vuo\u0111at. Badjeolbmo oaiveboahtu lea bohccobierggu ja ear\u00e1 bohccobuktagiid vuovdin. Doarjagiid oassi oppala\u0161boa\u0111uin lea vuoll\u00e1i 20 %, go dat ear\u00e1 \u00e1lgobuvttadeamis loktana d\u00e1b\u00e1la\u010d\u010dat juoba lahka 80 %.<\/p>\n<h3>Bohcco \u00e1vkk\u00e1stallet oll\u00e1sit<\/h3>\n<p>Boazodoalu oaivebuvtta lea bohccobiergu. Bohccobierggu kvalitehtabarggu leat bargan system\u00e1htala\u010d\u010dat guhkk\u00e1. Ovd\u00e1nahttima suorggis lea g\u00e1rgehuvvon o\u0111\u0111a buktagat, seamma \u00e1igge go \u00e1rbevirola\u0161 buktagiid leat g\u00e1rgehan alimus d\u00e1ss\u00e1i. \u00c1idna biergobuktagii, Suoma Lappi bohccobirgui, Lappi bohcco goikebirgui ja Lappi bohcco galbmasuovastuvvonbirgui leat o\u017e\u017eon alla\u00e1rvosa\u0161 EU nammasuoji. Boazu lea riikamet \u00e1idnalunddot ja kvalitehtala\u0161 biergobuvtta.<\/p>\n<p>Bierggu lassin bohcco lea ollisla\u010d\u010dat \u00e1vkk\u00e1stallojuvvon kvalitehtamateri\u00e1la. Bohccon\u00e1hkki lea loktanan jerron ja h\u00e1liduvvon materi\u00e1lan m\u00e1ilmmi h\u00e1bmenindustriijas. Bohccon\u00e1hkki lea duo\u0111aid litna, muhto lihkk\u00e1 nanus. Dat lea \u00c1rktala\u0161 eallima h\u00e1bmen ollisvuohta, iige seammal\u00e1gan n\u00e1hki leat ohcaminge g\u00e1vdnan m\u00e1ilmmis. Bohccon\u00e1hkki oaidnit estehtala\u0161, ekologala\u0161 ja eksohtala\u0161 materi\u00e1lan, man r\u00e1ddjejuvvon oa\u017e\u017eun barg\u00e1 das erenom\u00e1\u0161 bero\u0161tahtti. Ma\u014bimu\u0161 moadde jagi siste bohccon\u00e1hki leat \u00e1lg\u00e1n geavahit buktagiin m\u00e1\u014bggat m\u00e1ilmmiviidosa\u0161 h\u00e1bmenindustriijat.<\/p>\n<p>Goalmm\u00e1t ain \u0161addi boazodoalu ekonomiijasektor lea turisma. Suomas badjeolbmot leat huksen doaibmi ja stuorra bivnnutvuhtii loktanan boazod\u00e1lloturismakonseapta, mii riggudahtt\u00e1 fuom\u00e1\u0161ahtti ollu davi turisma. Turismab\u00e1ikkit leat d\u00e1vj\u00e1 albma boazod\u00e1lut, main turisttat besset oahp\u00e1snuvvat bohccuide, boazodollui ja \u00e1rbevirola\u0161 boazokultuvrii sihke o\u017e\u017eot ie\u0161gu\u0111etl\u00e1gan boazotem\u00e1t v\u00e1s\u00e1husaid. V\u00e1rrugas \u00e1rvalusaid mielde boazod\u00e1lloturisma b\u00e1lvala \u010du\u0111iid turisttaid Lappis jahk\u00e1sa\u010d\u010dat. Boazu lea spiehkastagaid haga golmma buoremus joavkkus, go turistagallupiin jerrojuvvo Lappi geasuheaddjidahkkiid.<\/p>\n<p>Maid ear\u00e1 bohccos oa\u017e\u017eu d\u00e1rba\u0161at bero\u0161tahttet mis ja m\u00e1ilmmis. Bohcco \u010doarvi ja d\u00e1kti leat m\u00e1\u014bggabealat \u00e1vkk\u00e1stallojuvvon siidobuktagat, maid g\u00e1rgenbarggu leat dahkan viiddes sk\u00e1lain medisiinnas m\u00e1tkemuitog\u00e1vp\u00e1i. Bohcco buoidi ja mielki leat m\u00e1\u014bggal\u00e1gan kosmetihkka- ja luonddubuvttasuorggi g\u00e1rgemis mielde. Njuovvama siidobuktagat dohkkejit elliidborramu\u0161buvttadeapm\u00e1i. Allergiijala\u0161 beatnagiid mearri lass\u00e1na m\u00e1ilmmis olles \u00e1iggi, mii rahp\u00e1 bohcco njuovvanb\u00e1zahusaide \u00e1ibba o\u0111\u0111al\u00e1gan m\u00e1rkana. Boazu ii allergisere. Seamma dahkki lasiha maid olbmo biebmun geavahuvvon bohccobiergobuktagiid jearrama juo d\u00e1l.<\/p>\n<p>Boazu lea ollisla\u010d\u010dat, njuovvanb\u00e1zahusaid r\u00e1jes, ekonomala\u010d\u010dat \u00e1vkk\u00e1stallojuvvon materi\u00e1la. Ruskabiht\u00e1t das eai b\u00e1ze. Goas nu gull\u00e1, ahte bohcco njuovadettiin ii mana du\u0161\u0161\u00e1i go siellu. D\u00e1tge ii goit doala deaiv\u00e1sa, danne go \u00e1lbmotmuitalus muitala, ahte bohcco siellu sirda\u0161uvv\u00e1 r\u00e1vvet Lappi meahcis johttiid.<\/p>\n<p>&nbsp;<\/p>\n","protected":false},"excerpt":{"rendered":"<p>Boazodoalu ekonomiija Boazodoalu jurdda\u0161it d\u00e1vj\u00e1 kultuvrra bokte. D\u00e1t leage \u00e1ddehahtti: lea v\u00e1igat oba jurdda\u0161itge davi eatnamiid ja kultuvrraid bohccuid ja boazodoalu haga. Boazu lea erenoam\u00e1\u017eit \u00c1rktala\u0161 guovllu \u0161attohis eatnamiidda vuog\u00e1iduvvan ealli, \u00e1idna \u0161l\u00e1jastis. Ii leat ima\u0161tahtti, ahte bohccos ja boazodoalus lea jahke\u010du\u0111iid mielde \u0161addan davi kultuvrra siellu. Boazodoallu lea goittotge maid davimus Suoma boarr\u00e1seamos ain [&hellip;]<\/p>\n","protected":false},"author":1,"featured_media":0,"parent":179,"menu_order":2,"comment_status":"open","ping_status":"closed","template":"","meta":{"footnotes":""},"class_list":["post-1124","page","type-page","status-publish","hentry"],"_links":{"self":[{"href":"https:\/\/paliskunnat.fi\/bo\/wp-json\/wp\/v2\/pages\/1124","targetHints":{"allow":["GET"]}}],"collection":[{"href":"https:\/\/paliskunnat.fi\/bo\/wp-json\/wp\/v2\/pages"}],"about":[{"href":"https:\/\/paliskunnat.fi\/bo\/wp-json\/wp\/v2\/types\/page"}],"author":[{"embeddable":true,"href":"https:\/\/paliskunnat.fi\/bo\/wp-json\/wp\/v2\/users\/1"}],"replies":[{"embeddable":true,"href":"https:\/\/paliskunnat.fi\/bo\/wp-json\/wp\/v2\/comments?post=1124"}],"version-history":[{"count":17,"href":"https:\/\/paliskunnat.fi\/bo\/wp-json\/wp\/v2\/pages\/1124\/revisions"}],"predecessor-version":[{"id":5833,"href":"https:\/\/paliskunnat.fi\/bo\/wp-json\/wp\/v2\/pages\/1124\/revisions\/5833"}],"up":[{"embeddable":true,"href":"https:\/\/paliskunnat.fi\/bo\/wp-json\/wp\/v2\/pages\/179"}],"wp:attachment":[{"href":"https:\/\/paliskunnat.fi\/bo\/wp-json\/wp\/v2\/media?parent=1124"}],"curies":[{"name":"wp","href":"https:\/\/api.w.org\/{rel}","templated":true}]}}