{"id":1147,"date":"2014-11-18T18:42:44","date_gmt":"2014-11-18T16:42:44","guid":{"rendered":"http:\/\/80.69.171.23\/py\/?page_id=1147"},"modified":"2025-03-18T09:09:04","modified_gmt":"2025-03-18T07:09:04","slug":"arkiivvat","status":"publish","type":"page","link":"https:\/\/paliskunnat.fi\/bo\/boazodiedut\/arkiivvat\/","title":{"rendered":"Arkiivvat"},"content":{"rendered":"<h2>Arkiivvat<\/h2>\n<p>B\u00e1lgosiid ovttastusa arkiivvat gitta 1980-logus g\u00e1vdnojit ovttastusa ie\u017eas arkiivasajiin Roavvenj\u00e1rggas.<\/p>\n<p>Oulu eanagoddearkiivvas g\u00e1vdnojit ovttastusa boarr\u00e1sut materi\u00e1lat gitta 1990-logus.<\/p>\n<p>Arkiverejuvvon \u00e1\u0161\u0161egirjjit sisttisdollet earret ear\u00e1 b\u00e1lgosiid doaibmanmuitalusaid, boazologahallamiid, B\u00e1lgosiid ovttastusa h\u00e1lddahusa ja ovddasteaddji\u010doahkkimiid beavdegirjjiid sihke boazomearkkaid g\u00e1vpegirjjiid.<\/p>\n<p><a href=\"https:\/\/paliskunnat.fi\/bo\/wp-content\/uploads\/2014\/11\/poromies-lehdet.jpg\" rel=\"lightbox[1147]\"><img loading=\"lazy\" decoding=\"async\" class=\"alignnone wp-image-3744\" src=\"https:\/\/paliskunnat.fi\/bo\/wp-content\/uploads\/2014\/11\/poromies-lehdet.jpg\" alt=\"Badjeolmmo\u0161-bl\u00e1\u0111i jahkegearddit\" width=\"460\" height=\"281\" srcset=\"https:\/\/paliskunnat.fi\/bo\/wp-content\/uploads\/2014\/11\/poromies-lehdet.jpg 1000w, https:\/\/paliskunnat.fi\/bo\/wp-content\/uploads\/2014\/11\/poromies-lehdet-300x183.jpg 300w\" sizes=\"auto, (max-width: 460px) 100vw, 460px\" \/><\/a><\/p>\n<p>B\u00e1lgosiid ovttastusas lea maid arkiverejuvvon boares Badjeolmmo\u0161-bl\u00e1\u0111i jahkegearddit, maidda s\u00e1htt\u00e1 oahp\u00e1snuvvat B\u00e1lgosiid ovttastusas. Boares Badjeolmmo\u0161-bl\u00e1\u0111i jahkegerddiid eai luoikkahuvvo d\u00e1lu olggobeall\u00e1i.<\/p>\n<p>Lassedie\u0111ut B\u00e1lgosiid ovttastusa arkiivvas:<\/p>\n<p>Telefovdna +358 16\u00a0331 6000<\/p>\n<p>&nbsp;<\/p>\n<p>&nbsp;<\/p>\n","protected":false},"excerpt":{"rendered":"<p>Arkiivvat B\u00e1lgosiid ovttastusa arkiivvat gitta 1980-logus g\u00e1vdnojit ovttastusa ie\u017eas arkiivasajiin Roavvenj\u00e1rggas. Oulu eanagoddearkiivvas g\u00e1vdnojit ovttastusa boarr\u00e1sut materi\u00e1lat gitta 1990-logus. Arkiverejuvvon \u00e1\u0161\u0161egirjjit sisttisdollet earret ear\u00e1 b\u00e1lgosiid doaibmanmuitalusaid, boazologahallamiid, B\u00e1lgosiid ovttastusa h\u00e1lddahusa ja ovddasteaddji\u010doahkkimiid beavdegirjjiid sihke boazomearkkaid g\u00e1vpegirjjiid. B\u00e1lgosiid ovttastusas lea maid arkiverejuvvon boares Badjeolmmo\u0161-bl\u00e1\u0111i jahkegearddit, maidda s\u00e1htt\u00e1 oahp\u00e1snuvvat B\u00e1lgosiid ovttastusas. Boares Badjeolmmo\u0161-bl\u00e1\u0111i jahkegerddiid eai luoikkahuvvo d\u00e1lu [&hellip;]<\/p>\n","protected":false},"author":1,"featured_media":0,"parent":179,"menu_order":3,"comment_status":"open","ping_status":"closed","template":"","meta":{"footnotes":""},"class_list":["post-1147","page","type-page","status-publish","hentry"],"_links":{"self":[{"href":"https:\/\/paliskunnat.fi\/bo\/wp-json\/wp\/v2\/pages\/1147","targetHints":{"allow":["GET"]}}],"collection":[{"href":"https:\/\/paliskunnat.fi\/bo\/wp-json\/wp\/v2\/pages"}],"about":[{"href":"https:\/\/paliskunnat.fi\/bo\/wp-json\/wp\/v2\/types\/page"}],"author":[{"embeddable":true,"href":"https:\/\/paliskunnat.fi\/bo\/wp-json\/wp\/v2\/users\/1"}],"replies":[{"embeddable":true,"href":"https:\/\/paliskunnat.fi\/bo\/wp-json\/wp\/v2\/comments?post=1147"}],"version-history":[{"count":11,"href":"https:\/\/paliskunnat.fi\/bo\/wp-json\/wp\/v2\/pages\/1147\/revisions"}],"predecessor-version":[{"id":6179,"href":"https:\/\/paliskunnat.fi\/bo\/wp-json\/wp\/v2\/pages\/1147\/revisions\/6179"}],"up":[{"embeddable":true,"href":"https:\/\/paliskunnat.fi\/bo\/wp-json\/wp\/v2\/pages\/179"}],"wp:attachment":[{"href":"https:\/\/paliskunnat.fi\/bo\/wp-json\/wp\/v2\/media?parent=1147"}],"curies":[{"name":"wp","href":"https:\/\/api.w.org\/{rel}","templated":true}]}}