{"id":1149,"date":"2014-11-18T18:56:16","date_gmt":"2014-11-18T16:56:16","guid":{"rendered":"http:\/\/80.69.171.23\/py\/?page_id=1149"},"modified":"2019-04-07T15:54:13","modified_gmt":"2019-04-07T12:54:13","slug":"lahkaasaheapmi","status":"publish","type":"page","link":"https:\/\/paliskunnat.fi\/bo\/boazodiedut\/lahkaasaheapmi\/","title":{"rendered":"L\u00e1hka\u00e1saheapmi"},"content":{"rendered":"<h2 style=\"text-align: left;\">L\u00e1hka\u00e1saheapmi ja r\u00e1vvagat<\/h2>\n<p>Guovdd\u00e1\u0161 l\u00e1hka\u00e1saheapmi ja r\u00e1vvagat suomagillii.<\/p>\n<p>Osa lains\u00e4\u00e4d\u00e4nn\u00f6st\u00e4 on saatavilla vain suomeksi, joten n\u00e4iden sivujen s\u00e4\u00e4d\u00f6slinkit ovat p\u00e4\u00e4osin suomeksi (<a href=\"http:\/\/www.finlex.fi\/fi\/laki\/saame\/\">saamenkieliset s\u00e4\u00e4d\u00f6kset<\/a>).<\/p>\n<p style=\"text-align: left;\">Poronhoitolaki\u00a0<a href=\"http:\/\/www.finlex.fi\/fi\/laki\/ajantasa\/1990\/19900848\">(848\/1990)<\/a><\/p>\n<p style=\"text-align: left;\">Poronhoitoasetus\u00a0<a href=\"http:\/\/www.finlex.fi\/fi\/laki\/ajantasa\/1990\/19900883\">(883\/1990)<\/a><\/p>\n<p style=\"text-align: left;\">Laki porotalouden ja luontaiselinkeinojen rakennetuista\u00a0<a href=\"http:\/\/www.finlex.fi\/fi\/laki\/ajantasa\/2011\/20110986\">(896\/2011)<\/a>\u00a0(POLURA). T\u00e4h\u00e4n liittyv\u00e4t asetukset niiden valmistuttua.<\/p>\n<p style=\"text-align: left;\">Laki poronhoitajien sijaisavusta (<a href=\"http:\/\/www.finlex.fi\/fi\/laki\/alkup\/2014\/20141238\">1238\/2014<\/a>)<\/p>\n<p>MMM asetus merkkipiireist\u00e4 ja suurimmista sallituista porom\u00e4\u00e4rist\u00e4 (<a href=\"http:\/\/www.finlex.fi\/fi\/laki\/alkup\/2010\/20100450\">857\/2014<\/a>)<\/p>\n<p>Laki porotaloutta kohdanneiden vahinkojen korvaamisesta\u00a026.8.2011\/987 (tilanne: laki ei ole voimassa 5\/2015).<\/p>\n<p>&nbsp;<\/p>\n<p>&nbsp;<\/p>\n","protected":false},"excerpt":{"rendered":"<p>L\u00e1hka\u00e1saheapmi ja r\u00e1vvagat Guovdd\u00e1\u0161 l\u00e1hka\u00e1saheapmi ja r\u00e1vvagat suomagillii. Osa lains\u00e4\u00e4d\u00e4nn\u00f6st\u00e4 on saatavilla vain suomeksi, joten n\u00e4iden sivujen s\u00e4\u00e4d\u00f6slinkit ovat p\u00e4\u00e4osin suomeksi (saamenkieliset s\u00e4\u00e4d\u00f6kset). Poronhoitolaki\u00a0(848\/1990) Poronhoitoasetus\u00a0(883\/1990) Laki porotalouden ja luontaiselinkeinojen rakennetuista\u00a0(896\/2011)\u00a0(POLURA). T\u00e4h\u00e4n liittyv\u00e4t asetukset niiden valmistuttua. Laki poronhoitajien sijaisavusta (1238\/2014) MMM asetus merkkipiireist\u00e4 ja suurimmista sallituista porom\u00e4\u00e4rist\u00e4 (857\/2014) Laki porotaloutta kohdanneiden vahinkojen korvaamisesta\u00a026.8.2011\/987 (tilanne: laki ei [&hellip;]<\/p>\n","protected":false},"author":1,"featured_media":0,"parent":179,"menu_order":4,"comment_status":"open","ping_status":"closed","template":"","meta":{"footnotes":""},"class_list":["post-1149","page","type-page","status-publish","hentry"],"_links":{"self":[{"href":"https:\/\/paliskunnat.fi\/bo\/wp-json\/wp\/v2\/pages\/1149","targetHints":{"allow":["GET"]}}],"collection":[{"href":"https:\/\/paliskunnat.fi\/bo\/wp-json\/wp\/v2\/pages"}],"about":[{"href":"https:\/\/paliskunnat.fi\/bo\/wp-json\/wp\/v2\/types\/page"}],"author":[{"embeddable":true,"href":"https:\/\/paliskunnat.fi\/bo\/wp-json\/wp\/v2\/users\/1"}],"replies":[{"embeddable":true,"href":"https:\/\/paliskunnat.fi\/bo\/wp-json\/wp\/v2\/comments?post=1149"}],"version-history":[{"count":10,"href":"https:\/\/paliskunnat.fi\/bo\/wp-json\/wp\/v2\/pages\/1149\/revisions"}],"predecessor-version":[{"id":5483,"href":"https:\/\/paliskunnat.fi\/bo\/wp-json\/wp\/v2\/pages\/1149\/revisions\/5483"}],"up":[{"embeddable":true,"href":"https:\/\/paliskunnat.fi\/bo\/wp-json\/wp\/v2\/pages\/179"}],"wp:attachment":[{"href":"https:\/\/paliskunnat.fi\/bo\/wp-json\/wp\/v2\/media?parent=1149"}],"curies":[{"name":"wp","href":"https:\/\/api.w.org\/{rel}","templated":true}]}}