{"id":1266,"date":"2014-11-20T14:01:10","date_gmt":"2014-11-20T12:01:10","guid":{"rendered":"http:\/\/80.69.171.23\/py\/?page_id=1266"},"modified":"2025-08-11T12:38:02","modified_gmt":"2025-08-11T09:38:02","slug":"baisduottar","status":"publish","type":"page","link":"https:\/\/paliskunnat.fi\/bo\/balgosat\/balgosiid-diedut\/baisduottar\/","title":{"rendered":"1 B\u00e1i\u0161duottar"},"content":{"rendered":"<h2>1 B\u00e1i\u0161duottar<\/h2>\n<p>Boazoisit: Valle Hannu<br \/>\nTelefovdna: +358 40 843 2749<br \/>\n\u0160lea\u0111gapoasta: &#112;&#x61;&#105;&#x73;t&#x75;n&#116;&#x75;&#114;&#x69;&#49;&#x40;g&#x6d;a&#105;&#x6c;&#46;&#x63;o&#x6d;<\/p>\n<p><a href=\"https:\/\/paliskunnat.fi\/bo\/wp-content\/uploads\/2014\/11\/1_paistunturi.png\" rel=\"lightbox[1266]\"><img loading=\"lazy\" decoding=\"async\" class=\"alignnone wp-image-1270\" src=\"https:\/\/paliskunnat.fi\/bo\/wp-content\/uploads\/2014\/11\/1_paistunturi.png\" alt=\"1 B\u00e1i\u0161duoddara b\u00e1lggus\" width=\"300\" height=\"387\" srcset=\"https:\/\/paliskunnat.fi\/bo\/wp-content\/uploads\/2014\/11\/1_paistunturi.png 776w, https:\/\/paliskunnat.fi\/bo\/wp-content\/uploads\/2014\/11\/1_paistunturi-233x300.png 233w\" sizes=\"auto, (max-width: 300px) 100vw, 300px\" \/><\/a><\/p>\n<table style=\"height: 122px;\" width=\"450\">\n<tbody>\n<tr>\n<td>Ruovttogielda:<\/td>\n<td>Ohcejohka<\/td>\n<\/tr>\n<tr>\n<td>Viidodat:<\/td>\n<td>2 976,9 km<sup>2<\/sup><\/td>\n<\/tr>\n<tr>\n<td>Stuor\u00e1mus lob\u00e1la\u0161 ealliboazomeari:<\/td>\n<td>6\u00a0300<\/td>\n<\/tr>\n<tr>\n<td>Boazoeaigg\u00e1dat:<\/td>\n<td>87<\/td>\n<\/tr>\n<\/tbody>\n<\/table>\n<p>B\u00e1i\u0161duoddara b\u00e1lggus gull\u00e1 Ohcejoga mearkabirii. B\u00e1lggus lea Ohcejoga gielddas, erenoam\u00e1\u017eit boazodollui d\u00e1rkkuhuvvon guovllus ja lassin s\u00e1pmela\u010d\u010daid ruovttuguovllus.<\/p>\n<p>B\u00e1lggus r\u00e1dja\u0161uvv\u00e1 nuortin G\u00e1lddoaivvi, m\u00e1ttanuortin Mutto\u0161j\u00e1vrri ja m\u00e1ddin Muotkeduoddara b\u00e1lgosiidda. Oarjin ja davvin b\u00e1lgosa r\u00e1dje Deatnu ja Norgga v\u00e1ldegodder\u00e1dji.<\/p>\n<p>B\u00e1lgosa eatnamiin 94,1 % leat st\u00e1htaeatnamat ja 5,9 % priv\u00e1htaeatnamat. Guovllus eai jur leat guossamuorat eaige ekonomala\u0161meahcit. Duovdagat leat duoddarat ja johkaleagit, main muorat leat marastat. B\u00e1lgosa eatnamiidda lea vuo\u0111\u0111uduvvon luonddusuodjalanl\u00e1ga vuo\u0111ul Geavu luonddumeahcci.<\/p>\n<p>B\u00e1i\u0161duoddara b\u00e1lgosis eai leat miessemearkumat geasset, muhto boazobargguid \u00e1lggahit golggotm\u00e1nus ragat\u00e1iggi mielde. B\u00e1lgosa \u00e1idna big\u00e1lusg\u00e1rdi lea \u00c1ilegasa big\u00e1lusg\u00e1rdi.<\/p>\n<p>Guovlu lea h\u00e1rvet \u00e1ssojuvvon ja lea ean\u00e1\u0161 Deanu leagis. Stuor\u00e1mus gilit leat G\u00e1regasnj\u00e1rga, G\u00e1masmohkki ja oassi Ohcejogas.<\/p>\n<p>&nbsp;<\/p>\n<p>&nbsp;<\/p>\n<p><!--more--><\/p>\n<h2>B\u00e1i\u0161duoddara bohccot<\/h2>\n<p>Bohccuid r\u00e1tkka\u0161it Ohcejogas B\u00e1i\u0161duoddara b\u00e1lgosis \u00c1ilegasa g\u00e1rddis buriin mielain 11\/2013 (<a href=\"https:\/\/www.youtube.com\/watch?v=8aQyCAWGLfg\">Youtube<\/a>). Olli Miettunen &#8211; Lapin Kansa<\/p>\n<p>&nbsp;<\/p>\n<p>&nbsp;<\/p>\n<p>&nbsp;<\/p>\n","protected":false},"excerpt":{"rendered":"<p>1 B\u00e1i\u0161duottar Boazoisit: Valle Hannu Telefovdna: +358 40 843 2749 \u0160lea\u0111gapoasta: pa&#105;&#115;&#x74;&#x75;&#x6e;&#x74;ur&#105;&#49;&#x40;&#x67;&#x6d;&#x61;il&#46;&#99;&#111;&#x6d; Ruovttogielda: Ohcejohka Viidodat: 2 976,9 km2 Stuor\u00e1mus lob\u00e1la\u0161 ealliboazomeari: 6\u00a0300 Boazoeaigg\u00e1dat: 87 B\u00e1i\u0161duoddara b\u00e1lggus gull\u00e1 Ohcejoga mearkabirii. B\u00e1lggus lea Ohcejoga gielddas, erenoam\u00e1\u017eit boazodollui d\u00e1rkkuhuvvon guovllus ja lassin s\u00e1pmela\u010d\u010daid ruovttuguovllus. B\u00e1lggus r\u00e1dja\u0161uvv\u00e1 nuortin G\u00e1lddoaivvi, m\u00e1ttanuortin Mutto\u0161j\u00e1vrri ja m\u00e1ddin Muotkeduoddara b\u00e1lgosiidda. Oarjin ja davvin b\u00e1lgosa [&hellip;]<\/p>\n","protected":false},"author":1,"featured_media":0,"parent":420,"menu_order":1,"comment_status":"open","ping_status":"closed","template":"paliskuntasivut.php","meta":{"footnotes":""},"class_list":["post-1266","page","type-page","status-publish","hentry"],"_links":{"self":[{"href":"https:\/\/paliskunnat.fi\/bo\/wp-json\/wp\/v2\/pages\/1266","targetHints":{"allow":["GET"]}}],"collection":[{"href":"https:\/\/paliskunnat.fi\/bo\/wp-json\/wp\/v2\/pages"}],"about":[{"href":"https:\/\/paliskunnat.fi\/bo\/wp-json\/wp\/v2\/types\/page"}],"author":[{"embeddable":true,"href":"https:\/\/paliskunnat.fi\/bo\/wp-json\/wp\/v2\/users\/1"}],"replies":[{"embeddable":true,"href":"https:\/\/paliskunnat.fi\/bo\/wp-json\/wp\/v2\/comments?post=1266"}],"version-history":[{"count":16,"href":"https:\/\/paliskunnat.fi\/bo\/wp-json\/wp\/v2\/pages\/1266\/revisions"}],"predecessor-version":[{"id":6205,"href":"https:\/\/paliskunnat.fi\/bo\/wp-json\/wp\/v2\/pages\/1266\/revisions\/6205"}],"up":[{"embeddable":true,"href":"https:\/\/paliskunnat.fi\/bo\/wp-json\/wp\/v2\/pages\/420"}],"wp:attachment":[{"href":"https:\/\/paliskunnat.fi\/bo\/wp-json\/wp\/v2\/media?parent=1266"}],"curies":[{"name":"wp","href":"https:\/\/api.w.org\/{rel}","templated":true}]}}