{"id":1279,"date":"2014-11-20T14:38:31","date_gmt":"2014-11-20T12:38:31","guid":{"rendered":"http:\/\/80.69.171.23\/py\/?page_id=1279"},"modified":"2023-06-07T13:38:33","modified_gmt":"2023-06-07T10:38:33","slug":"giehtaruohtas","status":"publish","type":"page","link":"https:\/\/paliskunnat.fi\/bo\/balgosat\/balgosiid-diedut\/giehtaruohtas\/","title":{"rendered":"12 Giehtaruohtas"},"content":{"rendered":"<h2>12 Giehtaruohtas<\/h2>\n<p>Boazoisit: Valkeap\u00e4\u00e4 Lars-Jona<br \/>\nTelefovdna: +358 40 678 1185<br \/>\n\u0160lea\u0111gapoasta: kasiva&#114;&#114;&#101;&#110;&#112;&#97;&#108;&#x69;&#x73;&#x6b;&#x75;&#x6e;&#x74;&#x61;&#x40;&#x67;&#x6d;&#x61;&#x69;l&#46;com<\/p>\n<p><a href=\"https:\/\/paliskunnat.fi\/bo\/wp-content\/uploads\/2014\/11\/12_kasivarsi.png\" rel=\"lightbox[1279]\"><img loading=\"lazy\" decoding=\"async\" class=\"alignnone wp-image-1282\" src=\"https:\/\/paliskunnat.fi\/bo\/wp-content\/uploads\/2014\/11\/12_kasivarsi.png\" alt=\"12 Giehtaruohttasa b\u00e1lggus\" width=\"300\" height=\"387\" srcset=\"https:\/\/paliskunnat.fi\/bo\/wp-content\/uploads\/2014\/11\/12_kasivarsi.png 776w, https:\/\/paliskunnat.fi\/bo\/wp-content\/uploads\/2014\/11\/12_kasivarsi-233x300.png 233w\" sizes=\"auto, (max-width: 300px) 100vw, 300px\" \/><\/a><\/p>\n<table width=\"450\">\n<tbody>\n<tr>\n<td>Ruovttugielda:<\/td>\n<td>Enonteki\u00f6<\/td>\n<\/tr>\n<tr>\n<td>Viidodat:<\/td>\n<td>4 839,7 km<sup>2<\/sup><\/td>\n<\/tr>\n<tr>\n<td>Stuor\u00e1mus lob\u00e1la\u0161 ealliboazomearri:<\/td>\n<td>10 000<\/td>\n<\/tr>\n<tr>\n<td>Boazoeaigg\u00e1dat:<\/td>\n<td>191<\/td>\n<\/tr>\n<\/tbody>\n<\/table>\n<p>Giehtaruohttasa b\u00e1lggus gull\u00e1 Eanodaga mearkabirii. B\u00e1lggus lea Eanodaga gieldda oarjedavveoasis. B\u00e1lgosa r\u00e1jiin leat oarjin Ruo\u0167a v\u00e1ldegotti r\u00e1dji ja davvin Norgga v\u00e1ldegotti r\u00e1dji. M\u00e1tta- ja nuorta bealde b\u00e1lgosa r\u00e1djer\u00e1nnj\u00e1n lea Neakkela b\u00e1lggus.<\/p>\n<p>B\u00e1lgosa eatnamiin 95,7 % leat st\u00e1htaeatnamat ja 4,3 % priv\u00e1htaeatnamat. Badjel bealli b\u00e1lgosa duovdagiin leat meahcce- ja jekkiidsuodjalaneatnamat. Gilbbesj\u00e1vrri oarjedavvi bealde lea Mall\u00e1 luonddumeahcci. Stuor\u00e1mus oassi b\u00e1lgosa duovdagiin lea geainnohis ja \u00e1satkeahtes meahcceguovllut.<\/p>\n<p>B\u00e1lgosa oaivebig\u00e1lusg\u00e1rddit leat \u00c1v\u017e\u017e\u00e1\u0161j\u00e1vri, Nj\u00e1immet, Vi\u0161\u0161\u00e1t, Gulddan ja B\u00e1loj\u00e1vri. Ear\u00e1 g\u00e1rdeb\u00e1ikkit leat S\u00e1lvvo\u0161j\u00e1vri, Jehkas ja Bih\u010dosj\u00e1vri. Nj\u00e1immeha ja Vi\u0161\u0161\u00e1ha\u00a0 gaskkas lea 15 kilomehtera guhkki njuovahatgudji.<\/p>\n<p>Guovlu lea h\u00e1rvet \u00e1ssojuvvon ja \u00e1ssan lea eana\u0161 riikkageainnu 21 ja Finnm\u00e1rku-geainnu guoras unna gil\u00e1\u017eiin. Stuor\u00e1mus \u010doahkkeb\u00e1iki lea G\u00e1rasavvona gilli.<\/p>\n<p>&nbsp;<\/p>\n<p>&nbsp;<\/p>\n<p>&nbsp;<\/p>\n<p><!--more--><\/p>\n<h2>Giehtaruohttasa b\u00e1lggus<\/h2>\n<p>Giehtaruohttasa b\u00e1lgosa <a href=\"http:\/\/www.kasivarrenpaliskunta.fi\/index.html\">WWW-siiddut<\/a><\/p>\n<h2>Geatkki guorramin<\/h2>\n<p>Giehtaruohttasa b\u00e1lgosa boazoisida Tuomas I. Paloj\u00e4rvi mielde guorramin geatkki luottaid Eanodaga B\u00e1loj\u00e1vrris (<a href=\"https:\/\/www.youtube.com\/watch?v=QyOfrgpPtjw\">Youtube<\/a>). Lapin Kansa &#8211; almmuhuvvon 3\/2013.<\/p>\n<p>&nbsp;<\/p>\n","protected":false},"excerpt":{"rendered":"<p>12 Giehtaruohtas Boazoisit: Valkeap\u00e4\u00e4 Lars-Jona Telefovdna: +358 40 678 1185 \u0160lea\u0111gapoasta: &#107;&#x61;&#x73;i&#118;&#x61;r&#114;&#x65;&#x6e;&#112;&#x61;&#x6c;i&#115;&#x6b;u&#110;&#x74;&#x61;&#64;&#x67;&#x6d;a&#105;&#x6c;&#46;&#99;&#x6f;&#x6d; Ruovttugielda: Enonteki\u00f6 Viidodat: 4 839,7 km2 Stuor\u00e1mus lob\u00e1la\u0161 ealliboazomearri: 10 000 Boazoeaigg\u00e1dat: 191 Giehtaruohttasa b\u00e1lggus gull\u00e1 Eanodaga mearkabirii. B\u00e1lggus lea Eanodaga gieldda oarjedavveoasis. B\u00e1lgosa r\u00e1jiin leat oarjin Ruo\u0167a v\u00e1ldegotti r\u00e1dji ja davvin Norgga v\u00e1ldegotti r\u00e1dji. M\u00e1tta- ja nuorta bealde b\u00e1lgosa r\u00e1djer\u00e1nnj\u00e1n lea Neakkela [&hellip;]<\/p>\n","protected":false},"author":1,"featured_media":0,"parent":420,"menu_order":12,"comment_status":"open","ping_status":"closed","template":"paliskuntasivut.php","meta":{"footnotes":""},"class_list":["post-1279","page","type-page","status-publish","hentry"],"_links":{"self":[{"href":"https:\/\/paliskunnat.fi\/bo\/wp-json\/wp\/v2\/pages\/1279","targetHints":{"allow":["GET"]}}],"collection":[{"href":"https:\/\/paliskunnat.fi\/bo\/wp-json\/wp\/v2\/pages"}],"about":[{"href":"https:\/\/paliskunnat.fi\/bo\/wp-json\/wp\/v2\/types\/page"}],"author":[{"embeddable":true,"href":"https:\/\/paliskunnat.fi\/bo\/wp-json\/wp\/v2\/users\/1"}],"replies":[{"embeddable":true,"href":"https:\/\/paliskunnat.fi\/bo\/wp-json\/wp\/v2\/comments?post=1279"}],"version-history":[{"count":14,"href":"https:\/\/paliskunnat.fi\/bo\/wp-json\/wp\/v2\/pages\/1279\/revisions"}],"predecessor-version":[{"id":6031,"href":"https:\/\/paliskunnat.fi\/bo\/wp-json\/wp\/v2\/pages\/1279\/revisions\/6031"}],"up":[{"embeddable":true,"href":"https:\/\/paliskunnat.fi\/bo\/wp-json\/wp\/v2\/pages\/420"}],"wp:attachment":[{"href":"https:\/\/paliskunnat.fi\/bo\/wp-json\/wp\/v2\/media?parent=1279"}],"curies":[{"name":"wp","href":"https:\/\/api.w.org\/{rel}","templated":true}]}}