{"id":1293,"date":"2014-11-22T19:44:48","date_gmt":"2014-11-22T17:44:48","guid":{"rendered":"http:\/\/80.69.171.23\/py\/?page_id=1293"},"modified":"2023-06-07T12:42:21","modified_gmt":"2023-06-07T09:42:21","slug":"galddoaivi","status":"publish","type":"page","link":"https:\/\/paliskunnat.fi\/bo\/balgosat\/balgosiid-diedut\/galddoaivi\/","title":{"rendered":"2 G\u00e1lddoaivi"},"content":{"rendered":"<h2>2 G\u00e1lddoaivi<\/h2>\n<p>Boazoisit: L\u00e4nsman Vesa<br \/>\nTelefovdna: +358 40 729 6176<br \/>\n\u0160lea\u0111gapoasta: &#118;&#x65;s&#x61;&#64;&#108;&#x75;&#109;&#x69;p&#111;&#x72;&#111;&#x2e;f&#x69;<\/p>\n<p><a href=\"https:\/\/paliskunnat.fi\/bo\/wp-content\/uploads\/2014\/11\/2_kaldoaivi.png\" rel=\"lightbox[1293]\"><img loading=\"lazy\" decoding=\"async\" class=\"alignnone wp-image-1294\" src=\"https:\/\/paliskunnat.fi\/bo\/wp-content\/uploads\/2014\/11\/2_kaldoaivi.png\" alt=\"2 G\u00e1lddoaivi\" width=\"300\" height=\"387\" srcset=\"https:\/\/paliskunnat.fi\/bo\/wp-content\/uploads\/2014\/11\/2_kaldoaivi.png 776w, https:\/\/paliskunnat.fi\/bo\/wp-content\/uploads\/2014\/11\/2_kaldoaivi-233x300.png 233w\" sizes=\"auto, (max-width: 300px) 100vw, 300px\" \/><\/a><\/p>\n<table style=\"height: 122px;\" width=\"450\">\n<tbody>\n<tr>\n<td>Ruovttugielda:<\/td>\n<td>Ohcejohka<\/td>\n<\/tr>\n<tr>\n<td>Viidodat:<\/td>\n<td>2 410,7 km<sup>2<\/sup><\/td>\n<\/tr>\n<tr>\n<td>Stuor\u00e1mus lob\u00e1la\u0161 ealliboazomearri:<\/td>\n<td>5 300<\/td>\n<\/tr>\n<tr>\n<td>Boazoeaigg\u00e1dat:<\/td>\n<td>78<\/td>\n<\/tr>\n<\/tbody>\n<\/table>\n<p>G\u00e1lddoaivvi b\u00e1lggus lea Suoma st\u00e1hta davimus oasis Ohcejoga gielddas. B\u00e1lgosa r\u00e1djer\u00e1nnj\u00e1 lea Norga Deanu nubbi bealde. B\u00e1lggus gull\u00e1 Ohcejoga mearkabirii. Dan r\u00e1djeb\u00e1lgosat leat nuortin Nj\u00e1vd\u00e1n, m\u00e1ttanuortin Mutto\u0161j\u00e1vri, m\u00e1ttaoarjin Muotkeduottar ja oarjin B\u00e1i\u0161duottar.<\/p>\n<p>B\u00e1lgosa eatnamiin 95,6 % leat st\u00e1htaeatnamat ja 4,4 % priv\u00e1htaeatnamat.<\/p>\n<p>B\u00e1lgosis leat Sk\u00e1llov\u00e1ri, Beazeha ja Nj\u00e1llav\u00e1ri big\u00e1lusg\u00e1rddit sihke lassin \u00c1nnev\u00e1ri \u010dohkkeng\u00e1rdi. B\u00e1lggus lea birra \u00e1idojuvvon.<\/p>\n<p>\u00c1ssan lea ean\u00e1\u0161 b\u00e1lgosa ravdaguovlluin: Njuorgg\u00e1mis, Ohcejogas, Deanuleagis sihke Ohcejogaleagis.<\/p>\n<p>&nbsp;<\/p>\n","protected":false},"excerpt":{"rendered":"<p>2 G\u00e1lddoaivi Boazoisit: L\u00e4nsman Vesa Telefovdna: +358 40 729 6176 \u0160lea\u0111gapoasta: &#x76;&#x65;&#x73;&#97;&#64;lu&#x6d;&#x69;&#x70;&#x6f;&#114;&#111;&#46;f&#x69; Ruovttugielda: Ohcejohka Viidodat: 2 410,7 km2 Stuor\u00e1mus lob\u00e1la\u0161 ealliboazomearri: 5 300 Boazoeaigg\u00e1dat: 78 G\u00e1lddoaivvi b\u00e1lggus lea Suoma st\u00e1hta davimus oasis Ohcejoga gielddas. B\u00e1lgosa r\u00e1djer\u00e1nnj\u00e1 lea Norga Deanu nubbi bealde. B\u00e1lggus gull\u00e1 Ohcejoga mearkabirii. Dan r\u00e1djeb\u00e1lgosat leat nuortin Nj\u00e1vd\u00e1n, m\u00e1ttanuortin Mutto\u0161j\u00e1vri, m\u00e1ttaoarjin Muotkeduottar ja [&hellip;]<\/p>\n","protected":false},"author":1,"featured_media":0,"parent":420,"menu_order":2,"comment_status":"open","ping_status":"closed","template":"paliskuntasivut.php","meta":{"footnotes":""},"class_list":["post-1293","page","type-page","status-publish","hentry"],"_links":{"self":[{"href":"https:\/\/paliskunnat.fi\/bo\/wp-json\/wp\/v2\/pages\/1293","targetHints":{"allow":["GET"]}}],"collection":[{"href":"https:\/\/paliskunnat.fi\/bo\/wp-json\/wp\/v2\/pages"}],"about":[{"href":"https:\/\/paliskunnat.fi\/bo\/wp-json\/wp\/v2\/types\/page"}],"author":[{"embeddable":true,"href":"https:\/\/paliskunnat.fi\/bo\/wp-json\/wp\/v2\/users\/1"}],"replies":[{"embeddable":true,"href":"https:\/\/paliskunnat.fi\/bo\/wp-json\/wp\/v2\/comments?post=1293"}],"version-history":[{"count":11,"href":"https:\/\/paliskunnat.fi\/bo\/wp-json\/wp\/v2\/pages\/1293\/revisions"}],"predecessor-version":[{"id":5976,"href":"https:\/\/paliskunnat.fi\/bo\/wp-json\/wp\/v2\/pages\/1293\/revisions\/5976"}],"up":[{"embeddable":true,"href":"https:\/\/paliskunnat.fi\/bo\/wp-json\/wp\/v2\/pages\/420"}],"wp:attachment":[{"href":"https:\/\/paliskunnat.fi\/bo\/wp-json\/wp\/v2\/media?parent=1293"}],"curies":[{"name":"wp","href":"https:\/\/api.w.org\/{rel}","templated":true}]}}