{"id":1296,"date":"2014-11-22T19:53:03","date_gmt":"2014-11-22T17:53:03","guid":{"rendered":"http:\/\/80.69.171.23\/py\/?page_id=1296"},"modified":"2023-06-07T12:43:02","modified_gmt":"2023-06-07T09:43:02","slug":"njavdan","status":"publish","type":"page","link":"https:\/\/paliskunnat.fi\/bo\/balgosat\/balgosiid-diedut\/njavdan\/","title":{"rendered":"3 Nj\u00e1vd\u00e1n"},"content":{"rendered":"<h2>3 Nj\u00e1vd\u00e1n<\/h2>\n<p>Boazoisit: Feodoroff Wille<br \/>\nTelefovdna: +358 40 502 4887<br \/>\n\u0160lea\u0111gapoasta: &#x77;&#102;&#101;o&#x64;&#x6f;&#114;o&#x66;&#x66;&#64;gm&#x61;&#105;&#108;&#46;&#x63;&#x6f;&#109;<\/p>\n<p><a href=\"https:\/\/paliskunnat.fi\/bo\/wp-content\/uploads\/2014\/11\/3_naatamo.png\" rel=\"lightbox[1296]\"><img loading=\"lazy\" decoding=\"async\" class=\"alignnone wp-image-1297\" src=\"https:\/\/paliskunnat.fi\/bo\/wp-content\/uploads\/2014\/11\/3_naatamo.png\" alt=\"3 Nj\u00e1vd\u00e1n\" width=\"300\" height=\"387\" srcset=\"https:\/\/paliskunnat.fi\/bo\/wp-content\/uploads\/2014\/11\/3_naatamo.png 776w, https:\/\/paliskunnat.fi\/bo\/wp-content\/uploads\/2014\/11\/3_naatamo-233x300.png 233w\" sizes=\"auto, (max-width: 300px) 100vw, 300px\" \/><\/a><\/p>\n<table style=\"height: 122px;\" width=\"450\">\n<tbody>\n<tr>\n<td>Ruovttugielda:<\/td>\n<td>An\u00e1r<\/td>\n<\/tr>\n<tr>\n<td>Viidodat:<\/td>\n<td>1 278,8 km<sup>2<\/sup><\/td>\n<\/tr>\n<tr>\n<td>Stuor\u00e1mus lob\u00e1la\u0161 ealliboazomearri:<\/td>\n<td>3 600<\/td>\n<\/tr>\n<tr>\n<td>Boazoeaigg\u00e1dat:<\/td>\n<td>28<\/td>\n<\/tr>\n<\/tbody>\n<\/table>\n<p>Nj\u00e1vd\u00e1ma b\u00e1lggus gull\u00e1 An\u00e1ra mearkabirii. B\u00e1lggus lea An\u00e1ra gieldda davveoasis.<\/p>\n<p>B\u00e1lggus r\u00e1dja\u0161uvv\u00e1 davvin Norgga st\u00e1hta r\u00e1dj\u00e1i, nuortin V\u00e1h\u010dira, m\u00e1ddin Mutto\u0161j\u00e1vrri ja oarjin G\u00e1lddoaivvi b\u00e1lgosiidda.<\/p>\n<p>B\u00e1lgosa eatnamiin 98,2 % leat st\u00e1htaeatnamat ja 1,8 % priv\u00e1htaeatnamat.<\/p>\n<p>&nbsp;<\/p>\n","protected":false},"excerpt":{"rendered":"<p>3 Nj\u00e1vd\u00e1n Boazoisit: Feodoroff Wille Telefovdna: +358 40 502 4887 \u0160lea\u0111gapoasta: &#119;f&#x65;o&#x64;o&#x72;o&#x66;f&#x40;g&#x6d;&#97;&#x69;&#108;&#x2e;&#99;&#x6f;&#109; Ruovttugielda: An\u00e1r Viidodat: 1 278,8 km2 Stuor\u00e1mus lob\u00e1la\u0161 ealliboazomearri: 3 600 Boazoeaigg\u00e1dat: 28 Nj\u00e1vd\u00e1ma b\u00e1lggus gull\u00e1 An\u00e1ra mearkabirii. B\u00e1lggus lea An\u00e1ra gieldda davveoasis. B\u00e1lggus r\u00e1dja\u0161uvv\u00e1 davvin Norgga st\u00e1hta r\u00e1dj\u00e1i, nuortin V\u00e1h\u010dira, m\u00e1ddin Mutto\u0161j\u00e1vrri ja oarjin G\u00e1lddoaivvi b\u00e1lgosiidda. B\u00e1lgosa eatnamiin 98,2 % leat st\u00e1htaeatnamat [&hellip;]<\/p>\n","protected":false},"author":1,"featured_media":0,"parent":420,"menu_order":3,"comment_status":"open","ping_status":"closed","template":"paliskuntasivut.php","meta":{"footnotes":""},"class_list":["post-1296","page","type-page","status-publish","hentry"],"_links":{"self":[{"href":"https:\/\/paliskunnat.fi\/bo\/wp-json\/wp\/v2\/pages\/1296","targetHints":{"allow":["GET"]}}],"collection":[{"href":"https:\/\/paliskunnat.fi\/bo\/wp-json\/wp\/v2\/pages"}],"about":[{"href":"https:\/\/paliskunnat.fi\/bo\/wp-json\/wp\/v2\/types\/page"}],"author":[{"embeddable":true,"href":"https:\/\/paliskunnat.fi\/bo\/wp-json\/wp\/v2\/users\/1"}],"replies":[{"embeddable":true,"href":"https:\/\/paliskunnat.fi\/bo\/wp-json\/wp\/v2\/comments?post=1296"}],"version-history":[{"count":11,"href":"https:\/\/paliskunnat.fi\/bo\/wp-json\/wp\/v2\/pages\/1296\/revisions"}],"predecessor-version":[{"id":5977,"href":"https:\/\/paliskunnat.fi\/bo\/wp-json\/wp\/v2\/pages\/1296\/revisions\/5977"}],"up":[{"embeddable":true,"href":"https:\/\/paliskunnat.fi\/bo\/wp-json\/wp\/v2\/pages\/420"}],"wp:attachment":[{"href":"https:\/\/paliskunnat.fi\/bo\/wp-json\/wp\/v2\/media?parent=1296"}],"curies":[{"name":"wp","href":"https:\/\/api.w.org\/{rel}","templated":true}]}}