{"id":1304,"date":"2014-11-22T20:06:02","date_gmt":"2014-11-22T18:06:02","guid":{"rendered":"http:\/\/80.69.171.23\/py\/?page_id=1304"},"modified":"2023-06-07T12:43:49","modified_gmt":"2023-06-07T09:43:49","slug":"muttosjavri","status":"publish","type":"page","link":"https:\/\/paliskunnat.fi\/bo\/balgosat\/balgosiid-diedut\/muttosjavri\/","title":{"rendered":"4 Mutto\u0161j\u00e1vri"},"content":{"rendered":"<h2>4 Mutto\u0161j\u00e1vri<\/h2>\n<p>Boazoisit: Seuruj\u00e4rvi Osmo<br \/>\nTelefovdna: +358 40 352 4151<br \/>\n\u0160lea\u0111gapoasta: &#115;&#x65;&#117;&#x72;&#117;&#x6a;&#97;&#x72;&#118;&#x69;&#111;&#x73;m&#x6f;&#64;&#x67;m&#x61;i&#x6c;&#46;&#x63;o&#109;<\/p>\n<p><a href=\"https:\/\/paliskunnat.fi\/bo\/wp-content\/uploads\/2014\/11\/4_muddusjarvi1.png\" rel=\"lightbox[1304]\"><img loading=\"lazy\" decoding=\"async\" class=\"alignnone wp-image-1306\" src=\"https:\/\/paliskunnat.fi\/bo\/wp-content\/uploads\/2014\/11\/4_muddusjarvi1.png\" alt=\"4 Mutto\u0161j\u00e1vri\" width=\"300\" height=\"387\" srcset=\"https:\/\/paliskunnat.fi\/bo\/wp-content\/uploads\/2014\/11\/4_muddusjarvi1.png 776w, https:\/\/paliskunnat.fi\/bo\/wp-content\/uploads\/2014\/11\/4_muddusjarvi1-233x300.png 233w\" sizes=\"auto, (max-width: 300px) 100vw, 300px\" \/><\/a><\/p>\n<table style=\"height: 122px;\" width=\"450\">\n<tbody>\n<tr>\n<td>Ruovttugielda:<\/td>\n<td>An\u00e1r<\/td>\n<\/tr>\n<tr>\n<td>Viidodat:<\/td>\n<td>2 874,5 km<sup>2<\/sup><\/td>\n<\/tr>\n<tr>\n<td>Stuor\u00e1mus lob\u00e1la\u0161 ealliboazomearri:<\/td>\n<td>5 200<\/td>\n<\/tr>\n<tr>\n<td>Boazoeaigg\u00e1dat:<\/td>\n<td>67<\/td>\n<\/tr>\n<\/tbody>\n<\/table>\n<p>Mutto\u0161j\u00e1vrri b\u00e1lggus lea An\u00e1ra gielddas. B\u00e1lggus gull\u00e1 An\u00e1ra mearkabirii. B\u00e1lggus r\u00e1dja\u0161uvv\u00e1 davvin G\u00e1lddoaivvi, nuortadavvin Nj\u00e1vd\u00e1ma, nuortam\u00e1ddin B\u00e1h\u010daveaijoga, m\u00e1ddin B\u00e1tneduoddara, oarjedavvin B\u00e1i\u0161duoddara ja oarjin Muotkeduoddara b\u00e1lgosiidda.<\/p>\n<p>B\u00e1lgosa eatnamiin 84,6 % leat st\u00e1htaeatnamat ja 15,4 % priv\u00e1htaeatnamat. Ear\u00e1 eatnama eaigg\u00e1dat leat Ohcejoga vuo\u0111\u0111od\u00e1luid ja boazod\u00e1luid oktasa\u0161meahcci ja priv\u00e1hta oamasteaddjit. B\u00e1lgosa doaimmaide v\u00e1ikkuhit V\u00e1ijoga &#8211; S\u00e1metjeakki, Piera-Mari jeakki ja H\u00e1lstanjeakki jekkiidsuodjalanguovllut.<\/p>\n<p>B\u00e1lgosa oaivebig\u00e1lusg\u00e1rdi lea \u010civttajohka. Miessemearkung\u00e1rddiid eai leat geavahan jagi 1994 ma\u014b\u014b\u00e1. \u00c1ldduid guottehit ie\u017easet g\u00e1rddiin.<\/p>\n<p>Guovllus eai \u00e1sa nu ollu ja ean\u00e1\u0161 \u00e1sset b\u00e1lgosa m\u00e1ttageah\u010den. Oaiveoassi b\u00e1lgosa osola\u010d\u010dain \u00e1sset An\u00e1ra girkosiiddas dahje bie\u0111ggo\u00e1ssanguovllus. M\u00e1inna\u0161anveara gilit leat Rivdol, G\u00e1mas, F\u00e1vli ja B\u00e1rttet.<\/p>\n<p>&nbsp;<\/p>\n<p>&nbsp;<\/p>\n","protected":false},"excerpt":{"rendered":"<p>4 Mutto\u0161j\u00e1vri Boazoisit: Seuruj\u00e4rvi Osmo Telefovdna: +358 40 352 4151 \u0160lea\u0111gapoasta: &#x73;e&#x75;&#114;&#x75;&#106;&#x61;&#x72;v&#x69;&#111;&#x73;&#109;&#x6f;&#64;g&#x6d;&#97;&#x69;&#108;&#x2e;&#99;o&#x6d; Ruovttugielda: An\u00e1r Viidodat: 2 874,5 km2 Stuor\u00e1mus lob\u00e1la\u0161 ealliboazomearri: 5 200 Boazoeaigg\u00e1dat: 67 Mutto\u0161j\u00e1vrri b\u00e1lggus lea An\u00e1ra gielddas. B\u00e1lggus gull\u00e1 An\u00e1ra mearkabirii. B\u00e1lggus r\u00e1dja\u0161uvv\u00e1 davvin G\u00e1lddoaivvi, nuortadavvin Nj\u00e1vd\u00e1ma, nuortam\u00e1ddin B\u00e1h\u010daveaijoga, m\u00e1ddin B\u00e1tneduoddara, oarjedavvin B\u00e1i\u0161duoddara ja oarjin Muotkeduoddara b\u00e1lgosiidda. B\u00e1lgosa eatnamiin 84,6 % leat [&hellip;]<\/p>\n","protected":false},"author":1,"featured_media":0,"parent":420,"menu_order":4,"comment_status":"open","ping_status":"closed","template":"paliskuntasivut.php","meta":{"footnotes":""},"class_list":["post-1304","page","type-page","status-publish","hentry"],"_links":{"self":[{"href":"https:\/\/paliskunnat.fi\/bo\/wp-json\/wp\/v2\/pages\/1304","targetHints":{"allow":["GET"]}}],"collection":[{"href":"https:\/\/paliskunnat.fi\/bo\/wp-json\/wp\/v2\/pages"}],"about":[{"href":"https:\/\/paliskunnat.fi\/bo\/wp-json\/wp\/v2\/types\/page"}],"author":[{"embeddable":true,"href":"https:\/\/paliskunnat.fi\/bo\/wp-json\/wp\/v2\/users\/1"}],"replies":[{"embeddable":true,"href":"https:\/\/paliskunnat.fi\/bo\/wp-json\/wp\/v2\/comments?post=1304"}],"version-history":[{"count":9,"href":"https:\/\/paliskunnat.fi\/bo\/wp-json\/wp\/v2\/pages\/1304\/revisions"}],"predecessor-version":[{"id":5978,"href":"https:\/\/paliskunnat.fi\/bo\/wp-json\/wp\/v2\/pages\/1304\/revisions\/5978"}],"up":[{"embeddable":true,"href":"https:\/\/paliskunnat.fi\/bo\/wp-json\/wp\/v2\/pages\/420"}],"wp:attachment":[{"href":"https:\/\/paliskunnat.fi\/bo\/wp-json\/wp\/v2\/media?parent=1304"}],"curies":[{"name":"wp","href":"https:\/\/api.w.org\/{rel}","templated":true}]}}