{"id":1312,"date":"2014-11-22T20:17:49","date_gmt":"2014-11-22T18:17:49","guid":{"rendered":"http:\/\/80.69.171.23\/py\/?page_id=1312"},"modified":"2025-11-11T06:35:15","modified_gmt":"2025-11-11T04:35:15","slug":"vahcir","status":"publish","type":"page","link":"https:\/\/paliskunnat.fi\/bo\/balgosat\/balgosiid-diedut\/vahcir\/","title":{"rendered":"5 V\u00e1h\u010dir"},"content":{"rendered":"<h2>5 V\u00e1h\u010dir<\/h2>\n<p>Boazoisit: Semenoff Tuomas<br \/>\nTelefovdna: +358 45 113 8326<br \/>\n\u0160lea\u0111gapoasta: &#x74;&#x75;&#111;m&#x61;&#x73;&#46;&#115;e&#x6d;&#x65;&#110;&#111;f&#x66;&#x40;&#103;ma&#x69;&#x6c;&#46;c&#x6f;&#x6d;<\/p>\n<p><a href=\"https:\/\/paliskunnat.fi\/bo\/wp-content\/uploads\/2014\/11\/5_vatsari.png\" rel=\"lightbox[1312]\"><img loading=\"lazy\" decoding=\"async\" class=\"alignnone wp-image-1313\" src=\"https:\/\/paliskunnat.fi\/bo\/wp-content\/uploads\/2014\/11\/5_vatsari.png\" alt=\"5 V\u00e1h\u010dir\" width=\"300\" height=\"387\" srcset=\"https:\/\/paliskunnat.fi\/bo\/wp-content\/uploads\/2014\/11\/5_vatsari.png 776w, https:\/\/paliskunnat.fi\/bo\/wp-content\/uploads\/2014\/11\/5_vatsari-233x300.png 233w\" sizes=\"auto, (max-width: 300px) 100vw, 300px\" \/><\/a><\/p>\n<table width=\"450\">\n<tbody>\n<tr>\n<td>Ruovttugielda:<\/td>\n<td>An\u00e1r<\/td>\n<\/tr>\n<tr>\n<td>Viidodat:<\/td>\n<td>1 176,1 km<sup>2<\/sup><\/td>\n<\/tr>\n<tr>\n<td>Stuor\u00e1mus lob\u00e1la\u0161 ealliboazomearri:<\/td>\n<td>3 000<\/td>\n<\/tr>\n<tr>\n<td>Boazoeaigg\u00e1dat:<\/td>\n<td>30<\/td>\n<\/tr>\n<\/tbody>\n<\/table>\n<p>V\u00e1h\u010dira b\u00e1lggus gull\u00e1 An\u00e1ra mearkabirii. B\u00e1lggus lea An\u00e1ra gieldda nuortadavveoasis.<\/p>\n<p>B\u00e1lggus r\u00e1dja\u0161uvv\u00e1 davvi- ja nuortaoasis Norgga r\u00e1dj\u00e1i, m\u00e1ddin B\u00e1h\u010daveaijoga, oarjelullin Mutto\u0161j\u00e1vrri ja oarjin Nj\u00e1vd\u00e1ma b\u00e1lgosiidda.<\/p>\n<p>B\u00e1lgosa eatnamiin 99,6 % leat st\u00e1htaeatnamat ja 0,4 % priv\u00e1htaeatnamat.<\/p>\n<p>&nbsp;<\/p>\n<p>&nbsp;<\/p>\n<p><!--more--><\/p>\n<h2>V\u00e1h\u010dira meahci dik\u0161un- ja geavahanpl\u00e1na<\/h2>\n<p>Meahcir\u00e1\u0111\u0111ehusa (<a href=\"http:\/\/julkaisut.metsa.fi\/julkaisut\/show\/1052\">2008<\/a>) dik\u0161un- ja geavahanpl\u00e1nas V\u00e1h\u010dira ja B\u00e1h\u010daveaijoga b\u00e1lgosiid boazodoallooahp\u00e1snuhttin.<\/p>\n<h2>V\u00e1h\u010dira b\u00e1lgosa arkiiva<\/h2>\n<p>V\u00e1h\u010dira b\u00e1lgosa arkiiva luobahuvvui S\u00e1mearkiivii (<a href=\"http:\/\/www.lapinkansa.fi\/Lappi\/1194936318279\/artikkeli\/vatsarin+paliskunnan+arkisto+luovutettiin+saamelaisarkistoon.html\">Lapin Kansa 28.10.2014<\/a>)<\/p>\n<p>&nbsp;<\/p>\n","protected":false},"excerpt":{"rendered":"<p>5 V\u00e1h\u010dir Boazoisit: Semenoff Tuomas Telefovdna: +358 45 113 8326 \u0160lea\u0111gapoasta: tu&#111;&#109;&#97;&#x73;&#x2e;&#x73;&#x65;&#x6d;en&#111;&#102;&#102;&#x40;&#x67;&#x6d;&#x61;&#x69;l&#46;&#99;&#111;&#109; Ruovttugielda: An\u00e1r Viidodat: 1 176,1 km2 Stuor\u00e1mus lob\u00e1la\u0161 ealliboazomearri: 3 000 Boazoeaigg\u00e1dat: 30 V\u00e1h\u010dira b\u00e1lggus gull\u00e1 An\u00e1ra mearkabirii. B\u00e1lggus lea An\u00e1ra gieldda nuortadavveoasis. B\u00e1lggus r\u00e1dja\u0161uvv\u00e1 davvi- ja nuortaoasis Norgga r\u00e1dj\u00e1i, m\u00e1ddin B\u00e1h\u010daveaijoga, oarjelullin Mutto\u0161j\u00e1vrri ja oarjin Nj\u00e1vd\u00e1ma b\u00e1lgosiidda. B\u00e1lgosa eatnamiin 99,6 % leat [&hellip;]<\/p>\n","protected":false},"author":1,"featured_media":0,"parent":420,"menu_order":5,"comment_status":"open","ping_status":"closed","template":"paliskuntasivut.php","meta":{"footnotes":""},"class_list":["post-1312","page","type-page","status-publish","hentry"],"_links":{"self":[{"href":"https:\/\/paliskunnat.fi\/bo\/wp-json\/wp\/v2\/pages\/1312","targetHints":{"allow":["GET"]}}],"collection":[{"href":"https:\/\/paliskunnat.fi\/bo\/wp-json\/wp\/v2\/pages"}],"about":[{"href":"https:\/\/paliskunnat.fi\/bo\/wp-json\/wp\/v2\/types\/page"}],"author":[{"embeddable":true,"href":"https:\/\/paliskunnat.fi\/bo\/wp-json\/wp\/v2\/users\/1"}],"replies":[{"embeddable":true,"href":"https:\/\/paliskunnat.fi\/bo\/wp-json\/wp\/v2\/comments?post=1312"}],"version-history":[{"count":13,"href":"https:\/\/paliskunnat.fi\/bo\/wp-json\/wp\/v2\/pages\/1312\/revisions"}],"predecessor-version":[{"id":6225,"href":"https:\/\/paliskunnat.fi\/bo\/wp-json\/wp\/v2\/pages\/1312\/revisions\/6225"}],"up":[{"embeddable":true,"href":"https:\/\/paliskunnat.fi\/bo\/wp-json\/wp\/v2\/pages\/420"}],"wp:attachment":[{"href":"https:\/\/paliskunnat.fi\/bo\/wp-json\/wp\/v2\/media?parent=1312"}],"curies":[{"name":"wp","href":"https:\/\/api.w.org\/{rel}","templated":true}]}}