{"id":1321,"date":"2014-11-22T21:20:27","date_gmt":"2014-11-22T19:20:27","guid":{"rendered":"http:\/\/80.69.171.23\/py\/?page_id=1321"},"modified":"2023-06-07T12:48:19","modified_gmt":"2023-06-07T09:48:19","slug":"muotkatunturi","status":"publish","type":"page","link":"https:\/\/paliskunnat.fi\/bo\/balgosat\/balgosiid-diedut\/muotkatunturi\/","title":{"rendered":"10 Muotkeduottar"},"content":{"rendered":"<h2>10 Muotkeduottar<\/h2>\n<p>Boazoisit: Kitti Janne<br \/>\nTelefovdna: +358 40 017 6883<br \/>\n\u0160lea\u0111gapoasta: m&#117;&#x6f;&#x74;k&#97;&#116;&#x75;&#x6e;t&#117;&#x72;&#x69;p&#108;&#107;&#x40;&#x67;m&#97;&#x69;&#x6c;&#46;&#99;&#111;&#x6d;<\/p>\n<p><a href=\"https:\/\/paliskunnat.fi\/bo\/wp-content\/uploads\/2014\/11\/10_muotkatunturi1.png\" rel=\"lightbox[1321]\"><img loading=\"lazy\" decoding=\"async\" class=\"alignnone wp-image-1325\" src=\"https:\/\/paliskunnat.fi\/bo\/wp-content\/uploads\/2014\/11\/10_muotkatunturi1.png\" alt=\"10 Muotkeduottar\" width=\"300\" height=\"387\" srcset=\"https:\/\/paliskunnat.fi\/bo\/wp-content\/uploads\/2014\/11\/10_muotkatunturi1.png 776w, https:\/\/paliskunnat.fi\/bo\/wp-content\/uploads\/2014\/11\/10_muotkatunturi1-233x300.png 233w\" sizes=\"auto, (max-width: 300px) 100vw, 300px\" \/><\/a><\/p>\n<table width=\"450\">\n<tbody>\n<tr>\n<td>Ruovttugielda:<\/td>\n<td>An\u00e1r<\/td>\n<\/tr>\n<tr>\n<td>Viidodat:<\/td>\n<td>2 580,0 km<sup>2<\/sup><\/td>\n<\/tr>\n<tr>\n<td>Stuor\u00e1mus lob\u00e1la\u0161 ealliboazomearri:<\/td>\n<td>6 800<\/td>\n<\/tr>\n<tr>\n<td>Boazoeaigg\u00e1dat:<\/td>\n<td>100<\/td>\n<\/tr>\n<\/tbody>\n<\/table>\n<p>Muotkeduoddara b\u00e1lggus gull\u00e1 An\u00e1ra mearkabirii. B\u00e1lggus lea An\u00e1ra gielddas. B\u00e1lggus r\u00e1dja\u0161uvv\u00e1 davvin B\u00e1i\u0161duoddara, nuortadavvin Mutto\u0161j\u00e1vrri, nuortam\u00e1ddin B\u00e1tneduoddara ja m\u00e1ddin S\u00e1llev\u00e1ri b\u00e1lgosiidda sihke oarjin Norgga r\u00e1dj\u00e1i.<\/p>\n<p>B\u00e1lgosa eatnamiin 91,8 % leat st\u00e1htaeatnamat ja 8,2 % priv\u00e1htaeatnamat.<\/p>\n<p>&nbsp;<\/p>\n<p>&nbsp;<\/p>\n<p>&nbsp;<\/p>\n<p><!--more--><\/p>\n<h2>Muotkeduottar Facebookas<\/h2>\n<p><a href=\"https:\/\/www.facebook.com\/pages\/Muotkatunturin-paliskunta-Muotkeduoddara-b%C3%A1lggus\/211413805611277\">Muotkatunturin paliskunta &#8211; Muotkeduoddara b\u00e1lggus<\/a><\/p>\n","protected":false},"excerpt":{"rendered":"<p>10 Muotkeduottar Boazoisit: Kitti Janne Telefovdna: +358 40 017 6883 \u0160lea\u0111gapoasta: &#109;&#x75;o&#116;&#x6b;a&#116;&#x75;n&#116;&#x75;r&#105;&#x70;l&#107;&#x40;g&#109;&#x61;i&#108;&#x2e;c&#111;&#x6d; Ruovttugielda: An\u00e1r Viidodat: 2 580,0 km2 Stuor\u00e1mus lob\u00e1la\u0161 ealliboazomearri: 6 800 Boazoeaigg\u00e1dat: 100 Muotkeduoddara b\u00e1lggus gull\u00e1 An\u00e1ra mearkabirii. B\u00e1lggus lea An\u00e1ra gielddas. B\u00e1lggus r\u00e1dja\u0161uvv\u00e1 davvin B\u00e1i\u0161duoddara, nuortadavvin Mutto\u0161j\u00e1vrri, nuortam\u00e1ddin B\u00e1tneduoddara ja m\u00e1ddin S\u00e1llev\u00e1ri b\u00e1lgosiidda sihke oarjin Norgga r\u00e1dj\u00e1i. B\u00e1lgosa eatnamiin 91,8 % leat [&hellip;]<\/p>\n","protected":false},"author":1,"featured_media":0,"parent":420,"menu_order":11,"comment_status":"open","ping_status":"closed","template":"paliskuntasivut.php","meta":{"footnotes":""},"class_list":["post-1321","page","type-page","status-publish","hentry"],"_links":{"self":[{"href":"https:\/\/paliskunnat.fi\/bo\/wp-json\/wp\/v2\/pages\/1321","targetHints":{"allow":["GET"]}}],"collection":[{"href":"https:\/\/paliskunnat.fi\/bo\/wp-json\/wp\/v2\/pages"}],"about":[{"href":"https:\/\/paliskunnat.fi\/bo\/wp-json\/wp\/v2\/types\/page"}],"author":[{"embeddable":true,"href":"https:\/\/paliskunnat.fi\/bo\/wp-json\/wp\/v2\/users\/1"}],"replies":[{"embeddable":true,"href":"https:\/\/paliskunnat.fi\/bo\/wp-json\/wp\/v2\/comments?post=1321"}],"version-history":[{"count":13,"href":"https:\/\/paliskunnat.fi\/bo\/wp-json\/wp\/v2\/pages\/1321\/revisions"}],"predecessor-version":[{"id":5984,"href":"https:\/\/paliskunnat.fi\/bo\/wp-json\/wp\/v2\/pages\/1321\/revisions\/5984"}],"up":[{"embeddable":true,"href":"https:\/\/paliskunnat.fi\/bo\/wp-json\/wp\/v2\/pages\/420"}],"wp:attachment":[{"href":"https:\/\/paliskunnat.fi\/bo\/wp-json\/wp\/v2\/media?parent=1321"}],"curies":[{"name":"wp","href":"https:\/\/api.w.org\/{rel}","templated":true}]}}