{"id":1338,"date":"2014-11-22T22:00:58","date_gmt":"2014-11-22T20:00:58","guid":{"rendered":"http:\/\/80.69.171.23\/py\/?page_id=1338"},"modified":"2024-01-03T06:12:12","modified_gmt":"2024-01-03T04:12:12","slug":"sallevarri","status":"publish","type":"page","link":"https:\/\/paliskunnat.fi\/bo\/balgosat\/balgosiid-diedut\/sallevarri\/","title":{"rendered":"9 S\u00e1llev\u00e1rri"},"content":{"rendered":"<h2>9 S\u00e1llev\u00e1rri<\/h2>\n<p>Boazoisit: N\u00e4kk\u00e4l\u00e4j\u00e4rvi Iisko-Henrik<br \/>\nTelefovdna: +358 40 481 7212<br \/>\n\u0160lea\u0111gapoasta: &#x73;&#x61;&#x6c;&#x6c;&#105;&#118;aar&#x61;&#x6e;&#x70;&#x61;&#108;&#105;sku&#x6e;&#x74;&#x61;&#x40;&#103;&#109;&#97;il&#x2e;&#x63;&#x6f;&#x6d;<\/p>\n<p><a href=\"https:\/\/paliskunnat.fi\/bo\/wp-content\/uploads\/2014\/11\/9_sallivaara1.png\" rel=\"lightbox[1338]\"><img loading=\"lazy\" decoding=\"async\" class=\"alignnone wp-image-1342\" src=\"https:\/\/paliskunnat.fi\/bo\/wp-content\/uploads\/2014\/11\/9_sallivaara1.png\" alt=\"9 S\u00e1llev\u00e1rri \" width=\"300\" height=\"387\" srcset=\"https:\/\/paliskunnat.fi\/bo\/wp-content\/uploads\/2014\/11\/9_sallivaara1.png 776w, https:\/\/paliskunnat.fi\/bo\/wp-content\/uploads\/2014\/11\/9_sallivaara1-233x300.png 233w\" sizes=\"auto, (max-width: 300px) 100vw, 300px\" \/><\/a><\/p>\n<table width=\"450\">\n<tbody>\n<tr>\n<td>Ruovttugielda:<\/td>\n<td>Inari<\/td>\n<\/tr>\n<tr>\n<td>Viidodat:<\/td>\n<td>2 988,8 km<sup>2<\/sup><\/td>\n<\/tr>\n<tr>\n<td>Stuor\u00e1mus lob\u00e1la\u0161 ealliboazomearri:<\/td>\n<td>7 500<\/td>\n<\/tr>\n<tr>\n<td>Boazoeaigg\u00e1dat:<\/td>\n<td>126<\/td>\n<\/tr>\n<\/tbody>\n<\/table>\n<p>S\u00e1llev\u00e1ri b\u00e1lggus gull\u00e1 An\u00e1ra mearkabirii. B\u00e1lggus lea An\u00e1ra gieldda oarjegea\u017eis. B\u00e1lggus r\u00e1dja\u0161uvv\u00e1 oarjedavvin Norgga r\u00e1dj\u00e1i, davvin Muotkeduoddara, nuortin B\u00e1tneduoddara, m\u00e1ddin S\u00e1mi ja Goike\u010doalmmi ja oarjin Neakkela b\u00e1lgosiidda.<\/p>\n<p>B\u00e1lgosa eatnamiin 98,2 % leat st\u00e1htaeatnamat ja 1,8 % priv\u00e1htaeatnamat. B\u00e1lggus lea stuor\u00e1mus oasis\u00a0 Leammi \u00e1lbmotmeahcis ja B\u00e1tneduoddara meahcceguovllus.<\/p>\n<p>B\u00e1lgosa oaivebig\u00e1lusg\u00e1rdi lea Sarvves\u010doalmmis. Nubbi deh\u00e1la\u0161 big\u00e1lusg\u00e1rdi lea Lismm\u00e1s. Miessemearkung\u00e1rddit leat Bealdoduoddaris ja Marastagas.<\/p>\n<p>B\u00e1lgosa badjeolbmot \u00e1sset Leammis, Mene\u0161j\u00e1vrris, Guhturis, Lismm\u00e1s, Riebanjogas ja Avvil M\u00e1htes. Lism\u00e1 gilli lea oll\u00e1sit \u00e1lbmotmeahcis.<\/p>\n<p>&nbsp;<\/p>\n<p>&nbsp;<\/p>\n","protected":false},"excerpt":{"rendered":"<p>9 S\u00e1llev\u00e1rri Boazoisit: N\u00e4kk\u00e4l\u00e4j\u00e4rvi Iisko-Henrik Telefovdna: +358 40 481 7212 \u0160lea\u0111gapoasta: s&#97;&#x6c;&#x6c;i&#118;&#97;&#x61;&#x72;a&#110;&#112;&#x61;&#x6c;i&#115;&#x6b;&#x75;&#x6e;t&#97;&#x40;&#x67;m&#97;&#105;&#x6c;&#x2e;c&#111;&#109; Ruovttugielda: Inari Viidodat: 2 988,8 km2 Stuor\u00e1mus lob\u00e1la\u0161 ealliboazomearri: 7 500 Boazoeaigg\u00e1dat: 126 S\u00e1llev\u00e1ri b\u00e1lggus gull\u00e1 An\u00e1ra mearkabirii. B\u00e1lggus lea An\u00e1ra gieldda oarjegea\u017eis. B\u00e1lggus r\u00e1dja\u0161uvv\u00e1 oarjedavvin Norgga r\u00e1dj\u00e1i, davvin Muotkeduoddara, nuortin B\u00e1tneduoddara, m\u00e1ddin S\u00e1mi ja Goike\u010doalmmi ja oarjin Neakkela b\u00e1lgosiidda. B\u00e1lgosa eatnamiin 98,2 [&hellip;]<\/p>\n","protected":false},"author":1,"featured_media":0,"parent":420,"menu_order":9,"comment_status":"open","ping_status":"closed","template":"paliskuntasivut.php","meta":{"footnotes":""},"class_list":["post-1338","page","type-page","status-publish","hentry"],"_links":{"self":[{"href":"https:\/\/paliskunnat.fi\/bo\/wp-json\/wp\/v2\/pages\/1338","targetHints":{"allow":["GET"]}}],"collection":[{"href":"https:\/\/paliskunnat.fi\/bo\/wp-json\/wp\/v2\/pages"}],"about":[{"href":"https:\/\/paliskunnat.fi\/bo\/wp-json\/wp\/v2\/types\/page"}],"author":[{"embeddable":true,"href":"https:\/\/paliskunnat.fi\/bo\/wp-json\/wp\/v2\/users\/1"}],"replies":[{"embeddable":true,"href":"https:\/\/paliskunnat.fi\/bo\/wp-json\/wp\/v2\/comments?post=1338"}],"version-history":[{"count":14,"href":"https:\/\/paliskunnat.fi\/bo\/wp-json\/wp\/v2\/pages\/1338\/revisions"}],"predecessor-version":[{"id":6066,"href":"https:\/\/paliskunnat.fi\/bo\/wp-json\/wp\/v2\/pages\/1338\/revisions\/6066"}],"up":[{"embeddable":true,"href":"https:\/\/paliskunnat.fi\/bo\/wp-json\/wp\/v2\/pages\/420"}],"wp:attachment":[{"href":"https:\/\/paliskunnat.fi\/bo\/wp-json\/wp\/v2\/media?parent=1338"}],"curies":[{"name":"wp","href":"https:\/\/api.w.org\/{rel}","templated":true}]}}