{"id":1351,"date":"2014-11-22T22:50:50","date_gmt":"2014-11-22T20:50:50","guid":{"rendered":"http:\/\/80.69.171.23\/py\/?page_id=1351"},"modified":"2023-06-07T12:48:56","modified_gmt":"2023-06-07T09:48:56","slug":"neakkel","status":"publish","type":"page","link":"https:\/\/paliskunnat.fi\/bo\/balgosat\/balgosiid-diedut\/neakkel\/","title":{"rendered":"11 Neakkel"},"content":{"rendered":"<h2>11 Neakkel<\/h2>\n<p>Boazoisit: Ranta Hannu<br \/>\nTelefovdna: +358 400 173 820<br \/>\n\u0160lea\u0111gapoasta: h&#97;&#110;&#x6e;&#x75;&#46;r&#97;&#110;&#x74;&#x61;51&#56;&#64;&#x6f;&#x75;tl&#111;&#x6f;&#x6b;&#x2e;c&#111;&#109;<\/p>\n<p><a href=\"https:\/\/paliskunnat.fi\/bo\/wp-content\/uploads\/2014\/11\/11_nakkala.png\" rel=\"lightbox[1351]\"><img loading=\"lazy\" decoding=\"async\" class=\"alignnone wp-image-1353\" src=\"https:\/\/paliskunnat.fi\/bo\/wp-content\/uploads\/2014\/11\/11_nakkala.png\" alt=\"11 N\u00e4kk\u00e4l\u00e4\" width=\"300\" height=\"387\" srcset=\"https:\/\/paliskunnat.fi\/bo\/wp-content\/uploads\/2014\/11\/11_nakkala.png 776w, https:\/\/paliskunnat.fi\/bo\/wp-content\/uploads\/2014\/11\/11_nakkala-233x300.png 233w\" sizes=\"auto, (max-width: 300px) 100vw, 300px\" \/><\/a><\/p>\n<table width=\"450\">\n<tbody>\n<tr>\n<td>Ruovttugielda:<\/td>\n<td>Eanodat<\/td>\n<\/tr>\n<tr>\n<td>Viidodat:<\/td>\n<td>3 557,0 km<sup>2<\/sup><\/td>\n<\/tr>\n<tr>\n<td>Stuor\u00e1mus lob\u00e1la\u0161 ealliboazomearri:<\/td>\n<td>8 300<\/td>\n<\/tr>\n<tr>\n<td>Boazoeaigg\u00e1dat:<\/td>\n<td>166<\/td>\n<\/tr>\n<\/tbody>\n<\/table>\n<p>Neakkela b\u00e1lggus gull\u00e1 Eanodaga mearkabirii. B\u00e1lggus lea Eanodaga gieldda m\u00e1ttaoasis.<\/p>\n<p>B\u00e1lggus r\u00e1dja\u0161uvv\u00e1 davvin Norgga r\u00e1dj\u00e1i, nuortin S\u00e1llev\u00e1ri, m\u00e1ddin Kyr\u00f6 ja Muonio b\u00e1lgosiidda, oarjin Ruo\u0167a r\u00e1dj\u00e1i sihke Giehtaruohttasa b\u00e1lgosii.<\/p>\n<p>B\u00e1lgosa eatnamiin 78,5 % leat st\u00e1htaeatnamat ja 21,5 % priv\u00e1htaeatnamat.<\/p>\n<p>&nbsp;<\/p>\n<p>&nbsp;<\/p>\n","protected":false},"excerpt":{"rendered":"<p>11 Neakkel Boazoisit: Ranta Hannu Telefovdna: +358 400 173 820 \u0160lea\u0111gapoasta: &#x68;&#97;&#x6e;&#x6e;u&#x2e;&#114;a&#x6e;&#116;a&#x35;&#49;&#x38;&#x40;o&#x75;&#116;l&#x6f;&#111;k&#x2e;&#99;&#x6f;&#x6d; Ruovttugielda: Eanodat Viidodat: 3 557,0 km2 Stuor\u00e1mus lob\u00e1la\u0161 ealliboazomearri: 8 300 Boazoeaigg\u00e1dat: 166 Neakkela b\u00e1lggus gull\u00e1 Eanodaga mearkabirii. B\u00e1lggus lea Eanodaga gieldda m\u00e1ttaoasis. B\u00e1lggus r\u00e1dja\u0161uvv\u00e1 davvin Norgga r\u00e1dj\u00e1i, nuortin S\u00e1llev\u00e1ri, m\u00e1ddin Kyr\u00f6 ja Muonio b\u00e1lgosiidda, oarjin Ruo\u0167a r\u00e1dj\u00e1i sihke Giehtaruohttasa b\u00e1lgosii. B\u00e1lgosa eatnamiin [&hellip;]<\/p>\n","protected":false},"author":1,"featured_media":0,"parent":420,"menu_order":11,"comment_status":"open","ping_status":"closed","template":"paliskuntasivut.php","meta":{"footnotes":""},"class_list":["post-1351","page","type-page","status-publish","hentry"],"_links":{"self":[{"href":"https:\/\/paliskunnat.fi\/bo\/wp-json\/wp\/v2\/pages\/1351","targetHints":{"allow":["GET"]}}],"collection":[{"href":"https:\/\/paliskunnat.fi\/bo\/wp-json\/wp\/v2\/pages"}],"about":[{"href":"https:\/\/paliskunnat.fi\/bo\/wp-json\/wp\/v2\/types\/page"}],"author":[{"embeddable":true,"href":"https:\/\/paliskunnat.fi\/bo\/wp-json\/wp\/v2\/users\/1"}],"replies":[{"embeddable":true,"href":"https:\/\/paliskunnat.fi\/bo\/wp-json\/wp\/v2\/comments?post=1351"}],"version-history":[{"count":13,"href":"https:\/\/paliskunnat.fi\/bo\/wp-json\/wp\/v2\/pages\/1351\/revisions"}],"predecessor-version":[{"id":5985,"href":"https:\/\/paliskunnat.fi\/bo\/wp-json\/wp\/v2\/pages\/1351\/revisions\/5985"}],"up":[{"embeddable":true,"href":"https:\/\/paliskunnat.fi\/bo\/wp-json\/wp\/v2\/pages\/420"}],"wp:attachment":[{"href":"https:\/\/paliskunnat.fi\/bo\/wp-json\/wp\/v2\/media?parent=1351"}],"curies":[{"name":"wp","href":"https:\/\/api.w.org\/{rel}","templated":true}]}}