{"id":1356,"date":"2014-11-22T22:56:36","date_gmt":"2014-11-22T20:56:36","guid":{"rendered":"http:\/\/80.69.171.23\/py\/?page_id=1356"},"modified":"2023-06-07T12:50:32","modified_gmt":"2023-06-07T09:50:32","slug":"muona","status":"publish","type":"page","link":"https:\/\/paliskunnat.fi\/bo\/balgosat\/balgosiid-diedut\/muona\/","title":{"rendered":"13 Muon\u00e1"},"content":{"rendered":"<h2>13 Muon\u00e1<\/h2>\n<p>Boazoisit: Kurki Vili<br \/>\nTelefovdna: +358 40 083 3373<br \/>\n\u0160lea\u0111gapoasta: &#118;&#x69;&#108;&#x69;&#107;&#x75;&#114;&#x6b;&#105;&#x40;&#103;&#x6d;a&#x69;l&#x2e;c&#x6f;m<\/p>\n<p><a href=\"https:\/\/paliskunnat.fi\/bo\/wp-content\/uploads\/2014\/11\/13_muonio.png\" rel=\"lightbox[1356]\"><img loading=\"lazy\" decoding=\"async\" class=\"alignnone wp-image-1358\" src=\"https:\/\/paliskunnat.fi\/bo\/wp-content\/uploads\/2014\/11\/13_muonio.png\" alt=\"13 Muon\u00e1\" width=\"300\" height=\"387\" srcset=\"https:\/\/paliskunnat.fi\/bo\/wp-content\/uploads\/2014\/11\/13_muonio.png 776w, https:\/\/paliskunnat.fi\/bo\/wp-content\/uploads\/2014\/11\/13_muonio-233x300.png 233w\" sizes=\"auto, (max-width: 300px) 100vw, 300px\" \/><\/a><\/p>\n<table width=\"450\">\n<tbody>\n<tr>\n<td>Ruovttugielda:<\/td>\n<td>Muonio<\/td>\n<\/tr>\n<tr>\n<td>Viidodat:<\/td>\n<td>2 666,4 km<sup>2<\/sup><\/td>\n<\/tr>\n<tr>\n<td>Stuor\u00e1mus lob\u00e1la\u0161 ealliboazomearri:<\/td>\n<td>6 000<\/td>\n<\/tr>\n<tr>\n<td>Boazoeaigg\u00e1dat:<\/td>\n<td>127<\/td>\n<\/tr>\n<\/tbody>\n<\/table>\n<p>Muon\u00e1 b\u00e1lggus gull\u00e1 B\u00e1ll\u00e1sduoddara mearkabirii. B\u00e1lggus lea Muon\u00e1 gieldda (80 % b\u00e1lgosis) lassin Kolari ja Gihttela gielddaid bealde.<\/p>\n<p>B\u00e1lggus r\u00e1dja\u0161uvv\u00e1 oarjin Ruo\u0167a r\u00e1dj\u00e1i, davvin Neakkela, nuortin Kyr\u00f6 ja Alakyl\u00e4 ja m\u00e1ddin Kolari b\u00e1lgosiidda.<\/p>\n<p>B\u00e1lgosa eatnamiin 66,5 % leat st\u00e1htaeatnamat ja 33,5 % priv\u00e1htaeatnamat. B\u00e1lgosa nuortadavvi- ja nuortaoasis lea B\u00e1ll\u00e1s-Yll\u00e4sduoddara \u00e1lbmotmeahcci.<\/p>\n<p>B\u00e1lgosa oaivebig\u00e1lusg\u00e1rdi lea Lamumaa, mas lea maid viiddes borahan\u00e1idi. Ear\u00e1 big\u00e1lusg\u00e1rddit leat Sainkangas, Rautuvaara, K\u00e4kivaara, Ahvenkielinen, Hangasmaa, Luusunselk\u00e4, Juutilainen ja Tiuraselk\u00e4.<\/p>\n<p>B\u00e1lgosa guovllus leat guokte stuorra turismaguovdd\u00e1\u017ea, \u00c4k\u00e4slompolo-Yll\u00e4stunturi ja Olostunturi. Olostunturi turismaguovdd\u00e1\u017eis leat bieggaf\u00e1pmorusttegat ja Kolari Hannukainen-nammasa\u0161 b\u00e1ik\u00e1i leat pl\u00e1nemin ruovderuvkke.<\/p>\n<p>\u00c1ssan lea ean\u00e1\u0161 Muon\u00e1joga leagis ja riikkageainnu 21 lahkosis giliin. Eanemus \u00e1ssit leat Muon\u00e1s, mii lea b\u00e1lgosa gaskamuttus.<\/p>\n<p>&nbsp;<\/p>\n<p>&nbsp;<\/p>\n","protected":false},"excerpt":{"rendered":"<p>13 Muon\u00e1 Boazoisit: Kurki Vili Telefovdna: +358 40 083 3373 \u0160lea\u0111gapoasta: vilikurki&#64;gmail&#46;com Ruovttugielda: Muonio Viidodat: 2 666,4 km2 Stuor\u00e1mus lob\u00e1la\u0161 ealliboazomearri: 6 000 Boazoeaigg\u00e1dat: 127 Muon\u00e1 b\u00e1lggus gull\u00e1 B\u00e1ll\u00e1sduoddara mearkabirii. B\u00e1lggus lea Muon\u00e1 gieldda (80 % b\u00e1lgosis) lassin Kolari ja Gihttela gielddaid bealde. B\u00e1lggus r\u00e1dja\u0161uvv\u00e1 oarjin Ruo\u0167a r\u00e1dj\u00e1i, davvin Neakkela, nuortin Kyr\u00f6 ja Alakyl\u00e4 ja [&hellip;]<\/p>\n","protected":false},"author":1,"featured_media":0,"parent":420,"menu_order":13,"comment_status":"open","ping_status":"closed","template":"paliskuntasivut.php","meta":{"footnotes":""},"class_list":["post-1356","page","type-page","status-publish","hentry"],"_links":{"self":[{"href":"https:\/\/paliskunnat.fi\/bo\/wp-json\/wp\/v2\/pages\/1356","targetHints":{"allow":["GET"]}}],"collection":[{"href":"https:\/\/paliskunnat.fi\/bo\/wp-json\/wp\/v2\/pages"}],"about":[{"href":"https:\/\/paliskunnat.fi\/bo\/wp-json\/wp\/v2\/types\/page"}],"author":[{"embeddable":true,"href":"https:\/\/paliskunnat.fi\/bo\/wp-json\/wp\/v2\/users\/1"}],"replies":[{"embeddable":true,"href":"https:\/\/paliskunnat.fi\/bo\/wp-json\/wp\/v2\/comments?post=1356"}],"version-history":[{"count":14,"href":"https:\/\/paliskunnat.fi\/bo\/wp-json\/wp\/v2\/pages\/1356\/revisions"}],"predecessor-version":[{"id":5987,"href":"https:\/\/paliskunnat.fi\/bo\/wp-json\/wp\/v2\/pages\/1356\/revisions\/5987"}],"up":[{"embeddable":true,"href":"https:\/\/paliskunnat.fi\/bo\/wp-json\/wp\/v2\/pages\/420"}],"wp:attachment":[{"href":"https:\/\/paliskunnat.fi\/bo\/wp-json\/wp\/v2\/media?parent=1356"}],"curies":[{"name":"wp","href":"https:\/\/api.w.org\/{rel}","templated":true}]}}