{"id":1369,"date":"2014-11-22T23:07:13","date_gmt":"2014-11-22T21:07:13","guid":{"rendered":"http:\/\/80.69.171.23\/py\/?page_id=1369"},"modified":"2023-06-07T12:47:05","modified_gmt":"2023-06-07T09:47:05","slug":"batneduottar","status":"publish","type":"page","link":"https:\/\/paliskunnat.fi\/bo\/balgosat\/balgosiid-diedut\/batneduottar\/","title":{"rendered":"8 B\u00e1tneduottar"},"content":{"rendered":"<h2>8 B\u00e1tneduottar<\/h2>\n<p>Boazoisit: Haataja Jarmo<br \/>\nTelefovdna: +358 400 151 712<br \/>\n\u0160lea\u0111gapoasta: ham&#109;&#97;&#115;&#116;&#x75;&#x6e;&#x74;&#x75;&#x72;&#x69;&#x6e;plk&#64;&#103;&#109;&#97;&#105;&#x6c;&#x2e;&#x63;&#x6f;&#x6d;<\/p>\n<p><a href=\"https:\/\/paliskunnat.fi\/bo\/wp-content\/uploads\/2014\/11\/8_hammastunturi1.png\" rel=\"lightbox[1369]\"><img loading=\"lazy\" decoding=\"async\" class=\"alignnone wp-image-1373\" src=\"https:\/\/paliskunnat.fi\/bo\/wp-content\/uploads\/2014\/11\/8_hammastunturi1.png\" alt=\"8 B\u00e1tneduottar\" width=\"300\" height=\"387\" srcset=\"https:\/\/paliskunnat.fi\/bo\/wp-content\/uploads\/2014\/11\/8_hammastunturi1.png 776w, https:\/\/paliskunnat.fi\/bo\/wp-content\/uploads\/2014\/11\/8_hammastunturi1-233x300.png 233w\" sizes=\"auto, (max-width: 300px) 100vw, 300px\" \/><\/a><\/p>\n<table width=\"450\">\n<tbody>\n<tr>\n<td>Ruovttugielda:<\/td>\n<td>An\u00e1r<\/td>\n<\/tr>\n<tr>\n<td>Viidodat:<\/td>\n<td>2 487,2 km<sup>2<\/sup><\/td>\n<\/tr>\n<tr>\n<td>Stuor\u00e1mus lob\u00e1la\u0161 ealliboazomearri:<\/td>\n<td>5 500<\/td>\n<\/tr>\n<tr>\n<td>Boazoeaigg\u00e1dat:<\/td>\n<td>81<\/td>\n<\/tr>\n<\/tbody>\n<\/table>\n<p>B\u00e1tneduoddara b\u00e1lggus gull\u00e1 An\u00e1ra mearkabirii. B\u00e1lggus lea An\u00e1ra gieldda m\u00e1ttaoasis. B\u00e1lggus r\u00e1dja\u0161uvv\u00e1 davvin Mutto\u0161j\u00e1vrri, nuortin Avvila, m\u00e1ddin S\u00e1mi, oarjin S\u00e1llev\u00e1ri ja oarjedavvin Muotkeduoddara b\u00e1lgosiidda.<\/p>\n<p>B\u00e1lgosa eatnamiin 83,5 % leat st\u00e1htaeatnamat ja 16,5 % priv\u00e1htaeatnamat.<\/p>\n<p>&nbsp;<\/p>\n<p>&nbsp;<\/p>\n","protected":false},"excerpt":{"rendered":"<p>8 B\u00e1tneduottar Boazoisit: Haataja Jarmo Telefovdna: +358 400 151 712 \u0160lea\u0111gapoasta: &#x68;&#x61;&#109;m&#x61;&#x73;&#116;&#117;n&#x74;&#x75;&#114;&#105;n&#x70;&#x6c;&#107;&#64;g&#x6d;&#x61;&#105;l&#x2e;&#x63;&#111;&#109; Ruovttugielda: An\u00e1r Viidodat: 2 487,2 km2 Stuor\u00e1mus lob\u00e1la\u0161 ealliboazomearri: 5 500 Boazoeaigg\u00e1dat: 81 B\u00e1tneduoddara b\u00e1lggus gull\u00e1 An\u00e1ra mearkabirii. B\u00e1lggus lea An\u00e1ra gieldda m\u00e1ttaoasis. B\u00e1lggus r\u00e1dja\u0161uvv\u00e1 davvin Mutto\u0161j\u00e1vrri, nuortin Avvila, m\u00e1ddin S\u00e1mi, oarjin S\u00e1llev\u00e1ri ja oarjedavvin Muotkeduoddara b\u00e1lgosiidda. B\u00e1lgosa eatnamiin 83,5 % leat st\u00e1htaeatnamat [&hellip;]<\/p>\n","protected":false},"author":1,"featured_media":0,"parent":420,"menu_order":8,"comment_status":"open","ping_status":"closed","template":"paliskuntasivut.php","meta":{"footnotes":""},"class_list":["post-1369","page","type-page","status-publish","hentry"],"_links":{"self":[{"href":"https:\/\/paliskunnat.fi\/bo\/wp-json\/wp\/v2\/pages\/1369","targetHints":{"allow":["GET"]}}],"collection":[{"href":"https:\/\/paliskunnat.fi\/bo\/wp-json\/wp\/v2\/pages"}],"about":[{"href":"https:\/\/paliskunnat.fi\/bo\/wp-json\/wp\/v2\/types\/page"}],"author":[{"embeddable":true,"href":"https:\/\/paliskunnat.fi\/bo\/wp-json\/wp\/v2\/users\/1"}],"replies":[{"embeddable":true,"href":"https:\/\/paliskunnat.fi\/bo\/wp-json\/wp\/v2\/comments?post=1369"}],"version-history":[{"count":10,"href":"https:\/\/paliskunnat.fi\/bo\/wp-json\/wp\/v2\/pages\/1369\/revisions"}],"predecessor-version":[{"id":5982,"href":"https:\/\/paliskunnat.fi\/bo\/wp-json\/wp\/v2\/pages\/1369\/revisions\/5982"}],"up":[{"embeddable":true,"href":"https:\/\/paliskunnat.fi\/bo\/wp-json\/wp\/v2\/pages\/420"}],"wp:attachment":[{"href":"https:\/\/paliskunnat.fi\/bo\/wp-json\/wp\/v2\/media?parent=1369"}],"curies":[{"name":"wp","href":"https:\/\/api.w.org\/{rel}","templated":true}]}}