{"id":1375,"date":"2014-11-22T23:14:54","date_gmt":"2014-11-22T21:14:54","guid":{"rendered":"http:\/\/80.69.171.23\/py\/?page_id=1375"},"modified":"2023-06-07T13:37:38","modified_gmt":"2023-06-07T10:37:38","slug":"avvil","status":"publish","type":"page","link":"https:\/\/paliskunnat.fi\/bo\/balgosat\/balgosiid-diedut\/avvil\/","title":{"rendered":"7 Avvil"},"content":{"rendered":"<h2>7 Avvil<\/h2>\n<p>Boazoisit: Kustula Niko<br \/>\nTelefovdna: +358 40 844 6247<br \/>\n\u0160lea\u0111gapoasta: &#x69;v&#x61;l&#x6f;&#110;&#x70;&#108;k&#x40;g&#x6d;&#97;&#x69;&#108;&#x2e;&#99;o&#x6d;<\/p>\n<p><a href=\"https:\/\/paliskunnat.fi\/bo\/wp-content\/uploads\/2014\/11\/7_ivalo.png\" rel=\"lightbox[1375]\"><img loading=\"lazy\" decoding=\"async\" class=\"alignnone wp-image-1376\" src=\"https:\/\/paliskunnat.fi\/bo\/wp-content\/uploads\/2014\/11\/7_ivalo.png\" alt=\"7 Avvil \" width=\"300\" height=\"387\" srcset=\"https:\/\/paliskunnat.fi\/bo\/wp-content\/uploads\/2014\/11\/7_ivalo.png 776w, https:\/\/paliskunnat.fi\/bo\/wp-content\/uploads\/2014\/11\/7_ivalo-233x300.png 233w\" sizes=\"auto, (max-width: 300px) 100vw, 300px\" \/><\/a><\/p>\n<table width=\"450\">\n<tbody>\n<tr>\n<td>Ruovttugielda:<\/td>\n<td>An\u00e1r<\/td>\n<\/tr>\n<tr>\n<td>Viidodat:<\/td>\n<td>2 825,6 km<sup>2<\/sup><\/td>\n<\/tr>\n<tr>\n<td>Stuor\u00e1mus lob\u00e1la\u0161 ealliboazomearri:<\/td>\n<td>6 000<\/td>\n<\/tr>\n<tr>\n<td>Boazoeaigg\u00e1dat:<\/td>\n<td>87<\/td>\n<\/tr>\n<\/tbody>\n<\/table>\n<p>Avvila b\u00e1lggus gull\u00e1 An\u00e1ra mearkabirii. B\u00e1lggus lea An\u00e1ra gieldda m\u00e1ttaoasis. Nuortar\u00e1nnj\u00e1n lea Ruo\u0161\u0161a, m\u00e1ddin S\u00e1mi, oarjin B\u00e1tneduoddara ja davvin B\u00e1h\u010daveaijoga b\u00e1lgosat.<\/p>\n<p>B\u00e1lgosa eatnamiin 90,2 % leat st\u00e1htaeatnamat ja 9,8 % priv\u00e1htaeatnamat.<\/p>\n<p>Eanaeaigg\u00e1deapmi b\u00e1lgosa eatnamiin lea ean\u00e1\u0161 st\u00e1hta h\u00e1lddus. Lassin lea oktasa\u0161meahcci ja priv\u00e1hta eatnamat. B\u00e1lgosa eatnamiin lea Suolo\u010dielggi turismaguovdd\u00e1\u0161. Lassin guovllus lea Urho Kekkonen \u00e1lbmotmeahcis oassi.<\/p>\n<p>Bohccuid gie\u0111ahallanb\u00e1ikkit leat Moitakuru, Juurakkomaa, Kettuj\u00e4rvi, M\u00e1rtinj\u00e1vri, Mutalampi, Pet\u00e4j\u00e4j\u00e4rvi ja Kostiatalasvaara. Lassin s\u00e1httet l\u00e1igohit R\u00e1jijovsseba big\u00e1lusg\u00e1rddi S\u00e1mi b\u00e1lgosis.<\/p>\n<p>B\u00e1lgosa guovllus leat Avvila, Dearpm\u00e1\u017ea, \u00c1hkoj\u00e1vrri, Kev\u00e4j\u00e1vrri, Veskonj\u00e1rgga, Njellima ja Suolo\u010dielggi gilit. Badjeolbmot \u00e1sset measta juohke gilis.<\/p>\n<p>&nbsp;<\/p>\n<p>&nbsp;<\/p>\n<p><!--more--><\/p>\n<h2>Meahccebiebman Avvila b\u00e1lgosis<\/h2>\n<p>Avvila b\u00e1lgosa m\u00e1tta- ja gaskaoasi bohccuid meahccebiebman (<a href=\"https:\/\/www.youtube.com\/watch?v=NpKRrJz-kvM\">Youtube<\/a>). Roavvenj\u00e1rgga \u00e1mm\u00e1tallaskuvla pLAB &#8211; almmuhuvvon 3\/2013.<\/p>\n<p>&nbsp;<\/p>\n<p>&nbsp;<\/p>\n","protected":false},"excerpt":{"rendered":"<p>7 Avvil Boazoisit: Kustula Niko Telefovdna: +358 40 844 6247 \u0160lea\u0111gapoasta: &#105;&#x76;&#97;&#x6c;&#111;&#x6e;p&#x6c;k&#64;&#x67;&#109;&#x61;&#105;&#x6c;&#46;&#x63;o&#109; Ruovttugielda: An\u00e1r Viidodat: 2 825,6 km2 Stuor\u00e1mus lob\u00e1la\u0161 ealliboazomearri: 6 000 Boazoeaigg\u00e1dat: 87 Avvila b\u00e1lggus gull\u00e1 An\u00e1ra mearkabirii. B\u00e1lggus lea An\u00e1ra gieldda m\u00e1ttaoasis. Nuortar\u00e1nnj\u00e1n lea Ruo\u0161\u0161a, m\u00e1ddin S\u00e1mi, oarjin B\u00e1tneduoddara ja davvin B\u00e1h\u010daveaijoga b\u00e1lgosat. B\u00e1lgosa eatnamiin 90,2 % leat st\u00e1htaeatnamat ja 9,8 % [&hellip;]<\/p>\n","protected":false},"author":1,"featured_media":0,"parent":420,"menu_order":7,"comment_status":"open","ping_status":"closed","template":"paliskuntasivut.php","meta":{"footnotes":""},"class_list":["post-1375","page","type-page","status-publish","hentry"],"_links":{"self":[{"href":"https:\/\/paliskunnat.fi\/bo\/wp-json\/wp\/v2\/pages\/1375","targetHints":{"allow":["GET"]}}],"collection":[{"href":"https:\/\/paliskunnat.fi\/bo\/wp-json\/wp\/v2\/pages"}],"about":[{"href":"https:\/\/paliskunnat.fi\/bo\/wp-json\/wp\/v2\/types\/page"}],"author":[{"embeddable":true,"href":"https:\/\/paliskunnat.fi\/bo\/wp-json\/wp\/v2\/users\/1"}],"replies":[{"embeddable":true,"href":"https:\/\/paliskunnat.fi\/bo\/wp-json\/wp\/v2\/comments?post=1375"}],"version-history":[{"count":10,"href":"https:\/\/paliskunnat.fi\/bo\/wp-json\/wp\/v2\/pages\/1375\/revisions"}],"predecessor-version":[{"id":6030,"href":"https:\/\/paliskunnat.fi\/bo\/wp-json\/wp\/v2\/pages\/1375\/revisions\/6030"}],"up":[{"embeddable":true,"href":"https:\/\/paliskunnat.fi\/bo\/wp-json\/wp\/v2\/pages\/420"}],"wp:attachment":[{"href":"https:\/\/paliskunnat.fi\/bo\/wp-json\/wp\/v2\/media?parent=1375"}],"curies":[{"name":"wp","href":"https:\/\/api.w.org\/{rel}","templated":true}]}}