{"id":1389,"date":"2014-11-22T23:38:36","date_gmt":"2014-11-22T21:38:36","guid":{"rendered":"http:\/\/80.69.171.23\/py\/?page_id=1389"},"modified":"2024-08-05T15:15:22","modified_gmt":"2024-08-05T12:15:22","slug":"sapmi","status":"publish","type":"page","link":"https:\/\/paliskunnat.fi\/bo\/balgosat\/balgosiid-diedut\/sapmi\/","title":{"rendered":"21 S\u00e1pmi"},"content":{"rendered":"<h2>21 S\u00e1pmi<\/h2>\n<p>Boazoisit: Hirvasvuopio Nilla<br \/>\nTelefovdna: +358 40 017 3385<br \/>\n\u0160lea\u0111gapoasta: lapinpalkine&#110;&#64;&#103;&#109;&#97;&#105;&#108;&#46;&#99;&#111;&#109;<\/p>\n<p><a href=\"https:\/\/paliskunnat.fi\/bo\/wp-content\/uploads\/2014\/11\/21_lappi.png\" rel=\"lightbox[1389]\"><img loading=\"lazy\" decoding=\"async\" class=\"alignnone wp-image-1392\" src=\"https:\/\/paliskunnat.fi\/bo\/wp-content\/uploads\/2014\/11\/21_lappi.png\" alt=\"21 S\u00e1pmi\" width=\"300\" height=\"387\" srcset=\"https:\/\/paliskunnat.fi\/bo\/wp-content\/uploads\/2014\/11\/21_lappi.png 776w, https:\/\/paliskunnat.fi\/bo\/wp-content\/uploads\/2014\/11\/21_lappi-233x300.png 233w\" sizes=\"auto, (max-width: 300px) 100vw, 300px\" \/><\/a><\/p>\n<table width=\"450\">\n<tbody>\n<tr>\n<td>Ruovttugielda:<\/td>\n<td>Soa\u0111egilli<\/td>\n<\/tr>\n<tr>\n<td>Viidodat:<\/td>\n<td>4 559,1 km<sup>2<\/sup><\/td>\n<\/tr>\n<tr>\n<td>Stuor\u00e1mus lob\u00e1la\u0161 ealliboazomearri:<\/td>\n<td>8 000<\/td>\n<\/tr>\n<tr>\n<td>Boazoeaigg\u00e1dat:<\/td>\n<td>146<\/td>\n<\/tr>\n<\/tbody>\n<\/table>\n<p>S\u00e1mi b\u00e1lggus gull\u00e1 Soa\u0111egili mearkabirii. B\u00e1lggus lea Soa\u0111egili gieldda davveoasis ja veh\u00e1\u0161 maid An\u00e1ra ja Suovvaguoikka gielddaid bealde.<\/p>\n<p>B\u00e1lggus r\u00e1dja\u0161uvv\u00e1 davvin S\u00e1llev\u00e1ri, B\u00e1tneduoddara ja Avvila b\u00e1lgosiidda, nuortin Ruo\u0161\u0161a r\u00e1dj\u00e1i, nuortam\u00e1ddin Giema-Soabbaha, m\u00e1ddin Oraniemi ja Sattasniemi ja nuortin Goike\u010doalmmi b\u00e1lgosiidda.<\/p>\n<p>B\u00e1lgosa eatnamiin 94,2 % leat st\u00e1htaeatnamat ja 5,8 % priv\u00e1htaeatnamat.<\/p>\n<p>&nbsp;<\/p>\n<p>&nbsp;<\/p>\n","protected":false},"excerpt":{"rendered":"<p>21 S\u00e1pmi Boazoisit: Hirvasvuopio Nilla Telefovdna: +358 40 017 3385 \u0160lea\u0111gapoasta: &#108;&#x61;&#x70;&#105;&#x6e;&#x70;a&#x6c;&#x6b;i&#110;&#x65;n&#64;&#x67;m&#97;&#x69;l&#46;&#x63;o&#109; Ruovttugielda: Soa\u0111egilli Viidodat: 4 559,1 km2 Stuor\u00e1mus lob\u00e1la\u0161 ealliboazomearri: 8 000 Boazoeaigg\u00e1dat: 146 S\u00e1mi b\u00e1lggus gull\u00e1 Soa\u0111egili mearkabirii. B\u00e1lggus lea Soa\u0111egili gieldda davveoasis ja veh\u00e1\u0161 maid An\u00e1ra ja Suovvaguoikka gielddaid bealde. B\u00e1lggus r\u00e1dja\u0161uvv\u00e1 davvin S\u00e1llev\u00e1ri, B\u00e1tneduoddara ja Avvila b\u00e1lgosiidda, nuortin Ruo\u0161\u0161a r\u00e1dj\u00e1i, nuortam\u00e1ddin [&hellip;]<\/p>\n","protected":false},"author":1,"featured_media":0,"parent":420,"menu_order":21,"comment_status":"open","ping_status":"closed","template":"paliskuntasivut.php","meta":{"footnotes":""},"class_list":["post-1389","page","type-page","status-publish","hentry"],"_links":{"self":[{"href":"https:\/\/paliskunnat.fi\/bo\/wp-json\/wp\/v2\/pages\/1389","targetHints":{"allow":["GET"]}}],"collection":[{"href":"https:\/\/paliskunnat.fi\/bo\/wp-json\/wp\/v2\/pages"}],"about":[{"href":"https:\/\/paliskunnat.fi\/bo\/wp-json\/wp\/v2\/types\/page"}],"author":[{"embeddable":true,"href":"https:\/\/paliskunnat.fi\/bo\/wp-json\/wp\/v2\/users\/1"}],"replies":[{"embeddable":true,"href":"https:\/\/paliskunnat.fi\/bo\/wp-json\/wp\/v2\/comments?post=1389"}],"version-history":[{"count":16,"href":"https:\/\/paliskunnat.fi\/bo\/wp-json\/wp\/v2\/pages\/1389\/revisions"}],"predecessor-version":[{"id":6140,"href":"https:\/\/paliskunnat.fi\/bo\/wp-json\/wp\/v2\/pages\/1389\/revisions\/6140"}],"up":[{"embeddable":true,"href":"https:\/\/paliskunnat.fi\/bo\/wp-json\/wp\/v2\/pages\/420"}],"wp:attachment":[{"href":"https:\/\/paliskunnat.fi\/bo\/wp-json\/wp\/v2\/media?parent=1389"}],"curies":[{"name":"wp","href":"https:\/\/api.w.org\/{rel}","templated":true}]}}