{"id":1395,"date":"2014-11-22T23:43:29","date_gmt":"2014-11-22T21:43:29","guid":{"rendered":"http:\/\/80.69.171.23\/py\/?page_id=1395"},"modified":"2023-06-07T12:57:26","modified_gmt":"2023-06-07T09:57:26","slug":"giema-soabbat","status":"publish","type":"page","link":"https:\/\/paliskunnat.fi\/bo\/balgosat\/balgosiid-diedut\/giema-soabbat\/","title":{"rendered":"22 Giema-Soabbat"},"content":{"rendered":"<h2>22 Giema-Soabbat<\/h2>\n<p>Boazoisit: Kavakka Mika<br \/>\nTelefovdna: +358 400 211 861<br \/>\n\u0160lea\u0111gapoasta: &#109;&#x69;k&#97;&#x2e;k&#97;&#x76;a&#x6b;&#x6b;&#97;&#x40;g&#109;&#x61;i&#108;&#x2e;c&#x6f;&#x6d;<\/p>\n<p><a href=\"https:\/\/paliskunnat.fi\/bo\/wp-content\/uploads\/2014\/11\/22_kemin_sompio.png\" rel=\"lightbox[1395]\"><img loading=\"lazy\" decoding=\"async\" class=\"wp-image-1397 alignnone\" src=\"https:\/\/paliskunnat.fi\/bo\/wp-content\/uploads\/2014\/11\/22_kemin_sompio.png\" alt=\"22 Giema-Soabbat\" width=\"300\" height=\"387\" srcset=\"https:\/\/paliskunnat.fi\/bo\/wp-content\/uploads\/2014\/11\/22_kemin_sompio.png 776w, https:\/\/paliskunnat.fi\/bo\/wp-content\/uploads\/2014\/11\/22_kemin_sompio-233x300.png 233w\" sizes=\"auto, (max-width: 300px) 100vw, 300px\" \/><\/a><\/p>\n<table width=\"450\">\n<tbody>\n<tr>\n<td>Ruovttugielda:<\/td>\n<td>Suovvaguoika<\/td>\n<\/tr>\n<tr>\n<td>Viidodat:<\/td>\n<td>5 775,9 km<sup>2<\/sup><\/td>\n<\/tr>\n<tr>\n<td>Stuor\u00e1mus lob\u00e1la\u0161 ealliboazomearri:<\/td>\n<td>12 000<\/td>\n<\/tr>\n<tr>\n<td>Boazoeaigg\u00e1dat:<\/td>\n<td>179<\/td>\n<\/tr>\n<\/tbody>\n<\/table>\n<p>Giema-Soabbaha b\u00e1lggus gull\u00e1 Giemagili mearkabirii. B\u00e1lggus lea Suovvaguoikka gieldda guovllus ja oass\u00e1i maid Soa\u0111egili gieldda bealde.<\/p>\n<p>B\u00e1lggus r\u00e1dja\u0161uvv\u00e1 davvin Ruo\u0161\u0161a v\u00e1ldegotti r\u00e1dj\u00e1i, nuortin Davvi-Salla, m\u00e1ddin Salla ja oarjin Oraniemi ja Lappi b\u00e1lgosiidda.<\/p>\n<p>B\u00e1lgosa eatnamiin 90,9 % leat st\u00e1htaeatnamat ja 9,1 % priv\u00e1htaeatnamat.<\/p>\n<p>Sokli fosf\u00e1htaruvke leat pl\u00e1nen Giema-Soabbaha b\u00e1lgosii eanet uhcit aktiivvala\u010d\u010dat jagi 1967 r\u00e1jes, go g\u00e1vdno\u0161tumi g\u00e1vdne. Ma\u014bimu\u0161 jagiid pro\u0161eavtta ovddos doalvumis lea v\u00e1stidan Yara Suomi Oy. M\u00e1lbma sisttisdoall\u00e1 fosfora lassin r\u00e1vddi, mang\u00e1na, niobi, tant\u00e1la ja ur\u00e1na. Juos ruvke olla\u0161uvv\u00e1, dolvvo\u0161ii dat viid\u00e1t guohtuneatnamiid, hehtte\u0161ii bohccuid johtima ja b\u00e1gge\u0161ii b\u00e1lgosa rievdadit boazodoalu eretgeassemeahttumit. Dan lassin, Giemajoga viiddes \u010d\u00e1z\u00e1daga gierragis Sokli m\u00e1lmma \u00e1vkk\u00e1stallan sisttisdoall\u00e1 duo\u0111ala\u0161 r\u00e1tkkekeahtes kemik\u00e1lala\u0161 ja radioaktiivvala\u0161 birasriskkaid. D\u00e1id sivaid dihte Giema-Soabbaha b\u00e1lggus vuosttilda Sokli ruvkepro\u0161eavtta ja ii ane dan boazodoallol\u00e1ga mielde l\u00e1gala\u017e\u017ean.<\/p>\n<p>&nbsp;<\/p>\n<p>&nbsp;<\/p>\n<p><!--more--><\/p>\n<h2>Sokli-l\u00e1vva alimus h\u00e1lddahusriekt\u00e1i<\/h2>\n<p>Badjeolbmot dolvot Sokli-l\u00e1va alimus h\u00e1lddahusriekt\u00e1i (<a href=\"http:\/\/yle.fi\/uutiset\/poromiehet_vievat_sokli-kaavan_korkeimpaan_hallinto-oikeuteen\/7913238\">YLE<\/a> 7.5.2015).<\/p>\n<h2>Fosforam\u00e1lmmas radioaktiivvala\u0161vuohta<\/h2>\n<p>Yara mie\u0111ihii, ahte Sokli fosforam\u00e1lmmas lea radioaktiivvala\u0161vuohta (<a href=\"http:\/\/www.sll.fi\/lappi\/varmuus\/yara-myonsi-fosforimalmissa-radioaktiivisuutta\">SLL<\/a>)<\/p>\n<h2>Sokli er\u00e4maana<\/h2>\n<p>Sokli meahcceguovlun <a href=\"https:\/\/fi-fi.facebook.com\/soklieramaana\">FB-siidu<\/a>.<\/p>\n<h2>Bohccuid \u010dohkken Giema-Soabbahis<\/h2>\n<p>Bohccuid \u010dohkket big\u00e1lusaide Giema-Soabbahis (<a href=\"https:\/\/www.youtube.com\/watch?v=o6v6hcXrPaQ\">Youtube<\/a>). Tuomas V\u00e4rri\u00f6 &#8211; almmuhuvvon 3\/2015.<\/p>\n","protected":false},"excerpt":{"rendered":"<p>22 Giema-Soabbat Boazoisit: Kavakka Mika Telefovdna: +358 400 211 861 \u0160lea\u0111gapoasta: &#109;&#x69;&#x6b;a&#46;&#x6b;&#x61;v&#97;&#x6b;k&#97;&#x40;&#x67;m&#97;&#x69;l&#46;&#x63;&#x6f;m Ruovttugielda: Suovvaguoika Viidodat: 5 775,9 km2 Stuor\u00e1mus lob\u00e1la\u0161 ealliboazomearri: 12 000 Boazoeaigg\u00e1dat: 179 Giema-Soabbaha b\u00e1lggus gull\u00e1 Giemagili mearkabirii. B\u00e1lggus lea Suovvaguoikka gieldda guovllus ja oass\u00e1i maid Soa\u0111egili gieldda bealde. B\u00e1lggus r\u00e1dja\u0161uvv\u00e1 davvin Ruo\u0161\u0161a v\u00e1ldegotti r\u00e1dj\u00e1i, nuortin Davvi-Salla, m\u00e1ddin Salla ja oarjin Oraniemi ja [&hellip;]<\/p>\n","protected":false},"author":1,"featured_media":0,"parent":420,"menu_order":22,"comment_status":"open","ping_status":"closed","template":"paliskuntasivut.php","meta":{"footnotes":""},"class_list":["post-1395","page","type-page","status-publish","hentry"],"_links":{"self":[{"href":"https:\/\/paliskunnat.fi\/bo\/wp-json\/wp\/v2\/pages\/1395","targetHints":{"allow":["GET"]}}],"collection":[{"href":"https:\/\/paliskunnat.fi\/bo\/wp-json\/wp\/v2\/pages"}],"about":[{"href":"https:\/\/paliskunnat.fi\/bo\/wp-json\/wp\/v2\/types\/page"}],"author":[{"embeddable":true,"href":"https:\/\/paliskunnat.fi\/bo\/wp-json\/wp\/v2\/users\/1"}],"replies":[{"embeddable":true,"href":"https:\/\/paliskunnat.fi\/bo\/wp-json\/wp\/v2\/comments?post=1395"}],"version-history":[{"count":10,"href":"https:\/\/paliskunnat.fi\/bo\/wp-json\/wp\/v2\/pages\/1395\/revisions"}],"predecessor-version":[{"id":5995,"href":"https:\/\/paliskunnat.fi\/bo\/wp-json\/wp\/v2\/pages\/1395\/revisions\/5995"}],"up":[{"embeddable":true,"href":"https:\/\/paliskunnat.fi\/bo\/wp-json\/wp\/v2\/pages\/420"}],"wp:attachment":[{"href":"https:\/\/paliskunnat.fi\/bo\/wp-json\/wp\/v2\/media?parent=1395"}],"curies":[{"name":"wp","href":"https:\/\/api.w.org\/{rel}","templated":true}]}}