{"id":1400,"date":"2014-11-22T23:47:35","date_gmt":"2014-11-22T21:47:35","guid":{"rendered":"http:\/\/80.69.171.23\/py\/?page_id=1400"},"modified":"2025-06-10T15:09:36","modified_gmt":"2025-06-10T12:09:36","slug":"davvi-salla","status":"publish","type":"page","link":"https:\/\/paliskunnat.fi\/bo\/balgosat\/balgosiid-diedut\/davvi-salla\/","title":{"rendered":"23 Davvi-Salla"},"content":{"rendered":"<h2>23 Davvi-Salla<\/h2>\n<p>Boazoisit: Aatsinki Lasse<br \/>\nTelefovdna: +358 40 535 0184<br \/>\n\u0160lea\u0111gapoasta: l&#97;&#x73;&#x73;e&#97;&#x61;&#x74;s&#105;&#110;&#x6b;&#x69;&#46;&#112;&#x6f;&#x68;j&#111;&#x69;&#x73;s&#97;&#108;&#x6c;&#x61;&#64;&#103;&#x6d;&#x61;i&#108;&#x2e;&#x63;o&#109;<\/p>\n<p><a href=\"https:\/\/paliskunnat.fi\/bo\/wp-content\/uploads\/2014\/11\/23_pohjois_salla.png\" rel=\"lightbox[1400]\"><img loading=\"lazy\" decoding=\"async\" class=\"alignnone wp-image-1401\" src=\"https:\/\/paliskunnat.fi\/bo\/wp-content\/uploads\/2014\/11\/23_pohjois_salla.png\" alt=\"23 Davvi-Salla\" width=\"300\" height=\"387\" srcset=\"https:\/\/paliskunnat.fi\/bo\/wp-content\/uploads\/2014\/11\/23_pohjois_salla.png 776w, https:\/\/paliskunnat.fi\/bo\/wp-content\/uploads\/2014\/11\/23_pohjois_salla-233x300.png 233w\" sizes=\"auto, (max-width: 300px) 100vw, 300px\" \/><\/a><\/p>\n<table width=\"450\">\n<tbody>\n<tr>\n<td>Ruovttugielda:<\/td>\n<td>Salla<\/td>\n<\/tr>\n<tr>\n<td>Viidodat:<\/td>\n<td>2 149,0 km<sup>2<\/sup><\/td>\n<\/tr>\n<tr>\n<td>Stuor\u00e1mus lob\u00e1la\u0161 ealliboazomearri:<\/td>\n<td>4 800<\/td>\n<\/tr>\n<tr>\n<td>Boazoeaigg\u00e1dat:<\/td>\n<td>102<\/td>\n<\/tr>\n<\/tbody>\n<\/table>\n<p>Davvi-Salla b\u00e1lggus gull\u00e1 Giemagili mearkabirii. B\u00e1lggus lea Salla gieldda davveoasis. B\u00e1lggus r\u00e1dja\u0161uvv\u00e1 davvi-nuortaguovllus Ruo\u0161\u0161a r\u00e1dj\u00e1i, m\u00e1ddin Salla ja nuortin Giema-Soabbaha b\u00e1lgosiidda.<\/p>\n<p>B\u00e1lgosa eatnamiin 65,7 % leat st\u00e1htaeatnamat ja 34,3 % priv\u00e1htaeatnamat.<\/p>\n<p>B\u00e1lgosa big\u00e1lusg\u00e1rddit leat Aukiselk\u00e4, Kuningastolppa, Tuohivaara, Sarasaari, Lautakotaoja,\u00a0 Aitatsivaara, V\u00e4rri\u00f6, R\u00e4ntselm\u00e4selk\u00e4 ja Peurahaara.<\/p>\n<p>Naruskas \u00e1sset moadde badjeolbmo. V\u00e1ldooassi osola\u010d\u010dain eai \u00e1sa b\u00e1lgosa guovllus, muhto Salla girkosiiddas dahje Salla bie\u0111ggo\u00e1ssanguovllus.<\/p>\n<p>&nbsp;<\/p>\n<p>&nbsp;<\/p>\n","protected":false},"excerpt":{"rendered":"<p>23 Davvi-Salla Boazoisit: Aatsinki Lasse Telefovdna: +358 40 535 0184 \u0160lea\u0111gapoasta: &#x6c;&#97;&#x73;&#x73;&#101;&#x61;&#x61;&#116;&#x73;&#x69;&#110;&#x6b;&#x69;&#46;&#x70;&#x6f;h&#x6a;&#111;i&#x73;&#115;a&#x6c;&#108;a&#x40;&#103;m&#x61;&#105;l&#x2e;&#99;o&#x6d; Ruovttugielda: Salla Viidodat: 2 149,0 km2 Stuor\u00e1mus lob\u00e1la\u0161 ealliboazomearri: 4 800 Boazoeaigg\u00e1dat: 102 Davvi-Salla b\u00e1lggus gull\u00e1 Giemagili mearkabirii. B\u00e1lggus lea Salla gieldda davveoasis. B\u00e1lggus r\u00e1dja\u0161uvv\u00e1 davvi-nuortaguovllus Ruo\u0161\u0161a r\u00e1dj\u00e1i, m\u00e1ddin Salla ja nuortin Giema-Soabbaha b\u00e1lgosiidda. B\u00e1lgosa eatnamiin 65,7 % leat st\u00e1htaeatnamat ja 34,3 % [&hellip;]<\/p>\n","protected":false},"author":1,"featured_media":0,"parent":420,"menu_order":23,"comment_status":"open","ping_status":"closed","template":"paliskuntasivut.php","meta":{"footnotes":""},"class_list":["post-1400","page","type-page","status-publish","hentry"],"_links":{"self":[{"href":"https:\/\/paliskunnat.fi\/bo\/wp-json\/wp\/v2\/pages\/1400","targetHints":{"allow":["GET"]}}],"collection":[{"href":"https:\/\/paliskunnat.fi\/bo\/wp-json\/wp\/v2\/pages"}],"about":[{"href":"https:\/\/paliskunnat.fi\/bo\/wp-json\/wp\/v2\/types\/page"}],"author":[{"embeddable":true,"href":"https:\/\/paliskunnat.fi\/bo\/wp-json\/wp\/v2\/users\/1"}],"replies":[{"embeddable":true,"href":"https:\/\/paliskunnat.fi\/bo\/wp-json\/wp\/v2\/comments?post=1400"}],"version-history":[{"count":11,"href":"https:\/\/paliskunnat.fi\/bo\/wp-json\/wp\/v2\/pages\/1400\/revisions"}],"predecessor-version":[{"id":6200,"href":"https:\/\/paliskunnat.fi\/bo\/wp-json\/wp\/v2\/pages\/1400\/revisions\/6200"}],"up":[{"embeddable":true,"href":"https:\/\/paliskunnat.fi\/bo\/wp-json\/wp\/v2\/pages\/420"}],"wp:attachment":[{"href":"https:\/\/paliskunnat.fi\/bo\/wp-json\/wp\/v2\/media?parent=1400"}],"curies":[{"name":"wp","href":"https:\/\/api.w.org\/{rel}","templated":true}]}}