{"id":1418,"date":"2014-11-23T11:49:10","date_gmt":"2014-11-23T09:49:10","guid":{"rendered":"http:\/\/80.69.171.23\/py\/?page_id=1418"},"modified":"2023-06-07T13:18:16","modified_gmt":"2023-06-07T10:18:16","slug":"alakyla","status":"publish","type":"page","link":"https:\/\/paliskunnat.fi\/bo\/balgosat\/balgosiid-diedut\/alakyla\/","title":{"rendered":"16 Alakyl\u00e4"},"content":{"rendered":"<h2>16 Alakyl\u00e4<\/h2>\n<p>Boazoisit: Kantola Antti<br \/>\nTelefovdna: \u00a0 +358 40 562 5214<br \/>\n\u0160lea\u0111gapoasta: &#x61;n&#x74;&#116;&#x69;&#46;&#x6b;&#x61;n&#x74;&#111;&#x6c;&#97;&#x40;&#107;a&#x69;&#114;&#x61;&#110;&#x70;&#97;l&#x76;&#101;&#x6c;&#117;&#x74;&#46;f&#x69;<\/p>\n<p><a href=\"https:\/\/paliskunnat.fi\/bo\/wp-content\/uploads\/2014\/11\/16_alakyla.png\" rel=\"lightbox[1418]\"><img loading=\"lazy\" decoding=\"async\" class=\"alignnone wp-image-1424\" src=\"https:\/\/paliskunnat.fi\/bo\/wp-content\/uploads\/2014\/11\/16_alakyla.png\" alt=\"16 Alakyl\u00e4\" width=\"300\" height=\"387\" srcset=\"https:\/\/paliskunnat.fi\/bo\/wp-content\/uploads\/2014\/11\/16_alakyla.png 776w, https:\/\/paliskunnat.fi\/bo\/wp-content\/uploads\/2014\/11\/16_alakyla-233x300.png 233w\" sizes=\"auto, (max-width: 300px) 100vw, 300px\" \/><\/a><\/p>\n<table width=\"450\">\n<tbody>\n<tr>\n<td>Ruovttugielda:<\/td>\n<td>Gihttel<\/td>\n<\/tr>\n<tr>\n<td>Viidodat:<\/td>\n<td>2 950,5 km<sup>2<\/sup><\/td>\n<\/tr>\n<tr>\n<td>Stuor\u00e1mus lob\u00e1la\u0161 ealliboazomearri:<\/td>\n<td>5 300<\/td>\n<\/tr>\n<tr>\n<td>Boazoeaigg\u00e1dat:<\/td>\n<td>95<\/td>\n<\/tr>\n<\/tbody>\n<\/table>\n<p>Alakyl\u00e4 b\u00e1lggus gull\u00e1 Gihttela mearkabirii. B\u00e1lggus lea Gihttela gieldda m\u00e1ttaoasis. B\u00e1lggus r\u00e1dja\u0161uvv\u00e1 oarjin Muon\u00e1 ja Kolari, m\u00e1ddin J\u00e4\u00e4sk\u00f6 ja Poikaj\u00e4rvi, nuortin Syv\u00e4j\u00e4rvi ja davvin Goike\u010doalmmi ja Kyr\u00f6 b\u00e1lgosiidda.<\/p>\n<p>B\u00e1lgosa eatnamiin 53,7 % leat st\u00e1htaeatnamat ja 46,3 % priv\u00e1htaeatnamat. Juohke guovllus b\u00e1lgosa leat suodjalanprogr\u00e1mmaide gulli eatnamat, ean\u00e1\u0161 jekkiidsuodjalanguovllut. Suodjalanguovlluid viidodat lea fuom\u00e1\u0161ahtti. Leviduoddara turismaguovdd\u00e1\u0161 lea b\u00e1lgosa davver\u00e1jis.<\/p>\n<p>Alakyl\u00e4 b\u00e1lgosis leat 17 bohccuid gie\u0111ahallanb\u00e1ikki, mat leat mieht\u00e1 b\u00e1lgosa.<\/p>\n<p>Guovlu lea \u00e1ssojuvvon deahtt\u00e1t ja ean\u00e1\u0161 das lea Ovnnesjoga leagi giliin; Lohiniva, Kaukonen, Helppi, Alakyl\u00e4, Gihttel ja Sirkka.<\/p>\n<p>&nbsp;<\/p>\n<p>&nbsp;<\/p>\n","protected":false},"excerpt":{"rendered":"<p>16 Alakyl\u00e4 Boazoisit: Kantola Antti Telefovdna: \u00a0 +358 40 562 5214 \u0160lea\u0111gapoasta: a&#110;&#x74;&#x74;&#x69;&#46;&#107;&#97;&#x6e;&#x74;o&#108;&#97;&#x40;&#x6b;ai&#114;&#x61;&#x6e;&#x70;a&#108;&#x76;&#x65;&#x6c;u&#116;&#46;&#x66;&#x69; Ruovttugielda: Gihttel Viidodat: 2 950,5 km2 Stuor\u00e1mus lob\u00e1la\u0161 ealliboazomearri: 5 300 Boazoeaigg\u00e1dat: 95 Alakyl\u00e4 b\u00e1lggus gull\u00e1 Gihttela mearkabirii. B\u00e1lggus lea Gihttela gieldda m\u00e1ttaoasis. B\u00e1lggus r\u00e1dja\u0161uvv\u00e1 oarjin Muon\u00e1 ja Kolari, m\u00e1ddin J\u00e4\u00e4sk\u00f6 ja Poikaj\u00e4rvi, nuortin Syv\u00e4j\u00e4rvi ja davvin Goike\u010doalmmi ja Kyr\u00f6 b\u00e1lgosiidda. B\u00e1lgosa [&hellip;]<\/p>\n","protected":false},"author":1,"featured_media":0,"parent":420,"menu_order":16,"comment_status":"open","ping_status":"closed","template":"paliskuntasivut.php","meta":{"footnotes":""},"class_list":["post-1418","page","type-page","status-publish","hentry"],"_links":{"self":[{"href":"https:\/\/paliskunnat.fi\/bo\/wp-json\/wp\/v2\/pages\/1418","targetHints":{"allow":["GET"]}}],"collection":[{"href":"https:\/\/paliskunnat.fi\/bo\/wp-json\/wp\/v2\/pages"}],"about":[{"href":"https:\/\/paliskunnat.fi\/bo\/wp-json\/wp\/v2\/types\/page"}],"author":[{"embeddable":true,"href":"https:\/\/paliskunnat.fi\/bo\/wp-json\/wp\/v2\/users\/1"}],"replies":[{"embeddable":true,"href":"https:\/\/paliskunnat.fi\/bo\/wp-json\/wp\/v2\/comments?post=1418"}],"version-history":[{"count":12,"href":"https:\/\/paliskunnat.fi\/bo\/wp-json\/wp\/v2\/pages\/1418\/revisions"}],"predecessor-version":[{"id":5990,"href":"https:\/\/paliskunnat.fi\/bo\/wp-json\/wp\/v2\/pages\/1418\/revisions\/5990"}],"up":[{"embeddable":true,"href":"https:\/\/paliskunnat.fi\/bo\/wp-json\/wp\/v2\/pages\/420"}],"wp:attachment":[{"href":"https:\/\/paliskunnat.fi\/bo\/wp-json\/wp\/v2\/media?parent=1418"}],"curies":[{"name":"wp","href":"https:\/\/api.w.org\/{rel}","templated":true}]}}