{"id":1420,"date":"2014-11-23T11:50:30","date_gmt":"2014-11-23T09:50:30","guid":{"rendered":"http:\/\/80.69.171.23\/py\/?page_id=1420"},"modified":"2023-06-07T12:55:17","modified_gmt":"2023-06-07T09:55:17","slug":"syvajarvi","status":"publish","type":"page","link":"https:\/\/paliskunnat.fi\/bo\/balgosat\/balgosiid-diedut\/syvajarvi\/","title":{"rendered":"19 Syv\u00e4j\u00e4rvi"},"content":{"rendered":"<h2>19 Syv\u00e4j\u00e4rvi<\/h2>\n<p>Boazoisit: Hannula Jari<br \/>\nTelefovdna: +358 40 742 0291<br \/>\n\u0160lea\u0111gapoasta: &#106;&#97;&#x72;&#x69;&#46;&#104;&#x61;&#x6e;&#110;&#117;&#x6c;&#x61;&#46;&#115;&#x79;&#x76;&#97;&#112;&#x6c;&#x6b;&#64;&#103;&#x6d;&#x61;&#105;&#108;&#x2e;&#x63;&#111;&#109;<\/p>\n<p><a href=\"https:\/\/paliskunnat.fi\/bo\/wp-content\/uploads\/2014\/11\/19_syvajarvi.png\" rel=\"lightbox[1420]\"><img loading=\"lazy\" decoding=\"async\" class=\"alignnone wp-image-1427\" src=\"https:\/\/paliskunnat.fi\/bo\/wp-content\/uploads\/2014\/11\/19_syvajarvi.png\" alt=\"19_syvajarvi\" width=\"300\" height=\"387\" srcset=\"https:\/\/paliskunnat.fi\/bo\/wp-content\/uploads\/2014\/11\/19_syvajarvi.png 776w, https:\/\/paliskunnat.fi\/bo\/wp-content\/uploads\/2014\/11\/19_syvajarvi-233x300.png 233w\" sizes=\"auto, (max-width: 300px) 100vw, 300px\" \/><\/a><\/p>\n<table width=\"450\">\n<tbody>\n<tr>\n<td>Ruovttugielda:<\/td>\n<td>Soa\u0111egilli<\/td>\n<\/tr>\n<tr>\n<td>Viidodat:<\/td>\n<td>2 263,4 km<sup>2<\/sup><\/td>\n<\/tr>\n<tr>\n<td>Stuor\u00e1mus lob\u00e1la\u0161 ealliboazomearri:<\/td>\n<td>5 500<\/td>\n<\/tr>\n<tr>\n<td>Boazoeaigg\u00e1dat:<\/td>\n<td>106<\/td>\n<\/tr>\n<\/tbody>\n<\/table>\n<p>Syv\u00e4j\u00e4rvi b\u00e1lggus gull\u00e1 Soa\u0111egili mearkabirii. B\u00e1lggus lea Soa\u0111egili gieldda m\u00e1ttaoasis ja oll\u00e1 veh\u00e1\u0161 maid Roavvenj\u00e1rgga beall\u00e1i. Davvin b\u00e1lggus r\u00e1dja\u0161uvv\u00e1 Sattasniemi, nuortin Oraniemi ja Pyh\u00e4-Kallio, m\u00e1ddin Poikaj\u00e4rvi ja oarjin Alakyl\u00e4 b\u00e1lgosiidda.<\/p>\n<p>B\u00e1lgosa eatnamiin 51,3 % leat st\u00e1htaeatnamat ja 48,7 % priv\u00e1htaeatnamat. Kyl\u00e4j\u00e4rvi b\u00e1h\u010dinguovlu lea Piitti\u00f6kairas, man oamasta st\u00e1hta ja lea bealu\u0161tanf\u00e1muid geavahusas. B\u00e1lgosis lea lavdnjebuvttadanguovlu ja Soa\u0111egili Joukhaisselk\u00e4i huksejuvvo bieggaf\u00e1mu buvttadanguovlu.<\/p>\n<p>B\u00e1lgosis lea gok\u010deva\u0161 \u00e1idefierpm\u00e1dat, mas leat sullii 24 g\u00e1rddi.<\/p>\n<p>Fuom\u00e1\u0161ahtti \u00e1ssan\u010doahkkeb\u00e1iki lea Soa\u0111egili girkosiida.<\/p>\n<p>&nbsp;<\/p>\n<p>&nbsp;<\/p>\n","protected":false},"excerpt":{"rendered":"<p>19 Syv\u00e4j\u00e4rvi Boazoisit: Hannula Jari Telefovdna: +358 40 742 0291 \u0160lea\u0111gapoasta: &#x6a;&#97;r&#x69;&#46;h&#x61;&#x6e;&#110;&#x75;&#x6c;&#97;&#46;&#x73;&#121;v&#x61;&#x70;&#108;&#x6b;&#x40;&#103;m&#x61;&#105;l&#x2e;&#x63;&#111;&#x6d; Ruovttugielda: Soa\u0111egilli Viidodat: 2 263,4 km2 Stuor\u00e1mus lob\u00e1la\u0161 ealliboazomearri: 5 500 Boazoeaigg\u00e1dat: 106 Syv\u00e4j\u00e4rvi b\u00e1lggus gull\u00e1 Soa\u0111egili mearkabirii. B\u00e1lggus lea Soa\u0111egili gieldda m\u00e1ttaoasis ja oll\u00e1 veh\u00e1\u0161 maid Roavvenj\u00e1rgga beall\u00e1i. Davvin b\u00e1lggus r\u00e1dja\u0161uvv\u00e1 Sattasniemi, nuortin Oraniemi ja Pyh\u00e4-Kallio, m\u00e1ddin Poikaj\u00e4rvi ja oarjin Alakyl\u00e4 b\u00e1lgosiidda. [&hellip;]<\/p>\n","protected":false},"author":1,"featured_media":0,"parent":420,"menu_order":19,"comment_status":"open","ping_status":"closed","template":"paliskuntasivut.php","meta":{"footnotes":""},"class_list":["post-1420","page","type-page","status-publish","hentry"],"_links":{"self":[{"href":"https:\/\/paliskunnat.fi\/bo\/wp-json\/wp\/v2\/pages\/1420","targetHints":{"allow":["GET"]}}],"collection":[{"href":"https:\/\/paliskunnat.fi\/bo\/wp-json\/wp\/v2\/pages"}],"about":[{"href":"https:\/\/paliskunnat.fi\/bo\/wp-json\/wp\/v2\/types\/page"}],"author":[{"embeddable":true,"href":"https:\/\/paliskunnat.fi\/bo\/wp-json\/wp\/v2\/users\/1"}],"replies":[{"embeddable":true,"href":"https:\/\/paliskunnat.fi\/bo\/wp-json\/wp\/v2\/comments?post=1420"}],"version-history":[{"count":9,"href":"https:\/\/paliskunnat.fi\/bo\/wp-json\/wp\/v2\/pages\/1420\/revisions"}],"predecessor-version":[{"id":5993,"href":"https:\/\/paliskunnat.fi\/bo\/wp-json\/wp\/v2\/pages\/1420\/revisions\/5993"}],"up":[{"embeddable":true,"href":"https:\/\/paliskunnat.fi\/bo\/wp-json\/wp\/v2\/pages\/420"}],"wp:attachment":[{"href":"https:\/\/paliskunnat.fi\/bo\/wp-json\/wp\/v2\/media?parent=1420"}],"curies":[{"name":"wp","href":"https:\/\/api.w.org\/{rel}","templated":true}]}}