{"id":1422,"date":"2014-11-23T11:52:15","date_gmt":"2014-11-23T09:52:15","guid":{"rendered":"http:\/\/80.69.171.23\/py\/?page_id=1422"},"modified":"2023-06-07T12:54:32","modified_gmt":"2023-06-07T09:54:32","slug":"oraniemi","status":"publish","type":"page","link":"https:\/\/paliskunnat.fi\/bo\/balgosat\/balgosiid-diedut\/oraniemi\/","title":{"rendered":"18 Oraniemi"},"content":{"rendered":"<h2>18 Oraniemi<\/h2>\n<p>Boazoisit: Siivola Martti<br \/>\nTelefovdna: +358 40 0182 580<br \/>\n\u0160lea\u0111gapoasta: &#109;&#x61;&#114;&#x74;&#116;&#x69;&#46;&#x73;i&#x69;v&#x6f;l&#x61;&#64;&#108;&#x75;&#117;&#x6b;&#107;&#x75;&#46;&#x63;&#111;&#x6d;<\/p>\n<p><a href=\"https:\/\/paliskunnat.fi\/bo\/wp-content\/uploads\/2014\/11\/18_oraniemi.png\" rel=\"lightbox[1422]\"><img loading=\"lazy\" decoding=\"async\" class=\"alignnone wp-image-1429\" src=\"https:\/\/paliskunnat.fi\/bo\/wp-content\/uploads\/2014\/11\/18_oraniemi.png\" alt=\"18 Oraniemi\" width=\"300\" height=\"387\" srcset=\"https:\/\/paliskunnat.fi\/bo\/wp-content\/uploads\/2014\/11\/18_oraniemi.png 776w, https:\/\/paliskunnat.fi\/bo\/wp-content\/uploads\/2014\/11\/18_oraniemi-233x300.png 233w\" sizes=\"auto, (max-width: 300px) 100vw, 300px\" \/><\/a><\/p>\n<table width=\"450\">\n<tbody>\n<tr>\n<td>Ruovttugielda:<\/td>\n<td>Soa\u0111egilli<\/td>\n<\/tr>\n<tr>\n<td>Viidodat:<\/td>\n<td>3 892,7 km<sup>2<\/sup><\/td>\n<\/tr>\n<tr>\n<td>Suurin sallittu eloporom\u00e4\u00e4r\u00e4:<\/td>\n<td>6 000<\/td>\n<\/tr>\n<tr>\n<td>Stuor\u00e1mus lob\u00e1la\u0161 ealliboazomearri:<\/td>\n<td>123<\/td>\n<\/tr>\n<\/tbody>\n<\/table>\n<p>Oraniemi b\u00e1lggus gull\u00e1 Soa\u0111egili mearkabirii. B\u00e1lggus lea golmma gielddas: Soa\u0111egilis (60 %), Pelkosenniemis (15 %) ja Suovvaguoikkas (25 %). B\u00e1lggus r\u00e1dja\u0161uvv\u00e1 davvin S\u00e1mi, nuortin Giema-Soabbaha, m\u00e1ddin Hirvasniemi ja Pyh\u00e4-Kallio, oarjem\u00e1ddin Syv\u00e4j\u00e4rvi ja oarjin Sattaniemi b\u00e1lgosiidda.<\/p>\n<p>B\u00e1lgosa eatnamiin 69,4 % leat st\u00e1htaeatnamat ja 30,6 % priv\u00e1htaeatnamat. B\u00e1lgosis leat Natura-guovllut, mat leat duo\u0111aid deh\u00e1la\u0161 guohtuneatnamat. B\u00e1lgosa eatnamiin lea Kevitsa m\u00e1\u014bgamet\u00e1llaruvke, mii lea doaibman jagis 2012. B\u00e1lgosis lea lassin aktiivvala\u0161 m\u00e1lmmaohcan, main guhkimussii lea ollen Sakatti ruvkepro\u0161eakta. M\u00e1lmmaohcanguovllut ollejit oass\u00e1i Natura-guovlluide. D\u00e1id lassin Oraniemi eatnamiin lea Puolakkavaaras Turveruukki Paarnitsa-aavan lavdnjebuvttadanguovlu sihke guhk\u00e1s ovd\u00e1nan bieggaf\u00e1pmorusttetpro\u0161eakta Keluvaaras.<\/p>\n<p>B\u00e1lgosa stuor\u00e1mus ja deh\u00e1leamos big\u00e1lusg\u00e1rdi lea Kyl\u00e4selk\u00e4. Ear\u00e1 big\u00e1lusg\u00e1rddit leat Routusvaara, Nallukka, Matero, Niemiselk\u00e4, Kommatti ja Tulinenj\u00e4rvi.<\/p>\n<p>Stuor\u00e1mus \u010doahkkeb\u00e1iki lea Soa\u0111egili girkosiida, man nuortabealli gull\u00e1 Oraniemi b\u00e1lgosii. Stuor\u00e1mus oassi b\u00e1lgosa osola\u010d\u010dain \u00e1sset b\u00e1lgosa guovllu bie\u0111ggo\u00e1ssanguovllu giliin.<\/p>\n<p>&nbsp;<\/p>\n<p>&nbsp;<\/p>\n<p><!--more--><\/p>\n<h2>Boazor\u00e1tkin 1982<\/h2>\n<p>Boazor\u00e1tkin Kommattivaaras 1982 (<a href=\"https:\/\/www.youtube.com\/watch?v=Hu5JQ0M1JhA\">Youtube<\/a>). Govven: Pentti Vuoj\u00e4rvi &#8211; almmuhuvvon 3\/2013.<\/p>\n<p>&nbsp;<\/p>\n","protected":false},"excerpt":{"rendered":"<p>18 Oraniemi Boazoisit: Siivola Martti Telefovdna: +358 40 0182 580 \u0160lea\u0111gapoasta: &#x6d;a&#x72;&#116;&#x74;&#105;&#46;&#x73;&#105;&#x69;&#118;o&#x6c;&#97;&#x40;&#108;u&#x75;k&#x6b;&#117;&#x2e;&#x63;o&#x6d; Ruovttugielda: Soa\u0111egilli Viidodat: 3 892,7 km2 Suurin sallittu eloporom\u00e4\u00e4r\u00e4: 6 000 Stuor\u00e1mus lob\u00e1la\u0161 ealliboazomearri: 123 Oraniemi b\u00e1lggus gull\u00e1 Soa\u0111egili mearkabirii. B\u00e1lggus lea golmma gielddas: Soa\u0111egilis (60 %), Pelkosenniemis (15 %) ja Suovvaguoikkas (25 %). B\u00e1lggus r\u00e1dja\u0161uvv\u00e1 davvin S\u00e1mi, nuortin Giema-Soabbaha, m\u00e1ddin Hirvasniemi ja [&hellip;]<\/p>\n","protected":false},"author":1,"featured_media":0,"parent":420,"menu_order":18,"comment_status":"open","ping_status":"closed","template":"paliskuntasivut.php","meta":{"footnotes":""},"class_list":["post-1422","page","type-page","status-publish","hentry"],"_links":{"self":[{"href":"https:\/\/paliskunnat.fi\/bo\/wp-json\/wp\/v2\/pages\/1422","targetHints":{"allow":["GET"]}}],"collection":[{"href":"https:\/\/paliskunnat.fi\/bo\/wp-json\/wp\/v2\/pages"}],"about":[{"href":"https:\/\/paliskunnat.fi\/bo\/wp-json\/wp\/v2\/types\/page"}],"author":[{"embeddable":true,"href":"https:\/\/paliskunnat.fi\/bo\/wp-json\/wp\/v2\/users\/1"}],"replies":[{"embeddable":true,"href":"https:\/\/paliskunnat.fi\/bo\/wp-json\/wp\/v2\/comments?post=1422"}],"version-history":[{"count":10,"href":"https:\/\/paliskunnat.fi\/bo\/wp-json\/wp\/v2\/pages\/1422\/revisions"}],"predecessor-version":[{"id":5992,"href":"https:\/\/paliskunnat.fi\/bo\/wp-json\/wp\/v2\/pages\/1422\/revisions\/5992"}],"up":[{"embeddable":true,"href":"https:\/\/paliskunnat.fi\/bo\/wp-json\/wp\/v2\/pages\/420"}],"wp:attachment":[{"href":"https:\/\/paliskunnat.fi\/bo\/wp-json\/wp\/v2\/media?parent=1422"}],"curies":[{"name":"wp","href":"https:\/\/api.w.org\/{rel}","templated":true}]}}