{"id":1446,"date":"2014-11-23T14:58:45","date_gmt":"2014-11-23T12:58:45","guid":{"rendered":"http:\/\/80.69.171.23\/py\/?page_id=1446"},"modified":"2025-06-03T11:41:16","modified_gmt":"2025-06-03T08:41:16","slug":"salla","status":"publish","type":"page","link":"https:\/\/paliskunnat.fi\/bo\/balgosat\/balgosiid-diedut\/salla\/","title":{"rendered":"24 Salla"},"content":{"rendered":"<h2>24 Salla<\/h2>\n<p>Boazoisit: Mursu Sami<br \/>\nTelefovdna: +358 40 547 1397<br \/>\n\u0160lea\u0111gapoasta: &#115;&#x61;&#108;&#x6c;a&#x6e;p&#108;&#x6b;&#50;&#x34;&#64;&#x67;m&#97;&#x69;&#108;&#x2e;c&#x6f;m<\/p>\n<p><a href=\"https:\/\/paliskunnat.fi\/bo\/wp-content\/uploads\/2014\/11\/24_salla.png\" rel=\"lightbox[1446]\"><img loading=\"lazy\" decoding=\"async\" class=\"alignnone wp-image-1495\" src=\"https:\/\/paliskunnat.fi\/bo\/wp-content\/uploads\/2014\/11\/24_salla.png\" alt=\"24 Salla\" width=\"300\" height=\"387\" srcset=\"https:\/\/paliskunnat.fi\/bo\/wp-content\/uploads\/2014\/11\/24_salla.png 775w, https:\/\/paliskunnat.fi\/bo\/wp-content\/uploads\/2014\/11\/24_salla-233x300.png 233w\" sizes=\"auto, (max-width: 300px) 100vw, 300px\" \/><\/a><\/p>\n<table width=\"450\">\n<tbody>\n<tr>\n<td>Ruovttugielda:<\/td>\n<td>Salla<\/td>\n<\/tr>\n<tr>\n<td>Viidodat:<\/td>\n<td>4 378,0 km<sup>2<\/sup><\/td>\n<\/tr>\n<tr>\n<td>Stuor\u00e1mus lob\u00e1la\u0161 ealliboazomearri:<\/td>\n<td>5 300<\/td>\n<\/tr>\n<tr>\n<td>Boazoeaigg\u00e1dat:<\/td>\n<td>178<\/td>\n<\/tr>\n<\/tbody>\n<\/table>\n<p>Salla b\u00e1lggus gull\u00e1 Salla mearkabirii. B\u00e1lggus lea ean\u00e1\u0161 Salla gieldda bealde ja veh\u00e1\u0161 maid Giemaj\u00e1vrri, Pelkosenniemi ja Suovvaguoikka gielddaid bealde.<\/p>\n<p>B\u00e1lggus r\u00e1dja\u0161uvv\u00e1 nuortin Ruo\u0161\u0161a r\u00e1dj\u00e1i. M\u00e1ddin b\u00e1lggus r\u00e1dja\u0161uvv\u00e1 Alakitka ja Tolva, oarjin Hirvasniemi, oarjedavvin Oraniemi ja davvin Giema-Soabbaha ja Davvi-Salla b\u00e1lgosiidda.<\/p>\n<p>B\u00e1lgosa eatnamiin 36,1 % leat st\u00e1htaeatnamat ja 63,9 % priv\u00e1htaeatnamat. Oulanka \u00e1lbmotmeahcci lea oass\u00e1i b\u00e1lgosa bealde. Sallatunturi \u010duoiganguovdd\u00e1\u0161 lea b\u00e1lgosa guovllus.<\/p>\n<p>B\u00e1lgosis leat giddesg\u00e1rddit muhto sirding\u00e1rddit leat \u00e1nus d\u00e1vjjit. \u00c1ssan lea \u010dohkkiidan Salla girkosiidii ja juohk\u00e1sa mu\u0111uid d\u00e1ssidit unnit giliide.<\/p>\n<p>&nbsp;<\/p>\n<p>&nbsp;<\/p>\n","protected":false},"excerpt":{"rendered":"<p>24 Salla Boazoisit: Mursu Sami Telefovdna: +358 40 547 1397 \u0160lea\u0111gapoasta: &#115;&#x61;&#108;&#x6c;a&#110;&#x70;&#108;&#x6b;2&#x34;&#64;&#103;&#x6d;&#97;&#x69;l&#x2e;&#x63;&#111;&#x6d; Ruovttugielda: Salla Viidodat: 4 378,0 km2 Stuor\u00e1mus lob\u00e1la\u0161 ealliboazomearri: 5 300 Boazoeaigg\u00e1dat: 178 Salla b\u00e1lggus gull\u00e1 Salla mearkabirii. B\u00e1lggus lea ean\u00e1\u0161 Salla gieldda bealde ja veh\u00e1\u0161 maid Giemaj\u00e1vrri, Pelkosenniemi ja Suovvaguoikka gielddaid bealde. B\u00e1lggus r\u00e1dja\u0161uvv\u00e1 nuortin Ruo\u0161\u0161a r\u00e1dj\u00e1i. M\u00e1ddin b\u00e1lggus r\u00e1dja\u0161uvv\u00e1 Alakitka ja [&hellip;]<\/p>\n","protected":false},"author":1,"featured_media":0,"parent":420,"menu_order":24,"comment_status":"open","ping_status":"closed","template":"paliskuntasivut.php","meta":{"footnotes":""},"class_list":["post-1446","page","type-page","status-publish","hentry"],"_links":{"self":[{"href":"https:\/\/paliskunnat.fi\/bo\/wp-json\/wp\/v2\/pages\/1446","targetHints":{"allow":["GET"]}}],"collection":[{"href":"https:\/\/paliskunnat.fi\/bo\/wp-json\/wp\/v2\/pages"}],"about":[{"href":"https:\/\/paliskunnat.fi\/bo\/wp-json\/wp\/v2\/types\/page"}],"author":[{"embeddable":true,"href":"https:\/\/paliskunnat.fi\/bo\/wp-json\/wp\/v2\/users\/1"}],"replies":[{"embeddable":true,"href":"https:\/\/paliskunnat.fi\/bo\/wp-json\/wp\/v2\/comments?post=1446"}],"version-history":[{"count":12,"href":"https:\/\/paliskunnat.fi\/bo\/wp-json\/wp\/v2\/pages\/1446\/revisions"}],"predecessor-version":[{"id":6191,"href":"https:\/\/paliskunnat.fi\/bo\/wp-json\/wp\/v2\/pages\/1446\/revisions\/6191"}],"up":[{"embeddable":true,"href":"https:\/\/paliskunnat.fi\/bo\/wp-json\/wp\/v2\/pages\/420"}],"wp:attachment":[{"href":"https:\/\/paliskunnat.fi\/bo\/wp-json\/wp\/v2\/media?parent=1446"}],"curies":[{"name":"wp","href":"https:\/\/api.w.org\/{rel}","templated":true}]}}