{"id":1449,"date":"2014-11-23T15:12:52","date_gmt":"2014-11-23T13:12:52","guid":{"rendered":"http:\/\/80.69.171.23\/py\/?page_id=1449"},"modified":"2024-05-31T14:00:44","modified_gmt":"2024-05-31T11:00:44","slug":"hirvasniemi","status":"publish","type":"page","link":"https:\/\/paliskunnat.fi\/bo\/balgosat\/balgosiid-diedut\/hirvasniemi\/","title":{"rendered":"25  Hirvasniemi"},"content":{"rendered":"<h2>25 Hirvasniemi<\/h2>\n<p>Boazoisit: Alaluusua Alpo<br \/>\nTelefovdna: +358 40 720 9385<br \/>\n\u0160lea\u0111gapoasta: &#x61;&#108;&#112;o&#x61;&#x6c;&#97;l&#x75;&#x75;&#115;u&#x61;&#x40;&#103;m&#x61;&#x69;&#108;&#46;&#x63;&#x6f;&#109;<\/p>\n<p><a href=\"https:\/\/paliskunnat.fi\/bo\/wp-content\/uploads\/2014\/11\/25_hirvasniemi.png\" rel=\"lightbox[1449]\"><img loading=\"lazy\" decoding=\"async\" class=\"alignnone wp-image-1501\" src=\"https:\/\/paliskunnat.fi\/bo\/wp-content\/uploads\/2014\/11\/25_hirvasniemi.png\" alt=\"25 Hirvassniemi\" width=\"300\" height=\"387\" srcset=\"https:\/\/paliskunnat.fi\/bo\/wp-content\/uploads\/2014\/11\/25_hirvasniemi.png 776w, https:\/\/paliskunnat.fi\/bo\/wp-content\/uploads\/2014\/11\/25_hirvasniemi-233x300.png 233w\" sizes=\"auto, (max-width: 300px) 100vw, 300px\" \/><\/a><\/p>\n<table width=\"450\">\n<tbody>\n<tr>\n<td>Ruovttugielda:<\/td>\n<td>Giemaj\u00e1vri<\/td>\n<\/tr>\n<tr>\n<td>Viidodat:<\/td>\n<td>1 925,9 km<sup>2<\/sup><\/td>\n<\/tr>\n<tr>\n<td>Stuor\u00e1mus lob\u00e1la\u0161 ealliboazomearri:<\/td>\n<td>2 300<\/td>\n<\/tr>\n<tr>\n<td>Boazoeaigg\u00e1dat:<\/td>\n<td>70<\/td>\n<\/tr>\n<\/tbody>\n<\/table>\n<p>Hirvasniemi b\u00e1lggus gull\u00e1 Salla mearkabirii. B\u00e1lggus lea Giemaj\u00e1vrri (s. 65 %), Pelkosenniemi (s. 25 %) ja Suovvaguoikka (s. 10 %) gielddaid guovlluin. B\u00e1lggus r\u00e1dja\u0161uvv\u00e1 oarjin Pyh\u00e4-Kallio, davvin Oraniemi, nuortin Salla sihke m\u00e1ddin Timisj\u00e4rvi b\u00e1lgosiidda.<\/p>\n<p>B\u00e1lgosa eatnamiin 24,8 % leat st\u00e1htaeatnamat ja 75,2 % priv\u00e1htaeatnamat. \u00c1lbmot- dahje luonddumeahcit eai b\u00e1lgosa guovllus leat eaige meahcceguovllut. Boares vuovddit ja luonddumeahcit leat vel Ottovaaras, mii gull\u00e1 Natura suodjalanguovlluide.<\/p>\n<p>B\u00e1lgosa deh\u00e1la\u0161 big\u00e1lusg\u00e1rddit leat Isokyl\u00e4, Soppela, Palomaa, Haukivaara ja Seitavaara. Hanhivaaras lea giddes g\u00e1rdi, man geavahit miessemearkumiin. V\u00e1ldooassi b\u00e1lgosa osola\u010d\u010dain \u00e1sset giliin, mat leat Soppela, Isokyl\u00e4, Kallaanvaara, Joutsij\u00e4rvi, Kostamo ja Luusua. Soppelas \u00e1sset measta 80 % osola\u010d\u010dain.<\/p>\n<p>&nbsp;<\/p>\n<p>&nbsp;<\/p>\n","protected":false},"excerpt":{"rendered":"<p>25 Hirvasniemi Boazoisit: Alaluusua Alpo Telefovdna: +358 40 720 9385 \u0160lea\u0111gapoasta: &#x61;&#x6c;&#112;o&#x61;&#x6c;&#x61;&#108;u&#x75;&#x73;&#x75;&#97;&#64;&#x67;&#x6d;&#x61;&#105;l&#x2e;&#x63;&#x6f;&#109; Ruovttugielda: Giemaj\u00e1vri Viidodat: 1 925,9 km2 Stuor\u00e1mus lob\u00e1la\u0161 ealliboazomearri: 2 300 Boazoeaigg\u00e1dat: 70 Hirvasniemi b\u00e1lggus gull\u00e1 Salla mearkabirii. B\u00e1lggus lea Giemaj\u00e1vrri (s. 65 %), Pelkosenniemi (s. 25 %) ja Suovvaguoikka (s. 10 %) gielddaid guovlluin. B\u00e1lggus r\u00e1dja\u0161uvv\u00e1 oarjin Pyh\u00e4-Kallio, davvin Oraniemi, nuortin Salla [&hellip;]<\/p>\n","protected":false},"author":1,"featured_media":0,"parent":420,"menu_order":25,"comment_status":"open","ping_status":"closed","template":"paliskuntasivut.php","meta":{"footnotes":""},"class_list":["post-1449","page","type-page","status-publish","hentry"],"_links":{"self":[{"href":"https:\/\/paliskunnat.fi\/bo\/wp-json\/wp\/v2\/pages\/1449","targetHints":{"allow":["GET"]}}],"collection":[{"href":"https:\/\/paliskunnat.fi\/bo\/wp-json\/wp\/v2\/pages"}],"about":[{"href":"https:\/\/paliskunnat.fi\/bo\/wp-json\/wp\/v2\/types\/page"}],"author":[{"embeddable":true,"href":"https:\/\/paliskunnat.fi\/bo\/wp-json\/wp\/v2\/users\/1"}],"replies":[{"embeddable":true,"href":"https:\/\/paliskunnat.fi\/bo\/wp-json\/wp\/v2\/comments?post=1449"}],"version-history":[{"count":11,"href":"https:\/\/paliskunnat.fi\/bo\/wp-json\/wp\/v2\/pages\/1449\/revisions"}],"predecessor-version":[{"id":6134,"href":"https:\/\/paliskunnat.fi\/bo\/wp-json\/wp\/v2\/pages\/1449\/revisions\/6134"}],"up":[{"embeddable":true,"href":"https:\/\/paliskunnat.fi\/bo\/wp-json\/wp\/v2\/pages\/420"}],"wp:attachment":[{"href":"https:\/\/paliskunnat.fi\/bo\/wp-json\/wp\/v2\/media?parent=1449"}],"curies":[{"name":"wp","href":"https:\/\/api.w.org\/{rel}","templated":true}]}}