{"id":1451,"date":"2014-11-23T15:14:17","date_gmt":"2014-11-23T13:14:17","guid":{"rendered":"http:\/\/80.69.171.23\/py\/?page_id=1451"},"modified":"2023-06-07T13:00:22","modified_gmt":"2023-06-07T10:00:22","slug":"pyha-kallio","status":"publish","type":"page","link":"https:\/\/paliskunnat.fi\/bo\/balgosat\/balgosiid-diedut\/pyha-kallio\/","title":{"rendered":"26 Pyh\u00e4-Kallio"},"content":{"rendered":"<h2>26 Pyh\u00e4-Kallio<\/h2>\n<p>Boazoisit: Uutela Ky\u00f6sti<br \/>\nTelefovdna: +358 40 013 2161<br \/>\n\u0160lea\u0111gapoasta: ky&#111;&#115;&#116;&#x69;&#x2e;&#x75;&#x75;&#x74;el&#97;&#64;&#104;&#x6f;&#x74;&#x6d;&#x61;&#x69;l&#46;&#102;&#105;<\/p>\n<p><a href=\"https:\/\/paliskunnat.fi\/bo\/wp-content\/uploads\/2014\/11\/26_pyha_kallio.png\" rel=\"lightbox[1451]\"><img loading=\"lazy\" decoding=\"async\" class=\"alignnone wp-image-1503\" src=\"https:\/\/paliskunnat.fi\/bo\/wp-content\/uploads\/2014\/11\/26_pyha_kallio.png\" alt=\"26_pyha_kallio\" width=\"300\" height=\"387\" srcset=\"https:\/\/paliskunnat.fi\/bo\/wp-content\/uploads\/2014\/11\/26_pyha_kallio.png 776w, https:\/\/paliskunnat.fi\/bo\/wp-content\/uploads\/2014\/11\/26_pyha_kallio-233x300.png 233w\" sizes=\"auto, (max-width: 300px) 100vw, 300px\" \/><\/a><\/p>\n<table width=\"450\">\n<tbody>\n<tr>\n<td>Ruovttugielda:<\/td>\n<td>Giemaj\u00e1vri<\/td>\n<\/tr>\n<tr>\n<td>Viidodat:<\/td>\n<td>3 976,7 km<sup>2<\/sup><\/td>\n<\/tr>\n<tr>\n<td>Stuor\u00e1mus lob\u00e1la\u0161 ealliboazomearri:<\/td>\n<td>6 500<\/td>\n<\/tr>\n<tr>\n<td>Boazoeaigg\u00e1dat:<\/td>\n<td>139<\/td>\n<\/tr>\n<\/tbody>\n<\/table>\n<p>Pyh\u00e4-Kallio lea Roavvenj\u00e1rgga, Giemaj\u00e1vrri, Soa\u0111egili ja Pelkosenniemi gielddain. Davvin b\u00e1lggus r\u00e1dja\u0161uvv\u00e1 Oraniemi, nuortin Hirvasniemi, m\u00e1ddin Vanttaus ja Timisj\u00e4rvi ja oarjin Poikaj\u00e4rvi ja Syv\u00e4j\u00e4rvi b\u00e1lgosiidda.<\/p>\n<p>B\u00e1lgosa eatnamiin 55,0 % leat st\u00e1htaeatnamat ja 45,0 % priv\u00e1htaeatnamat. Rovaj\u00e4rvi b\u00e1h\u010dinguovlu, Pyh\u00e4-Luosto \u00e1lbmotmeahcci sihke Pyh\u00e4 ja Luosto turismaguovdd\u00e1\u017eat leat b\u00e1lgosa eatnamiin.<\/p>\n<p>B\u00e1lgosis lea gok\u010deva\u0161 g\u00e1rdefierpm\u00e1dat, mas leat sullii 40 g\u00e1rddi. B\u00e1lgosis lea gaskamearala\u010d\u010dat okta g\u00e1rdi \/ 100 km<sup>2<\/sup>.<\/p>\n<p>Fuom\u00e1\u0161ahtti \u00e1ssan\u010doahkkeb\u00e1ikkit leat Giemaj\u00e1vrri g\u00e1vpot ja Pelkosenniemi girkosiida. B\u00e1lgosa guovllus leat m\u00e1\u014bggat gil\u00e1\u017eat. Badjeolbmot \u00e1sset mieht\u00e1 b\u00e1lgosa.<\/p>\n<p>&nbsp;<\/p>\n<p>&nbsp;<\/p>\n","protected":false},"excerpt":{"rendered":"<p>26 Pyh\u00e4-Kallio Boazoisit: Uutela Ky\u00f6sti Telefovdna: +358 40 013 2161 \u0160lea\u0111gapoasta: k&#121;&#111;&#115;&#x74;&#x69;&#x2e;uu&#116;&#101;&#x6c;&#x61;&#x40;&#x68;ot&#109;&#97;&#x69;&#x6c;&#x2e;&#x66;i Ruovttugielda: Giemaj\u00e1vri Viidodat: 3 976,7 km2 Stuor\u00e1mus lob\u00e1la\u0161 ealliboazomearri: 6 500 Boazoeaigg\u00e1dat: 139 Pyh\u00e4-Kallio lea Roavvenj\u00e1rgga, Giemaj\u00e1vrri, Soa\u0111egili ja Pelkosenniemi gielddain. Davvin b\u00e1lggus r\u00e1dja\u0161uvv\u00e1 Oraniemi, nuortin Hirvasniemi, m\u00e1ddin Vanttaus ja Timisj\u00e4rvi ja oarjin Poikaj\u00e4rvi ja Syv\u00e4j\u00e4rvi b\u00e1lgosiidda. B\u00e1lgosa eatnamiin 55,0 % leat st\u00e1htaeatnamat [&hellip;]<\/p>\n","protected":false},"author":1,"featured_media":0,"parent":420,"menu_order":26,"comment_status":"open","ping_status":"closed","template":"paliskuntasivut.php","meta":{"footnotes":""},"class_list":["post-1451","page","type-page","status-publish","hentry"],"_links":{"self":[{"href":"https:\/\/paliskunnat.fi\/bo\/wp-json\/wp\/v2\/pages\/1451","targetHints":{"allow":["GET"]}}],"collection":[{"href":"https:\/\/paliskunnat.fi\/bo\/wp-json\/wp\/v2\/pages"}],"about":[{"href":"https:\/\/paliskunnat.fi\/bo\/wp-json\/wp\/v2\/types\/page"}],"author":[{"embeddable":true,"href":"https:\/\/paliskunnat.fi\/bo\/wp-json\/wp\/v2\/users\/1"}],"replies":[{"embeddable":true,"href":"https:\/\/paliskunnat.fi\/bo\/wp-json\/wp\/v2\/comments?post=1451"}],"version-history":[{"count":11,"href":"https:\/\/paliskunnat.fi\/bo\/wp-json\/wp\/v2\/pages\/1451\/revisions"}],"predecessor-version":[{"id":5999,"href":"https:\/\/paliskunnat.fi\/bo\/wp-json\/wp\/v2\/pages\/1451\/revisions\/5999"}],"up":[{"embeddable":true,"href":"https:\/\/paliskunnat.fi\/bo\/wp-json\/wp\/v2\/pages\/420"}],"wp:attachment":[{"href":"https:\/\/paliskunnat.fi\/bo\/wp-json\/wp\/v2\/media?parent=1451"}],"curies":[{"name":"wp","href":"https:\/\/api.w.org\/{rel}","templated":true}]}}