{"id":1453,"date":"2014-11-23T15:15:45","date_gmt":"2014-11-23T13:15:45","guid":{"rendered":"http:\/\/80.69.171.23\/py\/?page_id=1453"},"modified":"2023-06-07T13:01:07","modified_gmt":"2023-06-07T10:01:07","slug":"vanttaus","status":"publish","type":"page","link":"https:\/\/paliskunnat.fi\/bo\/balgosat\/balgosiid-diedut\/vanttaus\/","title":{"rendered":"27 Vanttaus"},"content":{"rendered":"<h2>27 Vanttaus<\/h2>\n<p>Boazoisit: Karvonen Seppo<br \/>\nTelefovdna: +358 40 741 1969<br \/>\n\u0160lea\u0111gapoasta:\u00a0&#x6b;&#x61;&#x72;v&#111;&#x6e;&#x65;&#x6e;s&#101;&#x70;&#x70;&#x6f;6&#52;&#x40;&#x67;&#x6d;a&#105;&#x6c;&#x2e;&#x63;o&#109;<\/p>\n<p><a href=\"https:\/\/paliskunnat.fi\/bo\/wp-content\/uploads\/2014\/11\/27_vanttaus.png\" rel=\"lightbox[1453]\"><img loading=\"lazy\" decoding=\"async\" class=\"alignnone wp-image-1505\" src=\"https:\/\/paliskunnat.fi\/bo\/wp-content\/uploads\/2014\/11\/27_vanttaus.png\" alt=\"27 Vanttaus\" width=\"300\" height=\"387\" srcset=\"https:\/\/paliskunnat.fi\/bo\/wp-content\/uploads\/2014\/11\/27_vanttaus.png 776w, https:\/\/paliskunnat.fi\/bo\/wp-content\/uploads\/2014\/11\/27_vanttaus-233x300.png 233w\" sizes=\"auto, (max-width: 300px) 100vw, 300px\" \/><\/a><\/p>\n<table width=\"450\">\n<tbody>\n<tr>\n<td>Ruovttugielda:<\/td>\n<td>Roavvenj\u00e1rga<\/td>\n<\/tr>\n<tr>\n<td>Viidodat:<\/td>\n<td>793,1 km<sup>2<\/sup><\/td>\n<\/tr>\n<tr>\n<td>Stuor\u00e1mus lob\u00e1la\u0161 ealliboazomearri:<\/td>\n<td>1 200<\/td>\n<\/tr>\n<tr>\n<td>Boazoeaigg\u00e1dat:<\/td>\n<td>21<\/td>\n<\/tr>\n<\/tbody>\n<\/table>\n<p>Vanttaus b\u00e1lggus gull\u00e1 Raudanjoki mearkabirii. B\u00e1lggus lea Roavvenj\u00e1rgga g\u00e1vpoga m\u00e1ttanuortaoasis. B\u00e1lggus r\u00e1dja\u0161uvv\u00e1 davvin Pyh\u00e4-Kallio, nuortin Timisj\u00e4rvi, m\u00e1ddin Niemel\u00e4 ja Narkaus ja oarjin Poikaj\u00e4rvi b\u00e1lgosiidda.<\/p>\n<p>B\u00e1lgosa eatnamiin 50,8 % leat st\u00e1htaeatnamat ja 49,2 % priv\u00e1htaeatnamat. B\u00e1lgosa guovllus ii leat lavdnjebuvttadeapmi, muhto guovllu stuorra eanand\u00e1lut r\u00e1ddjejit bohccuid guohtuneatnamiid.<\/p>\n<p>B\u00e1lgosis eai leat caggan- dahje guohtunjohtin\u00e1iddit. Big\u00e1lusg\u00e1rddit leat geavahusas guhtta.<\/p>\n<p>B\u00e1lgosa badjeolbmot \u00e1sset ean\u00e1\u0161 Giemajoga leagis. \u010coahkkeb\u00e1ikkiin \u00e1ssi badjeolbmot leat moattis.<\/p>\n<p>&nbsp;<\/p>\n<p>&nbsp;<\/p>\n","protected":false},"excerpt":{"rendered":"<p>27 Vanttaus Boazoisit: Karvonen Seppo Telefovdna: +358 40 741 1969 \u0160lea\u0111gapoasta:\u00a0&#x6b;&#97;r&#x76;&#111;&#x6e;&#101;n&#x73;&#101;&#x70;&#112;o&#x36;&#52;&#x40;&#x67;m&#x61;&#105;l&#x2e;&#99;&#x6f;&#109; Ruovttugielda: Roavvenj\u00e1rga Viidodat: 793,1 km2 Stuor\u00e1mus lob\u00e1la\u0161 ealliboazomearri: 1 200 Boazoeaigg\u00e1dat: 21 Vanttaus b\u00e1lggus gull\u00e1 Raudanjoki mearkabirii. B\u00e1lggus lea Roavvenj\u00e1rgga g\u00e1vpoga m\u00e1ttanuortaoasis. B\u00e1lggus r\u00e1dja\u0161uvv\u00e1 davvin Pyh\u00e4-Kallio, nuortin Timisj\u00e4rvi, m\u00e1ddin Niemel\u00e4 ja Narkaus ja oarjin Poikaj\u00e4rvi b\u00e1lgosiidda. B\u00e1lgosa eatnamiin 50,8 % leat st\u00e1htaeatnamat ja 49,2 [&hellip;]<\/p>\n","protected":false},"author":1,"featured_media":0,"parent":420,"menu_order":27,"comment_status":"open","ping_status":"closed","template":"paliskuntasivut.php","meta":{"footnotes":""},"class_list":["post-1453","page","type-page","status-publish","hentry"],"_links":{"self":[{"href":"https:\/\/paliskunnat.fi\/bo\/wp-json\/wp\/v2\/pages\/1453","targetHints":{"allow":["GET"]}}],"collection":[{"href":"https:\/\/paliskunnat.fi\/bo\/wp-json\/wp\/v2\/pages"}],"about":[{"href":"https:\/\/paliskunnat.fi\/bo\/wp-json\/wp\/v2\/types\/page"}],"author":[{"embeddable":true,"href":"https:\/\/paliskunnat.fi\/bo\/wp-json\/wp\/v2\/users\/1"}],"replies":[{"embeddable":true,"href":"https:\/\/paliskunnat.fi\/bo\/wp-json\/wp\/v2\/comments?post=1453"}],"version-history":[{"count":11,"href":"https:\/\/paliskunnat.fi\/bo\/wp-json\/wp\/v2\/pages\/1453\/revisions"}],"predecessor-version":[{"id":6000,"href":"https:\/\/paliskunnat.fi\/bo\/wp-json\/wp\/v2\/pages\/1453\/revisions\/6000"}],"up":[{"embeddable":true,"href":"https:\/\/paliskunnat.fi\/bo\/wp-json\/wp\/v2\/pages\/420"}],"wp:attachment":[{"href":"https:\/\/paliskunnat.fi\/bo\/wp-json\/wp\/v2\/media?parent=1453"}],"curies":[{"name":"wp","href":"https:\/\/api.w.org\/{rel}","templated":true}]}}