{"id":1456,"date":"2014-11-23T15:17:25","date_gmt":"2014-11-23T13:17:25","guid":{"rendered":"http:\/\/80.69.171.23\/py\/?page_id=1456"},"modified":"2023-06-07T13:42:18","modified_gmt":"2023-06-07T10:42:18","slug":"poikajarvi","status":"publish","type":"page","link":"https:\/\/paliskunnat.fi\/bo\/balgosat\/balgosiid-diedut\/poikajarvi\/","title":{"rendered":"28 Poikaj\u00e4rvi"},"content":{"rendered":"<h2>28 Poikaj\u00e4rvi<\/h2>\n<p>Boazoisit: Mustonen Janne<br \/>\nTelefovdna: +358 40 127 8990<br \/>\n\u0160lea\u0111gapoasta: &#x70;&#111;i&#x6b;&#97;j&#x61;&#114;v&#x65;&#110;p&#x6c;&#107;&#64;&#x67;&#109;a&#x69;&#108;&#46;&#x63;&#111;m<\/p>\n<p><a href=\"https:\/\/paliskunnat.fi\/bo\/wp-content\/uploads\/2014\/11\/28_poikajarvi1.png\" rel=\"lightbox[1456]\"><img loading=\"lazy\" decoding=\"async\" class=\"alignnone wp-image-1509\" src=\"https:\/\/paliskunnat.fi\/bo\/wp-content\/uploads\/2014\/11\/28_poikajarvi1.png\" alt=\"28_poikajarvi\" width=\"300\" height=\"387\" srcset=\"https:\/\/paliskunnat.fi\/bo\/wp-content\/uploads\/2014\/11\/28_poikajarvi1.png 776w, https:\/\/paliskunnat.fi\/bo\/wp-content\/uploads\/2014\/11\/28_poikajarvi1-233x300.png 233w\" sizes=\"auto, (max-width: 300px) 100vw, 300px\" \/><\/a><\/p>\n<table width=\"450\">\n<tbody>\n<tr>\n<td>Ruovttugielda:<\/td>\n<td>Roavvenj\u00e1rga<\/td>\n<\/tr>\n<tr>\n<td>Viidodat:<\/td>\n<td>2 536,0 km<sup>2<\/sup><\/td>\n<\/tr>\n<tr>\n<td>Stuor\u00e1mus lob\u00e1la\u0161 ealliboazomearri:<\/td>\n<td>4 600<\/td>\n<\/tr>\n<tr>\n<td>Boazoeaigg\u00e1dat:<\/td>\n<td>96<\/td>\n<\/tr>\n<\/tbody>\n<\/table>\n<p>Poikaj\u00e4rvi b\u00e1lggus gull\u00e1 Raudanjoki mearkabirii. B\u00e1lggus lea Roavvenj\u00e1rgga davveoasis. B\u00e1lggus r\u00e1dja\u0161uvv\u00e1 davvin Alakyl\u00e4 ja Syv\u00e4j\u00e4rvi, nuortin Pyh\u00e4-Kallio, m\u00e1ttanuortin Vanttaus, m\u00e1ddin Narkaus ja oarjin Paloj\u00e4rvi ja J\u00e4\u00e4sk\u00f6 b\u00e1lgosiidda.<\/p>\n<p>B\u00e1lgosa eatnamiin 60,1 % leat st\u00e1htaeatnamat ja 39,9 % priv\u00e1htaeatnamat. B\u00e1lgosa guovllu r\u00e1ddje Ovnnesjohka, man leagit gullet Natura 2000 -guvlui. B\u00e1lgosa \u010da\u0111a mann\u00e1 ealas riikkageaidnu 4, mii dagaha ollu boazovah\u00e1giid. Someroharju garnisovdna ja girdingieddi leat b\u00e1lgosa eatnamiin.<\/p>\n<p>B\u00e1lgosis leat sullii 30 bohccuid gie\u0111ahallamii d\u00e1rkkuhuvvon g\u00e1rddi. Mearri lea stuor\u00e1musaid logus boazodoalloguovllus. B\u00e1lgosis eai leat caggan- ja guohtun\u00e1iddit.<\/p>\n<p>B\u00e1lggus lea oass\u00e1i Roavvenj\u00e1rgga g\u00e1vpoga \u010doahkkeb\u00e1ikkis. Osola\u010d\u010dat \u00e1sset d\u00e1ssidit mieht\u00e1 b\u00e1lgosa. Measta buot osola\u010d\u010dat leat eananoamasteaddjit. D\u00e1lut leat juogo eanand\u00e1lut dahje meahcced\u00e1lut.<\/p>\n<p>&nbsp;<\/p>\n<p>&nbsp;<\/p>\n<p><!--more--><\/p>\n<h2>Big\u00e1lusat 10\/2013<\/h2>\n<p>Poikaj\u00e4rvi b\u00e1lgosa \u010dav\u010d\u010da vuostta\u0161 big\u00e1lusat Hietaselk\u00e4 g\u00e1rddis 7.10.2013 (<a href=\"https:\/\/www.youtube.com\/watch?v=oHAvC1MhwdA\">Youtube<\/a>). Almmuhuvvon 10\/2013.<\/p>\n<h2>Big\u00e1lusat Hietaselk\u00e4s 10\/2014<\/h2>\n<p>Big\u00e1lusat Hietaselk\u00e4s 13.10.2014 (<a href=\"https:\/\/www.youtube.com\/watch?v=7ryyGXJ3bN0\">Youtube<\/a>). Almmuhuvvon 10\/2014.<\/p>\n<p>&nbsp;<\/p>\n<p>&nbsp;<\/p>\n<p>&nbsp;<\/p>\n","protected":false},"excerpt":{"rendered":"<p>28 Poikaj\u00e4rvi Boazoisit: Mustonen Janne Telefovdna: +358 40 127 8990 \u0160lea\u0111gapoasta: &#112;&#x6f;&#x69;k&#97;&#x6a;a&#114;&#x76;&#x65;&#110;&#x70;&#x6c;k&#64;&#x67;m&#97;&#x69;&#x6c;&#46;&#x63;&#x6f;m Ruovttugielda: Roavvenj\u00e1rga Viidodat: 2 536,0 km2 Stuor\u00e1mus lob\u00e1la\u0161 ealliboazomearri: 4 600 Boazoeaigg\u00e1dat: 96 Poikaj\u00e4rvi b\u00e1lggus gull\u00e1 Raudanjoki mearkabirii. B\u00e1lggus lea Roavvenj\u00e1rgga davveoasis. B\u00e1lggus r\u00e1dja\u0161uvv\u00e1 davvin Alakyl\u00e4 ja Syv\u00e4j\u00e4rvi, nuortin Pyh\u00e4-Kallio, m\u00e1ttanuortin Vanttaus, m\u00e1ddin Narkaus ja oarjin Paloj\u00e4rvi ja J\u00e4\u00e4sk\u00f6 b\u00e1lgosiidda. B\u00e1lgosa eatnamiin 60,1 [&hellip;]<\/p>\n","protected":false},"author":1,"featured_media":0,"parent":420,"menu_order":28,"comment_status":"open","ping_status":"closed","template":"paliskuntasivut.php","meta":{"footnotes":""},"class_list":["post-1456","page","type-page","status-publish","hentry"],"_links":{"self":[{"href":"https:\/\/paliskunnat.fi\/bo\/wp-json\/wp\/v2\/pages\/1456","targetHints":{"allow":["GET"]}}],"collection":[{"href":"https:\/\/paliskunnat.fi\/bo\/wp-json\/wp\/v2\/pages"}],"about":[{"href":"https:\/\/paliskunnat.fi\/bo\/wp-json\/wp\/v2\/types\/page"}],"author":[{"embeddable":true,"href":"https:\/\/paliskunnat.fi\/bo\/wp-json\/wp\/v2\/users\/1"}],"replies":[{"embeddable":true,"href":"https:\/\/paliskunnat.fi\/bo\/wp-json\/wp\/v2\/comments?post=1456"}],"version-history":[{"count":11,"href":"https:\/\/paliskunnat.fi\/bo\/wp-json\/wp\/v2\/pages\/1456\/revisions"}],"predecessor-version":[{"id":6033,"href":"https:\/\/paliskunnat.fi\/bo\/wp-json\/wp\/v2\/pages\/1456\/revisions\/6033"}],"up":[{"embeddable":true,"href":"https:\/\/paliskunnat.fi\/bo\/wp-json\/wp\/v2\/pages\/420"}],"wp:attachment":[{"href":"https:\/\/paliskunnat.fi\/bo\/wp-json\/wp\/v2\/media?parent=1456"}],"curies":[{"name":"wp","href":"https:\/\/api.w.org\/{rel}","templated":true}]}}