{"id":1463,"date":"2014-11-23T15:21:13","date_gmt":"2014-11-23T13:21:13","guid":{"rendered":"http:\/\/80.69.171.23\/py\/?page_id=1463"},"modified":"2023-06-07T13:05:39","modified_gmt":"2023-06-07T10:05:39","slug":"orajarvi","status":"publish","type":"page","link":"https:\/\/paliskunnat.fi\/bo\/balgosat\/balgosiid-diedut\/orajarvi\/","title":{"rendered":"31 Oraj\u00e4rvi"},"content":{"rendered":"<h2>31 Oraj\u00e4rvi<\/h2>\n<p>Boazoisit: Ekonoja Aimo<br \/>\nTelefovdna: +358 40 541 8937<br \/>\n\u0160lea\u0111gapoasta: &#x65;&#107;o&#x6e;&#111;j&#x61;&#116;&#64;&#x68;&#x6f;&#116;&#x6d;&#x61;&#105;l&#x2e;&#99;o&#x6d;<\/p>\n<p><a href=\"https:\/\/paliskunnat.fi\/bo\/wp-content\/uploads\/2014\/11\/31_orajarvi.png\" rel=\"lightbox[1463]\"><img loading=\"lazy\" decoding=\"async\" class=\"alignnone wp-image-1516\" src=\"https:\/\/paliskunnat.fi\/bo\/wp-content\/uploads\/2014\/11\/31_orajarvi.png\" alt=\"31 Oraj\u00e4rvi\" width=\"300\" height=\"387\" srcset=\"https:\/\/paliskunnat.fi\/bo\/wp-content\/uploads\/2014\/11\/31_orajarvi.png 775w, https:\/\/paliskunnat.fi\/bo\/wp-content\/uploads\/2014\/11\/31_orajarvi-233x300.png 233w\" sizes=\"auto, (max-width: 300px) 100vw, 300px\" \/><\/a><\/p>\n<table width=\"450\">\n<tbody>\n<tr>\n<td>Ruovttugielda:<\/td>\n<td>Pello<\/td>\n<\/tr>\n<tr>\n<td>Viidodat:<\/td>\n<td>1 256,1 km<sup>2<\/sup><\/td>\n<\/tr>\n<tr>\n<td>Stuor\u00e1mus lob\u00e1la\u0161 ealliboazomearri:<\/td>\n<td>1 500<\/td>\n<\/tr>\n<tr>\n<td>Boazoeaigg\u00e1dat:<\/td>\n<td>52<\/td>\n<\/tr>\n<\/tbody>\n<\/table>\n<p>Oraj\u00e4rvi b\u00e1lggus gull\u00e1 oarjemearkabirii. B\u00e1lggus lea Pello gielddas ja veh\u00e1\u0161 Badje-Durdnosa gielddas. B\u00e1lggus r\u00e1dja\u0161uvv\u00e1 davvin Kolari, nuortin Paloj\u00e4rvi, m\u00e1ddin Lohij\u00e4rvi b\u00e1lgosiidda ja oarjin v\u00e1ldegotti r\u00e1dj\u00e1i.<\/p>\n<p>B\u00e1lgosa eatnamiin 29,0 % leat st\u00e1htaeatnamat ja 71,0 % priv\u00e1htaeatnamat. Durdnosa ja Kolari gaskkal lea ruovdegeaidnu, mas lea sihke olmmo\u0161- ja d\u00e1vvirjohtolat. Ruovdegeaidnu mann\u00e1 \u010da\u0111a Oraj\u00e4rvi b\u00e1lgosa Duortnosjoga leagi. Lavdnjejeakkit leat guokte.<\/p>\n<p>B\u00e1lgosa v\u00e1ldobig\u00e1lusg\u00e1rddit leat ee. Kuivalaki, Pekanmaa, Koppelo ja Puonavaara. Oraj\u00e4rvi ja Kolari b\u00e1lgosiid gaskii lea huksejuvvon 37 kilomehtera guhkki caggan\u00e1idi. Ruovdegeainnu guoras lea VR barggola\u0161vuo\u0111aru\u0111ain huksejuvvon sullii 50 kilomehtera guhkki caggan\u00e1idi, man ulbmilin lea caggat bohccuid mannamis ruovdageainnu ala.<\/p>\n<p>Pello gieldda \u010doahkkeb\u00e1iki lea b\u00e1lgosa eatnamiin. Johkaleagis lea boares \u00e1ssanb\u00e1ikkit ja eandaliige luopmo\u00e1iggiid doppe lea valjit \u00e1ssit. Pello, Turtola, Juoksinki ja Lankoj\u00e4rvi leat stuor\u00e1mus gilit, mat leat Oraj\u00e4rvi b\u00e1lgosa eatnamiin.<\/p>\n<p>&nbsp;<\/p>\n<p>&nbsp;<\/p>\n<p>&nbsp;<\/p>\n","protected":false},"excerpt":{"rendered":"<p>31 Oraj\u00e4rvi Boazoisit: Ekonoja Aimo Telefovdna: +358 40 541 8937 \u0160lea\u0111gapoasta: &#101;&#x6b;&#111;&#x6e;&#111;&#x6a;&#97;&#x74;&#64;&#x68;&#111;&#x74;&#109;&#x61;&#105;&#x6c;&#46;&#x63;&#111;&#x6d; Ruovttugielda: Pello Viidodat: 1 256,1 km2 Stuor\u00e1mus lob\u00e1la\u0161 ealliboazomearri: 1 500 Boazoeaigg\u00e1dat: 52 Oraj\u00e4rvi b\u00e1lggus gull\u00e1 oarjemearkabirii. B\u00e1lggus lea Pello gielddas ja veh\u00e1\u0161 Badje-Durdnosa gielddas. B\u00e1lggus r\u00e1dja\u0161uvv\u00e1 davvin Kolari, nuortin Paloj\u00e4rvi, m\u00e1ddin Lohij\u00e4rvi b\u00e1lgosiidda ja oarjin v\u00e1ldegotti r\u00e1dj\u00e1i. B\u00e1lgosa eatnamiin 29,0 % leat [&hellip;]<\/p>\n","protected":false},"author":1,"featured_media":0,"parent":420,"menu_order":31,"comment_status":"open","ping_status":"closed","template":"paliskuntasivut.php","meta":{"footnotes":""},"class_list":["post-1463","page","type-page","status-publish","hentry"],"_links":{"self":[{"href":"https:\/\/paliskunnat.fi\/bo\/wp-json\/wp\/v2\/pages\/1463","targetHints":{"allow":["GET"]}}],"collection":[{"href":"https:\/\/paliskunnat.fi\/bo\/wp-json\/wp\/v2\/pages"}],"about":[{"href":"https:\/\/paliskunnat.fi\/bo\/wp-json\/wp\/v2\/types\/page"}],"author":[{"embeddable":true,"href":"https:\/\/paliskunnat.fi\/bo\/wp-json\/wp\/v2\/users\/1"}],"replies":[{"embeddable":true,"href":"https:\/\/paliskunnat.fi\/bo\/wp-json\/wp\/v2\/comments?post=1463"}],"version-history":[{"count":13,"href":"https:\/\/paliskunnat.fi\/bo\/wp-json\/wp\/v2\/pages\/1463\/revisions"}],"predecessor-version":[{"id":6004,"href":"https:\/\/paliskunnat.fi\/bo\/wp-json\/wp\/v2\/pages\/1463\/revisions\/6004"}],"up":[{"embeddable":true,"href":"https:\/\/paliskunnat.fi\/bo\/wp-json\/wp\/v2\/pages\/420"}],"wp:attachment":[{"href":"https:\/\/paliskunnat.fi\/bo\/wp-json\/wp\/v2\/media?parent=1463"}],"curies":[{"name":"wp","href":"https:\/\/api.w.org\/{rel}","templated":true}]}}