{"id":1467,"date":"2014-11-23T17:25:05","date_gmt":"2014-11-23T15:25:05","guid":{"rendered":"http:\/\/80.69.171.23\/py\/?page_id=1467"},"modified":"2023-06-07T13:12:13","modified_gmt":"2023-06-07T10:12:13","slug":"jaasko","status":"publish","type":"page","link":"https:\/\/paliskunnat.fi\/bo\/balgosat\/balgosiid-diedut\/jaasko\/","title":{"rendered":"33 J\u00e4\u00e4sk\u00f6"},"content":{"rendered":"<h2>33 J\u00e4\u00e4sk\u00f6<\/h2>\n<p>Boazoisit: Ollila Lauri-Pekka<br \/>\nTelefovdna: +358 40 525 7369<br \/>\n\u0160lea\u0111gapoasta: &#x6c;&#97;t&#x65;&#x6f;&#108;l&#x69;&#108;a&#x40;&#x67;&#109;a&#x69;&#108;&#46;&#x63;&#x6f;&#109;<\/p>\n<p><a href=\"https:\/\/paliskunnat.fi\/bo\/wp-content\/uploads\/2014\/11\/33_jaasko.png\" rel=\"lightbox[1467]\"><img loading=\"lazy\" decoding=\"async\" class=\"wp-image-1521 alignnone\" src=\"https:\/\/paliskunnat.fi\/bo\/wp-content\/uploads\/2014\/11\/33_jaasko.png\" alt=\"33 J\u00e4\u00e4sk\u00f6\" width=\"300\" height=\"387\" srcset=\"https:\/\/paliskunnat.fi\/bo\/wp-content\/uploads\/2014\/11\/33_jaasko.png 775w, https:\/\/paliskunnat.fi\/bo\/wp-content\/uploads\/2014\/11\/33_jaasko-233x300.png 233w\" sizes=\"auto, (max-width: 300px) 100vw, 300px\" \/><\/a><\/p>\n<table width=\"450\">\n<tbody>\n<tr>\n<td>Ruovttugielda:<\/td>\n<td>Roavvenj\u00e1rga<\/td>\n<\/tr>\n<tr>\n<td>Viidodat:<\/td>\n<td>593,7 km<sup>2<\/sup><\/td>\n<\/tr>\n<tr>\n<td>Stuor\u00e1mus lob\u00e1la\u0161 ealliboazomearri:<\/td>\n<td>1 000<\/td>\n<\/tr>\n<tr>\n<td>Boazoeaigg\u00e1dat:<\/td>\n<td>25<\/td>\n<\/tr>\n<\/tbody>\n<\/table>\n<p>J\u00e4\u00e4sk\u00f6 b\u00e1lggus gull\u00e1 oarjemearkabirii. B\u00e1lggus lea v\u00e1ldooasis Roavvenj\u00e1rggas, muhto dat oll\u00e1 maid davveoasistis Gihttela ja Kolari gielddaid beall\u00e1i. B\u00e1lggus r\u00e1dja\u0161uvv\u00e1 davvin Alakyl\u00e4, nuortin Poikaj\u00e4rvi, m\u00e1ddin Paloj\u00e4rvi ja oarjin Kolari b\u00e1lgosiidda.<\/p>\n<p>B\u00e1lgosa eatnamiin 48,1 % leat st\u00e1htaeatnamat ja 51,9 % priv\u00e1htaeatnamat. Unna suodjaluvvon eamivuovdeguovllut leat b\u00e1lgosa gaskaoasis Haukkakallionmaa ja P\u00e4l\u00e4m\u00e4nnikk\u00f6.<\/p>\n<p>B\u00e1lgosa v\u00e1ldobig\u00e1lusb\u00e1iki lea Riiminj\u00e4nk\u00e4, mii lea b\u00e1lgosa davveoasis. Ear\u00e1 guovdd\u00e1\u0161 big\u00e1lusb\u00e1ikkit leat \u00c4ij\u00e4vaara, Liikamaa ja Riikovaara.<\/p>\n<p>Stuor\u00e1mus gilit leat Meltaus, Marrasj\u00e4rvi ja Marraskoski. B\u00e1lgosa badjeolbmot \u00e1sset b\u00e1lgosa guovllu giliin: Meltaus, J\u00e4\u00e4sk\u00f6, Tolonen, Maijanen ja Porokari.<\/p>\n<p>&nbsp;<\/p>\n<p>&nbsp;<\/p>\n<p><!--more--><\/p>\n<h2>J\u00e4\u00e4sk\u00f6 Facebook<\/h2>\n<p>J\u00e4\u00e4sk\u00f6 b\u00e1lggus lea <a href=\"https:\/\/www.facebook.com\/pages\/J%C3%A4%C3%A4sk%C3%B6n-paliskunta\/368223076536010?fref=ts\" target=\"_blank\" rel=\"noopener noreferrer\">Facebookas<\/a>.<\/p>\n","protected":false},"excerpt":{"rendered":"<p>33 J\u00e4\u00e4sk\u00f6 Boazoisit: Ollila Lauri-Pekka Telefovdna: +358 40 525 7369 \u0160lea\u0111gapoasta: &#x6c;a&#x74;&#101;o&#x6c;&#108;&#x69;&#108;a&#x40;&#103;&#x6d;&#97;i&#x6c;&#46;&#x63;&#x6f;m Ruovttugielda: Roavvenj\u00e1rga Viidodat: 593,7 km2 Stuor\u00e1mus lob\u00e1la\u0161 ealliboazomearri: 1 000 Boazoeaigg\u00e1dat: 25 J\u00e4\u00e4sk\u00f6 b\u00e1lggus gull\u00e1 oarjemearkabirii. B\u00e1lggus lea v\u00e1ldooasis Roavvenj\u00e1rggas, muhto dat oll\u00e1 maid davveoasistis Gihttela ja Kolari gielddaid beall\u00e1i. B\u00e1lggus r\u00e1dja\u0161uvv\u00e1 davvin Alakyl\u00e4, nuortin Poikaj\u00e4rvi, m\u00e1ddin Paloj\u00e4rvi ja oarjin Kolari b\u00e1lgosiidda. B\u00e1lgosa [&hellip;]<\/p>\n","protected":false},"author":1,"featured_media":0,"parent":420,"menu_order":33,"comment_status":"open","ping_status":"closed","template":"paliskuntasivut.php","meta":{"footnotes":""},"class_list":["post-1467","page","type-page","status-publish","hentry"],"_links":{"self":[{"href":"https:\/\/paliskunnat.fi\/bo\/wp-json\/wp\/v2\/pages\/1467","targetHints":{"allow":["GET"]}}],"collection":[{"href":"https:\/\/paliskunnat.fi\/bo\/wp-json\/wp\/v2\/pages"}],"about":[{"href":"https:\/\/paliskunnat.fi\/bo\/wp-json\/wp\/v2\/types\/page"}],"author":[{"embeddable":true,"href":"https:\/\/paliskunnat.fi\/bo\/wp-json\/wp\/v2\/users\/1"}],"replies":[{"embeddable":true,"href":"https:\/\/paliskunnat.fi\/bo\/wp-json\/wp\/v2\/comments?post=1467"}],"version-history":[{"count":12,"href":"https:\/\/paliskunnat.fi\/bo\/wp-json\/wp\/v2\/pages\/1467\/revisions"}],"predecessor-version":[{"id":6006,"href":"https:\/\/paliskunnat.fi\/bo\/wp-json\/wp\/v2\/pages\/1467\/revisions\/6006"}],"up":[{"embeddable":true,"href":"https:\/\/paliskunnat.fi\/bo\/wp-json\/wp\/v2\/pages\/420"}],"wp:attachment":[{"href":"https:\/\/paliskunnat.fi\/bo\/wp-json\/wp\/v2\/media?parent=1467"}],"curies":[{"name":"wp","href":"https:\/\/api.w.org\/{rel}","templated":true}]}}