{"id":1469,"date":"2014-11-23T17:27:20","date_gmt":"2014-11-23T15:27:20","guid":{"rendered":"http:\/\/80.69.171.23\/py\/?page_id=1469"},"modified":"2023-06-07T13:12:51","modified_gmt":"2023-06-07T10:12:51","slug":"narkaus","status":"publish","type":"page","link":"https:\/\/paliskunnat.fi\/bo\/balgosat\/balgosiid-diedut\/narkaus\/","title":{"rendered":"34 Narkaus"},"content":{"rendered":"<h2>34 Narkaus<\/h2>\n<p>Boazoisit: Pet\u00e4j\u00e4j\u00e4rvi Antero<br \/>\nTelefovdna: +358 400 151 988<br \/>\n\u0160lea\u0111gapoasta: &#97;&#x6e;&#116;&#x65;&#114;&#x6f;&#46;&#x70;&#101;&#x74;&#97;&#x6a;&#97;&#x6a;&#97;&#x72;&#118;&#x69;&#64;&#x67;&#109;&#x61;&#105;&#x6c;&#46;&#x63;o&#x6d;<\/p>\n<p><a href=\"https:\/\/paliskunnat.fi\/bo\/wp-content\/uploads\/2014\/11\/34_narkaus.png\" rel=\"lightbox[1469]\"><img loading=\"lazy\" decoding=\"async\" class=\"alignnone wp-image-1523\" src=\"https:\/\/paliskunnat.fi\/bo\/wp-content\/uploads\/2014\/11\/34_narkaus.png\" alt=\"34 Narkaus\" width=\"300\" height=\"387\" srcset=\"https:\/\/paliskunnat.fi\/bo\/wp-content\/uploads\/2014\/11\/34_narkaus.png 775w, https:\/\/paliskunnat.fi\/bo\/wp-content\/uploads\/2014\/11\/34_narkaus-233x300.png 233w\" sizes=\"auto, (max-width: 300px) 100vw, 300px\" \/><\/a><\/p>\n<table width=\"450\">\n<tbody>\n<tr>\n<td>Ruovttugielda:<\/td>\n<td>Roavvenj\u00e1rga<\/td>\n<\/tr>\n<tr>\n<td>Viidodat:<\/td>\n<td>2 462,5 km<sup>2<\/sup><\/td>\n<\/tr>\n<tr>\n<td>Stuor\u00e1mus lob\u00e1la\u0161 ealliboazomearri:<\/td>\n<td>2 000<\/td>\n<\/tr>\n<tr>\n<td>Boazoeaigg\u00e1dat:<\/td>\n<td>74<\/td>\n<\/tr>\n<\/tbody>\n<\/table>\n<p>Narkaus b\u00e1lggus gull\u00e1 Nuortagiemajoga mearkabirii. B\u00e1lggus lea Roavvenj\u00e1rgga g\u00e1vpogis sihke Tervola ja Ranua gielddain. Davvin b\u00e1lggus r\u00e1dja\u0161uvv\u00e1 Poikaj\u00e4rvi, nuortin Vanttaus ja Niemel\u00e4, m\u00e1ddin Isosyd\u00e4nmaa ja Kuukas ja oarjin Paloj\u00e4rvi b\u00e1lgosiidda.<\/p>\n<p>B\u00e1lgosa eatnamiin 34,8 % leat st\u00e1htaeatnamat ja 65,2 % priv\u00e1htaeatnamat. Guovllus lea Suhanko palladiumruvkev\u00e1ldinguovlu, Ranua M\u00e4t\u00e4skaira ur\u00e1naruvkev\u00e1ldinguovlu sihke Poikkimaa lavdnjebuvttadanguovlu.<\/p>\n<p>B\u00e1lgosis lea gok\u010deva\u0161 g\u00e1rdefierpm\u00e1dat, giddesg\u00e1rddit leat logi ja sirding\u00e1rddiid geavahit d\u00e1rbbu mielde.<\/p>\n<p>B\u00e1lgosa fuom\u00e1\u0161ahtti \u00e1ssan\u010doahkkeb\u00e1iki lea Roavvenj\u00e1rga g\u00e1vpot. B\u00e1lgosa guovllus lea m\u00e1\u014bggat gilit, dego Rautionsaari, Kivitaipale, Portimoj\u00e4rvi, Narkaus ja Jokela. \u00c1ssan lea maid Ranua ja Tervola gielddaid bealde.<\/p>\n<p>&nbsp;<\/p>\n<p>&nbsp;<\/p>\n","protected":false},"excerpt":{"rendered":"<p>34 Narkaus Boazoisit: Pet\u00e4j\u00e4j\u00e4rvi Antero Telefovdna: +358 400 151 988 \u0160lea\u0111gapoasta: antero&#46;p&#101;&#116;&#97;&#106;&#97;&#106;&#97;&#114;&#118;&#105;&#x40;&#x67;&#x6d;&#x61;&#x69;&#x6c;&#x2e;&#x63;&#x6f;&#x6d; Ruovttugielda: Roavvenj\u00e1rga Viidodat: 2 462,5 km2 Stuor\u00e1mus lob\u00e1la\u0161 ealliboazomearri: 2 000 Boazoeaigg\u00e1dat: 74 Narkaus b\u00e1lggus gull\u00e1 Nuortagiemajoga mearkabirii. B\u00e1lggus lea Roavvenj\u00e1rgga g\u00e1vpogis sihke Tervola ja Ranua gielddain. Davvin b\u00e1lggus r\u00e1dja\u0161uvv\u00e1 Poikaj\u00e4rvi, nuortin Vanttaus ja Niemel\u00e4, m\u00e1ddin Isosyd\u00e4nmaa ja Kuukas ja oarjin Paloj\u00e4rvi b\u00e1lgosiidda. [&hellip;]<\/p>\n","protected":false},"author":1,"featured_media":0,"parent":420,"menu_order":34,"comment_status":"open","ping_status":"closed","template":"paliskuntasivut.php","meta":{"footnotes":""},"class_list":["post-1469","page","type-page","status-publish","hentry"],"_links":{"self":[{"href":"https:\/\/paliskunnat.fi\/bo\/wp-json\/wp\/v2\/pages\/1469","targetHints":{"allow":["GET"]}}],"collection":[{"href":"https:\/\/paliskunnat.fi\/bo\/wp-json\/wp\/v2\/pages"}],"about":[{"href":"https:\/\/paliskunnat.fi\/bo\/wp-json\/wp\/v2\/types\/page"}],"author":[{"embeddable":true,"href":"https:\/\/paliskunnat.fi\/bo\/wp-json\/wp\/v2\/users\/1"}],"replies":[{"embeddable":true,"href":"https:\/\/paliskunnat.fi\/bo\/wp-json\/wp\/v2\/comments?post=1469"}],"version-history":[{"count":9,"href":"https:\/\/paliskunnat.fi\/bo\/wp-json\/wp\/v2\/pages\/1469\/revisions"}],"predecessor-version":[{"id":6007,"href":"https:\/\/paliskunnat.fi\/bo\/wp-json\/wp\/v2\/pages\/1469\/revisions\/6007"}],"up":[{"embeddable":true,"href":"https:\/\/paliskunnat.fi\/bo\/wp-json\/wp\/v2\/pages\/420"}],"wp:attachment":[{"href":"https:\/\/paliskunnat.fi\/bo\/wp-json\/wp\/v2\/media?parent=1469"}],"curies":[{"name":"wp","href":"https:\/\/api.w.org\/{rel}","templated":true}]}}