{"id":1471,"date":"2014-11-23T17:28:46","date_gmt":"2014-11-23T15:28:46","guid":{"rendered":"http:\/\/80.69.171.23\/py\/?page_id=1471"},"modified":"2024-01-03T06:15:00","modified_gmt":"2024-01-03T04:15:00","slug":"niemela","status":"publish","type":"page","link":"https:\/\/paliskunnat.fi\/bo\/balgosat\/balgosiid-diedut\/niemela\/","title":{"rendered":"35 Niemel\u00e4"},"content":{"rendered":"<h2>35 Niemel\u00e4<\/h2>\n<p>Boazoisit: Komulainen Matti<br \/>\nTelefovdna: +358 400 696 721<br \/>\n\u0160lea\u0111gapoasta: &#109;&#97;&#x74;t&#105;&#x2e;&#x6b;o&#109;&#x75;&#x6c;a&#105;&#x6e;e&#110;&#x40;&#x70;a&#108;&#x69;&#x73;k&#117;&#x6e;n&#97;&#x74;&#x2e;f&#105;<\/p>\n<p><a href=\"https:\/\/paliskunnat.fi\/bo\/wp-content\/uploads\/2014\/11\/35_niemela.png\" rel=\"lightbox[1471]\"><img loading=\"lazy\" decoding=\"async\" class=\"alignnone wp-image-1525\" src=\"https:\/\/paliskunnat.fi\/bo\/wp-content\/uploads\/2014\/11\/35_niemela.png\" alt=\"35 Niemel\u00e4\" width=\"300\" height=\"387\" srcset=\"https:\/\/paliskunnat.fi\/bo\/wp-content\/uploads\/2014\/11\/35_niemela.png 775w, https:\/\/paliskunnat.fi\/bo\/wp-content\/uploads\/2014\/11\/35_niemela-233x300.png 233w\" sizes=\"auto, (max-width: 300px) 100vw, 300px\" \/><\/a><\/p>\n<table width=\"450\">\n<tbody>\n<tr>\n<td>Ruovttugielda:<\/td>\n<td>Roavvenj\u00e1rga<\/td>\n<\/tr>\n<tr>\n<td>Viidodat:<\/td>\n<td>1 254,4 km<sup>2<\/sup><\/td>\n<\/tr>\n<tr>\n<td>Stuor\u00e1mus lob\u00e1la\u0161 ealliboazomearri:<\/td>\n<td>1 900<\/td>\n<\/tr>\n<tr>\n<td>Boazoeaigg\u00e1dat:<\/td>\n<td>43<\/td>\n<\/tr>\n<\/tbody>\n<\/table>\n<p>Niemel\u00e4 b\u00e1lggus gull\u00e1 Nuortagiemajoga mearkabirii. B\u00e1lggus lea Roavvenj\u00e1rgga g\u00e1vpoga, Ranua ja Posio gielddaid bealde. B\u00e1lggus r\u00e1dja\u0161uvv\u00e1 davvin Vanttaus, nuortin Timisj\u00e4rvi ja Posio Livo, m\u00e1ddin Pudasj\u00e4rvi Livo ja Kuukas ja oarjin Narkaus b\u00e1lgosiidda.<\/p>\n<p>B\u00e1lgosa eatnamiin 46,6 % leat st\u00e1htaeatnamat ja 53,4 % priv\u00e1htaeatnamat.<\/p>\n<p>&nbsp;<\/p>\n<p>&nbsp;<\/p>\n","protected":false},"excerpt":{"rendered":"<p>35 Niemel\u00e4 Boazoisit: Komulainen Matti Telefovdna: +358 400 696 721 \u0160lea\u0111gapoasta: m&#97;&#116;&#x74;&#x69;&#46;k&#111;&#109;&#x75;&#x6c;ai&#110;&#101;&#x6e;&#x40;pa&#108;&#x69;&#x73;&#x6b;u&#110;&#110;&#x61;&#x74;&#x2e;f&#105; Ruovttugielda: Roavvenj\u00e1rga Viidodat: 1 254,4 km2 Stuor\u00e1mus lob\u00e1la\u0161 ealliboazomearri: 1 900 Boazoeaigg\u00e1dat: 43 Niemel\u00e4 b\u00e1lggus gull\u00e1 Nuortagiemajoga mearkabirii. B\u00e1lggus lea Roavvenj\u00e1rgga g\u00e1vpoga, Ranua ja Posio gielddaid bealde. B\u00e1lggus r\u00e1dja\u0161uvv\u00e1 davvin Vanttaus, nuortin Timisj\u00e4rvi ja Posio Livo, m\u00e1ddin Pudasj\u00e4rvi Livo ja Kuukas ja oarjin [&hellip;]<\/p>\n","protected":false},"author":1,"featured_media":0,"parent":420,"menu_order":35,"comment_status":"open","ping_status":"closed","template":"paliskuntasivut.php","meta":{"footnotes":""},"class_list":["post-1471","page","type-page","status-publish","hentry"],"_links":{"self":[{"href":"https:\/\/paliskunnat.fi\/bo\/wp-json\/wp\/v2\/pages\/1471","targetHints":{"allow":["GET"]}}],"collection":[{"href":"https:\/\/paliskunnat.fi\/bo\/wp-json\/wp\/v2\/pages"}],"about":[{"href":"https:\/\/paliskunnat.fi\/bo\/wp-json\/wp\/v2\/types\/page"}],"author":[{"embeddable":true,"href":"https:\/\/paliskunnat.fi\/bo\/wp-json\/wp\/v2\/users\/1"}],"replies":[{"embeddable":true,"href":"https:\/\/paliskunnat.fi\/bo\/wp-json\/wp\/v2\/comments?post=1471"}],"version-history":[{"count":11,"href":"https:\/\/paliskunnat.fi\/bo\/wp-json\/wp\/v2\/pages\/1471\/revisions"}],"predecessor-version":[{"id":6068,"href":"https:\/\/paliskunnat.fi\/bo\/wp-json\/wp\/v2\/pages\/1471\/revisions\/6068"}],"up":[{"embeddable":true,"href":"https:\/\/paliskunnat.fi\/bo\/wp-json\/wp\/v2\/pages\/420"}],"wp:attachment":[{"href":"https:\/\/paliskunnat.fi\/bo\/wp-json\/wp\/v2\/media?parent=1471"}],"curies":[{"name":"wp","href":"https:\/\/api.w.org\/{rel}","templated":true}]}}