{"id":1473,"date":"2014-11-23T17:30:29","date_gmt":"2014-11-23T15:30:29","guid":{"rendered":"http:\/\/80.69.171.23\/py\/?page_id=1473"},"modified":"2024-05-31T14:03:39","modified_gmt":"2024-05-31T11:03:39","slug":"timisjarvi","status":"publish","type":"page","link":"https:\/\/paliskunnat.fi\/bo\/balgosat\/balgosiid-diedut\/timisjarvi\/","title":{"rendered":"36  Timisj\u00e4rvi"},"content":{"rendered":"<h2>36 Timisj\u00e4rvi<\/h2>\n<p>Boazoisit: Myllynen Matti<br \/>\nTelefovdna: +358 40 021 5622<br \/>\n<span class=\"laatikko1\">\u0160lea\u0111gapoasta: &#x6d;&#97;&#x74;&#x74;&#105;&#x2e;&#x6d;&#121;&#x6c;&#x6c;&#121;&#x6e;&#x65;n&#x40;&#x70;p&#x31;&#46;i&#x6e;&#101;t&#x2e;&#102;i<\/span><\/p>\n<p><a href=\"https:\/\/paliskunnat.fi\/bo\/wp-content\/uploads\/2014\/11\/36_timisjarvi.png\" rel=\"lightbox[1473]\"><img loading=\"lazy\" decoding=\"async\" class=\"alignnone wp-image-1527\" src=\"https:\/\/paliskunnat.fi\/bo\/wp-content\/uploads\/2014\/11\/36_timisjarvi.png\" alt=\"36 Timisj\u00e4rvi\" width=\"300\" height=\"387\" srcset=\"https:\/\/paliskunnat.fi\/bo\/wp-content\/uploads\/2014\/11\/36_timisjarvi.png 775w, https:\/\/paliskunnat.fi\/bo\/wp-content\/uploads\/2014\/11\/36_timisjarvi-233x300.png 233w\" sizes=\"auto, (max-width: 300px) 100vw, 300px\" \/><\/a><\/p>\n<table width=\"450\">\n<tbody>\n<tr>\n<td>Ruovttugielda:<\/td>\n<td>Posio<\/td>\n<\/tr>\n<tr>\n<td>Viidodat:<\/td>\n<td>971,2 km<sup>2<\/sup><\/td>\n<\/tr>\n<tr>\n<td>Stuor\u00e1mus lob\u00e1la\u0161 ealliboazomearri:<\/td>\n<td>1 900<\/td>\n<\/tr>\n<tr>\n<td>Boazoeaigg\u00e1dat:<\/td>\n<td>29<\/td>\n<\/tr>\n<\/tbody>\n<\/table>\n<p>Timisj\u00e4rvi b\u00e1lggus gull\u00e1 Nuortagiemajoga mearkabirii. B\u00e1lggus lea Posio gielddas oarje- ja davveosiin, sihke oassin maid Roavvenj\u00e1rgga ja Giemaj\u00e1vrri g\u00e1vpogiid bealde.<\/p>\n<p>B\u00e1lggus r\u00e1dja\u0161uvv\u00e1 oarjin Niemel\u00e4, Vanttaus ja Pyh\u00e4-Kallio b\u00e1lgosiidda, davvin Hirvasniemi ja Salla b\u00e1lgosiidda sihke nuortin Tolva ja m\u00e1ddin Posio Livo b\u00e1lgosiidda.<\/p>\n<p>B\u00e1lgosa eatnamiin 26,4 % leat st\u00e1htaeatnamat ja 73,6 % priv\u00e1htaeatnamat. B\u00e1lgosa guovllus leat Korouoma suodjalanguovlu ja Pyyt\u00f6uoma suodjalanguovlu.<\/p>\n<p>B\u00e1lgosis leat 14 big\u00e1lusb\u00e1ikki, muhto maid sirding\u00e1rddiid geavahit.<\/p>\n<p>B\u00e1lgosa bissova\u0161 \u00e1ssan lea Aittaniemi, Jumisko, Suorsa, Lehtiniemi, Per\u00e4-Posio ja Pernu giliin. Timisj\u00e4rvi b\u00e1lgosis eai leat luonddueal\u00e1husd\u00e1lut.<\/p>\n<p>&nbsp;<\/p>\n","protected":false},"excerpt":{"rendered":"<p>36 Timisj\u00e4rvi Boazoisit: Myllynen Matti Telefovdna: +358 40 021 5622 \u0160lea\u0111gapoasta: &#x6d;a&#x74;&#116;&#x69;&#46;m&#x79;&#108;&#x6c;&#121;n&#x65;&#110;&#x40;&#112;p&#x31;&#46;&#x69;&#110;&#x65;&#x74;&#46;&#x66;&#105; Ruovttugielda: Posio Viidodat: 971,2 km2 Stuor\u00e1mus lob\u00e1la\u0161 ealliboazomearri: 1 900 Boazoeaigg\u00e1dat: 29 Timisj\u00e4rvi b\u00e1lggus gull\u00e1 Nuortagiemajoga mearkabirii. B\u00e1lggus lea Posio gielddas oarje- ja davveosiin, sihke oassin maid Roavvenj\u00e1rgga ja Giemaj\u00e1vrri g\u00e1vpogiid bealde. B\u00e1lggus r\u00e1dja\u0161uvv\u00e1 oarjin Niemel\u00e4, Vanttaus ja Pyh\u00e4-Kallio b\u00e1lgosiidda, davvin Hirvasniemi ja [&hellip;]<\/p>\n","protected":false},"author":1,"featured_media":0,"parent":420,"menu_order":36,"comment_status":"open","ping_status":"closed","template":"paliskuntasivut.php","meta":{"footnotes":""},"class_list":["post-1473","page","type-page","status-publish","hentry"],"_links":{"self":[{"href":"https:\/\/paliskunnat.fi\/bo\/wp-json\/wp\/v2\/pages\/1473","targetHints":{"allow":["GET"]}}],"collection":[{"href":"https:\/\/paliskunnat.fi\/bo\/wp-json\/wp\/v2\/pages"}],"about":[{"href":"https:\/\/paliskunnat.fi\/bo\/wp-json\/wp\/v2\/types\/page"}],"author":[{"embeddable":true,"href":"https:\/\/paliskunnat.fi\/bo\/wp-json\/wp\/v2\/users\/1"}],"replies":[{"embeddable":true,"href":"https:\/\/paliskunnat.fi\/bo\/wp-json\/wp\/v2\/comments?post=1473"}],"version-history":[{"count":10,"href":"https:\/\/paliskunnat.fi\/bo\/wp-json\/wp\/v2\/pages\/1473\/revisions"}],"predecessor-version":[{"id":6136,"href":"https:\/\/paliskunnat.fi\/bo\/wp-json\/wp\/v2\/pages\/1473\/revisions\/6136"}],"up":[{"embeddable":true,"href":"https:\/\/paliskunnat.fi\/bo\/wp-json\/wp\/v2\/pages\/420"}],"wp:attachment":[{"href":"https:\/\/paliskunnat.fi\/bo\/wp-json\/wp\/v2\/media?parent=1473"}],"curies":[{"name":"wp","href":"https:\/\/api.w.org\/{rel}","templated":true}]}}