{"id":1479,"date":"2014-11-23T17:35:51","date_gmt":"2014-11-23T15:35:51","guid":{"rendered":"http:\/\/80.69.171.23\/py\/?page_id=1479"},"modified":"2023-06-07T13:16:35","modified_gmt":"2023-06-07T10:16:35","slug":"isosydanmaa","status":"publish","type":"page","link":"https:\/\/paliskunnat.fi\/bo\/balgosat\/balgosiid-diedut\/isosydanmaa\/","title":{"rendered":"39 Isosyd\u00e4nmaa"},"content":{"rendered":"<h2>39 Isosyd\u00e4nmaa<\/h2>\n<p>Boazoisit: Haapaniemi Markus<br \/>\nPuhelin: +358 50 561 9827<br \/>\n\u0160lea\u0111gapoasta: &#109;&#x61;r&#107;&#x75;&#115;&#x2e;h&#97;&#x61;p&#x61;&#x6e;&#105;&#x65;m&#105;&#x40;g&#x6d;&#x61;&#105;&#x6c;&#46;&#99;&#x6f;&#109;<\/p>\n<p><a href=\"https:\/\/paliskunnat.fi\/bo\/wp-content\/uploads\/2014\/11\/39_isosydanmaa.png\" rel=\"lightbox[1479]\"><img loading=\"lazy\" decoding=\"async\" class=\"alignnone wp-image-1535\" src=\"https:\/\/paliskunnat.fi\/bo\/wp-content\/uploads\/2014\/11\/39_isosydanmaa.png\" alt=\"39 Isosyd\u00e4nmaa\" width=\"300\" height=\"387\" srcset=\"https:\/\/paliskunnat.fi\/bo\/wp-content\/uploads\/2014\/11\/39_isosydanmaa.png 775w, https:\/\/paliskunnat.fi\/bo\/wp-content\/uploads\/2014\/11\/39_isosydanmaa-233x300.png 233w\" sizes=\"auto, (max-width: 300px) 100vw, 300px\" \/><\/a><\/p>\n<table width=\"450\">\n<tbody>\n<tr>\n<td>Ruovttugielda:<\/td>\n<td>Simo<\/td>\n<\/tr>\n<tr>\n<td>Viidodat:<\/td>\n<td>2 268,2 km<sup>2<\/sup><\/td>\n<\/tr>\n<tr>\n<td>Stuor\u00e1mus lob\u00e1la\u0161 ealliboazomearri:<\/td>\n<td>2 000<\/td>\n<\/tr>\n<tr>\n<td>Boazoeaigg\u00e1dat:<\/td>\n<td>68<\/td>\n<\/tr>\n<\/tbody>\n<\/table>\n<p>Isosyd\u00e4nmaa b\u00e1lggus gull\u00e1 Nuortagiemajoga mearkabirii. B\u00e1lggus lea Simo, Ranua ja Tervola gielddain. B\u00e1lggus r\u00e1dja\u0161uvv\u00e1 davvin Narkaus, nuortin Kuukas ja m\u00e1ddin Oij\u00e4rvi b\u00e1lgosiidda. Oarjj\u00e1bealde b\u00e1lggus oll\u00e1 Mearraba\u0111a rittu r\u00e1dj\u00e1i.<\/p>\n<p>B\u00e1lgosa eatnamiin 46,3 % leat st\u00e1htaeatnamat ja 53,7 % priv\u00e1htaeatnamat.<\/p>\n<p>B\u00e1lgosa eatnamiin lea Runkaus luonddumeahcci sihke moadde ear\u00e1 Natura-guovllut. Ranua Suhankoi leat pl\u00e1nemin platinamet\u00e1llaruvke, mii boa\u0111\u00e1\u0161ii Isosyd\u00e4nmaa ja Narkaus r\u00e1ji ala. B\u00e1lgosa guovllus leat ja leat pl\u00e1nemin lavdnjebuvttadanguovlluid sihke m\u00e1\u014bggat pl\u00e1nejuvvon bieggaf\u00e1pmobuvttadanguovllut.<\/p>\n<p>B\u00e1lgosis leat ean\u00e1\u0161 geavahusas sirding\u00e1rddit. Giddesg\u00e1rdi b\u00e1lgosis lea Alatalo-antinvaaras, mii lea jahk\u00e1sa\u010d\u010dat geavahusas. Fuom\u00e1\u0161ahtti \u00e1ssan\u010doahkkeb\u00e1iki lea Simo girkosiiddas, muhto guovllus leat m\u00e1\u014bggat gil\u00e1\u017eat. \u00c1ssan b\u00e1lgosa guovllus lea maid oalle eanandoallov\u00e1ldosa\u0161.<\/p>\n<p>&nbsp;<\/p>\n<p>&nbsp;<\/p>\n","protected":false},"excerpt":{"rendered":"<p>39 Isosyd\u00e4nmaa Boazoisit: Haapaniemi Markus Puhelin: +358 50 561 9827 \u0160lea\u0111gapoasta: &#x6d;a&#x72;k&#x75;&#115;&#x2e;&#104;a&#x61;p&#x61;&#110;&#x69;&#101;&#x6d;&#105;&#64;&#x67;m&#x61;&#105;&#x6c;&#46;&#x63;&#x6f;m Ruovttugielda: Simo Viidodat: 2 268,2 km2 Stuor\u00e1mus lob\u00e1la\u0161 ealliboazomearri: 2 000 Boazoeaigg\u00e1dat: 68 Isosyd\u00e4nmaa b\u00e1lggus gull\u00e1 Nuortagiemajoga mearkabirii. B\u00e1lggus lea Simo, Ranua ja Tervola gielddain. B\u00e1lggus r\u00e1dja\u0161uvv\u00e1 davvin Narkaus, nuortin Kuukas ja m\u00e1ddin Oij\u00e4rvi b\u00e1lgosiidda. Oarjj\u00e1bealde b\u00e1lggus oll\u00e1 Mearraba\u0111a rittu r\u00e1dj\u00e1i. B\u00e1lgosa eatnamiin [&hellip;]<\/p>\n","protected":false},"author":1,"featured_media":0,"parent":420,"menu_order":39,"comment_status":"open","ping_status":"closed","template":"paliskuntasivut.php","meta":{"footnotes":""},"class_list":["post-1479","page","type-page","status-publish","hentry"],"_links":{"self":[{"href":"https:\/\/paliskunnat.fi\/bo\/wp-json\/wp\/v2\/pages\/1479","targetHints":{"allow":["GET"]}}],"collection":[{"href":"https:\/\/paliskunnat.fi\/bo\/wp-json\/wp\/v2\/pages"}],"about":[{"href":"https:\/\/paliskunnat.fi\/bo\/wp-json\/wp\/v2\/types\/page"}],"author":[{"embeddable":true,"href":"https:\/\/paliskunnat.fi\/bo\/wp-json\/wp\/v2\/users\/1"}],"replies":[{"embeddable":true,"href":"https:\/\/paliskunnat.fi\/bo\/wp-json\/wp\/v2\/comments?post=1479"}],"version-history":[{"count":7,"href":"https:\/\/paliskunnat.fi\/bo\/wp-json\/wp\/v2\/pages\/1479\/revisions"}],"predecessor-version":[{"id":6012,"href":"https:\/\/paliskunnat.fi\/bo\/wp-json\/wp\/v2\/pages\/1479\/revisions\/6012"}],"up":[{"embeddable":true,"href":"https:\/\/paliskunnat.fi\/bo\/wp-json\/wp\/v2\/pages\/420"}],"wp:attachment":[{"href":"https:\/\/paliskunnat.fi\/bo\/wp-json\/wp\/v2\/media?parent=1479"}],"curies":[{"name":"wp","href":"https:\/\/api.w.org\/{rel}","templated":true}]}}