{"id":1481,"date":"2014-11-23T17:37:48","date_gmt":"2014-11-23T15:37:48","guid":{"rendered":"http:\/\/80.69.171.23\/py\/?page_id=1481"},"modified":"2023-06-07T13:17:16","modified_gmt":"2023-06-07T10:17:16","slug":"kuukas","status":"publish","type":"page","link":"https:\/\/paliskunnat.fi\/bo\/balgosat\/balgosiid-diedut\/kuukas\/","title":{"rendered":"41 Kuukas"},"content":{"rendered":"<h2>41 Kuukas<\/h2>\n<p>Boazoisit: Juotasniemi Hannu<br \/>\nTelefovdna: +358 40 012 1364<br \/>\n\u0160lea\u0111gapoasta: &#x70;&#x6f;&#x72;&#x6f;&#109;&#105;&#101;s7&#x39;&#x40;&#x67;&#x6d;&#x61;&#105;&#108;&#46;co&#x6d;<\/p>\n<p><a href=\"https:\/\/paliskunnat.fi\/bo\/wp-content\/uploads\/2014\/11\/41_kuukas.png\" rel=\"lightbox[1481]\"><img loading=\"lazy\" decoding=\"async\" class=\"alignnone wp-image-1538\" src=\"https:\/\/paliskunnat.fi\/bo\/wp-content\/uploads\/2014\/11\/41_kuukas.png\" alt=\"41 Kuukas\" width=\"300\" height=\"387\" srcset=\"https:\/\/paliskunnat.fi\/bo\/wp-content\/uploads\/2014\/11\/41_kuukas.png 775w, https:\/\/paliskunnat.fi\/bo\/wp-content\/uploads\/2014\/11\/41_kuukas-233x300.png 233w\" sizes=\"auto, (max-width: 300px) 100vw, 300px\" \/><\/a><\/p>\n<table width=\"450\">\n<tbody>\n<tr>\n<td>Ruovttugielda:<\/td>\n<td>Ranua<\/td>\n<\/tr>\n<tr>\n<td>Viidodat:<\/td>\n<td>1 476,0 km<sup>2<\/sup><\/td>\n<\/tr>\n<tr>\n<td>Stuor\u00e1mus lob\u00e1la\u0161 ealliboazomearri:<\/td>\n<td>1 500<\/td>\n<\/tr>\n<tr>\n<td>Boazoeaigg\u00e1dat:<\/td>\n<td>60<\/td>\n<\/tr>\n<\/tbody>\n<\/table>\n<p>Kuukas b\u00e1lggus gull\u00e1 Nuortagiemajoga mearkabirii. B\u00e1lggus lea Ranua ja Pudasj\u00e4rvi gielddain. B\u00e1lggus r\u00e1dja\u0161uvv\u00e1 davvin Narkaus, davvenuortin Niemel\u00e4, m\u00e1ttanuortin Pudasj\u00e4rvi Livo, m\u00e1ddin Ikonen ja oarjin Oij\u00e4rvi ja Isosyd\u00e4nmaa b\u00e1lgosiidda.<\/p>\n<p>B\u00e1lgosa eatnamiin 45,1 % leat st\u00e1htaeatnamat ja 54,9 % priv\u00e1htaeatnamat. Vaikko Ranua \u010doahkkeb\u00e1iki lea guovdu b\u00e1lgosa, dat ii doalvvo olu b\u00e1lgosa eatnamiin unnivuo\u0111as dihte. B\u00e1lgosa guovlu r\u00e1dja\u0161uvv\u00e1 Litokaira suodjalanguvlui oarjer\u00e1jis. Valjis jekkiid dihte b\u00e1lgosa guohtuneatnamiid ja doaimma v\u00e1ivvidit lavdnjebuvttadanguovllut.<\/p>\n<p>Miessemearkun- ja big\u00e1lusg\u00e1rddit leat \u010die\u017ea. Bohccuidgie\u0111ahallanb\u00e1ikkiin geavahit sirding\u00e1rddiid. B\u00e1lgosa guovllus leat unnimust\u00e1 70 gilvin\u00e1iddi, maid divvun ja huksen v\u00e1ld\u00e1 ollu \u00e1iggi.<\/p>\n<p>\u00c1ssan lea \u010dohkkiidan Ranua \u010doahkkeb\u00e1ik\u00e1i. Kuha gilli ja Simoj\u00e1vrri biras leat \u00e1ssojuvvon. Boazoeaigg\u00e1diin measta buohkat oamastit doaibmi eana- dahje meahcced\u00e1lu.<\/p>\n<p>&nbsp;<\/p>\n<p>&nbsp;<\/p>\n<p>&nbsp;<\/p>\n","protected":false},"excerpt":{"rendered":"<p>41 Kuukas Boazoisit: Juotasniemi Hannu Telefovdna: +358 40 012 1364 \u0160lea\u0111gapoasta: &#112;&#x6f;r&#111;&#x6d;i&#101;&#x73;7&#57;&#x40;g&#109;&#x61;i&#108;&#x2e;c&#111;&#x6d; Ruovttugielda: Ranua Viidodat: 1 476,0 km2 Stuor\u00e1mus lob\u00e1la\u0161 ealliboazomearri: 1 500 Boazoeaigg\u00e1dat: 60 Kuukas b\u00e1lggus gull\u00e1 Nuortagiemajoga mearkabirii. B\u00e1lggus lea Ranua ja Pudasj\u00e4rvi gielddain. B\u00e1lggus r\u00e1dja\u0161uvv\u00e1 davvin Narkaus, davvenuortin Niemel\u00e4, m\u00e1ttanuortin Pudasj\u00e4rvi Livo, m\u00e1ddin Ikonen ja oarjin Oij\u00e4rvi ja Isosyd\u00e4nmaa b\u00e1lgosiidda. B\u00e1lgosa eatnamiin [&hellip;]<\/p>\n","protected":false},"author":1,"featured_media":0,"parent":420,"menu_order":41,"comment_status":"open","ping_status":"closed","template":"paliskuntasivut.php","meta":{"footnotes":""},"class_list":["post-1481","page","type-page","status-publish","hentry"],"_links":{"self":[{"href":"https:\/\/paliskunnat.fi\/bo\/wp-json\/wp\/v2\/pages\/1481","targetHints":{"allow":["GET"]}}],"collection":[{"href":"https:\/\/paliskunnat.fi\/bo\/wp-json\/wp\/v2\/pages"}],"about":[{"href":"https:\/\/paliskunnat.fi\/bo\/wp-json\/wp\/v2\/types\/page"}],"author":[{"embeddable":true,"href":"https:\/\/paliskunnat.fi\/bo\/wp-json\/wp\/v2\/users\/1"}],"replies":[{"embeddable":true,"href":"https:\/\/paliskunnat.fi\/bo\/wp-json\/wp\/v2\/comments?post=1481"}],"version-history":[{"count":11,"href":"https:\/\/paliskunnat.fi\/bo\/wp-json\/wp\/v2\/pages\/1481\/revisions"}],"predecessor-version":[{"id":6013,"href":"https:\/\/paliskunnat.fi\/bo\/wp-json\/wp\/v2\/pages\/1481\/revisions\/6013"}],"up":[{"embeddable":true,"href":"https:\/\/paliskunnat.fi\/bo\/wp-json\/wp\/v2\/pages\/420"}],"wp:attachment":[{"href":"https:\/\/paliskunnat.fi\/bo\/wp-json\/wp\/v2\/media?parent=1481"}],"curies":[{"name":"wp","href":"https:\/\/api.w.org\/{rel}","templated":true}]}}