{"id":1486,"date":"2014-11-23T17:41:10","date_gmt":"2014-11-23T15:41:10","guid":{"rendered":"http:\/\/80.69.171.23\/py\/?page_id=1486"},"modified":"2023-06-07T13:20:04","modified_gmt":"2023-06-07T10:20:04","slug":"akanlahti","status":"publish","type":"page","link":"https:\/\/paliskunnat.fi\/bo\/balgosat\/balgosiid-diedut\/akanlahti\/","title":{"rendered":"43 Akanlahti"},"content":{"rendered":"<h2>43 Akanlahti<\/h2>\n<p>Boazoisit: P\u00e4tsi Antti<br \/>\nTelefovdna: +358 40 708 2153<br \/>\n\u0160lea\u0111gapoasta: ant&#116;&#105;&#46;&#x70;&#x61;&#x74;&#x73;&#x69;&#x40;gma&#105;&#108;&#46;&#99;&#x6f;&#x6d;<\/p>\n<p><a href=\"https:\/\/paliskunnat.fi\/bo\/wp-content\/uploads\/2014\/11\/43_akanlahti.png\" rel=\"lightbox[1486]\"><img loading=\"lazy\" decoding=\"async\" class=\"alignnone wp-image-1544\" src=\"https:\/\/paliskunnat.fi\/bo\/wp-content\/uploads\/2014\/11\/43_akanlahti.png\" alt=\"43_akanlahti\" width=\"300\" height=\"387\" srcset=\"https:\/\/paliskunnat.fi\/bo\/wp-content\/uploads\/2014\/11\/43_akanlahti.png 775w, https:\/\/paliskunnat.fi\/bo\/wp-content\/uploads\/2014\/11\/43_akanlahti-233x300.png 233w\" sizes=\"auto, (max-width: 300px) 100vw, 300px\" \/><\/a><\/p>\n<table width=\"450\">\n<tbody>\n<tr>\n<td>Ruovttugielda:<\/td>\n<td>Posio<\/td>\n<\/tr>\n<tr>\n<td>Viidodat:<\/td>\n<td>641,5 km<sup>2<\/sup><\/td>\n<\/tr>\n<tr>\n<td>Stuor\u00e1mus lob\u00e1la\u0161 ealliboazomearri:<\/td>\n<td>1 000<\/td>\n<\/tr>\n<tr>\n<td>Boazoeaigg\u00e1dat:<\/td>\n<td>17<\/td>\n<\/tr>\n<\/tbody>\n<\/table>\n<p>Akanlahti b\u00e1lggus gull\u00e1 Guoss\u00e1ma mearkabirii. B\u00e1lggus lea Posio (60 %), Guoss\u00e1ma (35 %) ja Taivalkoski (5 %) gielddain. B\u00e1lggus r\u00e1dja\u0161uvv\u00e1 davvin Tolva, nuortin Oivanki ja Kallioluoma, m\u00e1ddin Hossa.Irni ja Taivalkoski ja oarjin Posio Livo b\u00e1lgosiidda.<\/p>\n<p>B\u00e1lgosa eatnamiin 12,7 % leat st\u00e1htaeatnamat ja 87,3 % priv\u00e1htaeatnamat. Akanlahti b\u00e1lgosa guovlluin eai leat luonddu- ja \u00e1lbmotmeahcit eaige meahcceguovllut.<\/p>\n<p>B\u00e1lgosis leat guhtta big\u00e1lusb\u00e1ikki: Kolomilampi, Suonper\u00e4, Aitalampi, Pitk\u00e4lampi, Isokangas ja Jokilampi. Misiid merkot sirding\u00e1rddiin.<\/p>\n<p>Guovlu lea h\u00e1rvvet \u00e1ssojuvvon ja lea mieht\u00e1 b\u00e1lgosa. B\u00e1lgosa guovllus eai leat stuorra \u010doahkkeb\u00e1ikkit muhto unna gil\u00e1\u017eat dego Vasaraper\u00e4, Lohiranta, Kynsivaara ja Jokilampi. Measta buot osola\u010d\u010dat \u00e1sset b\u00e1lgosa guovllu gil\u00e1\u017eiin dego Lohirantas ja Jokilampis.<\/p>\n<p>&nbsp;<\/p>\n","protected":false},"excerpt":{"rendered":"<p>43 Akanlahti Boazoisit: P\u00e4tsi Antti Telefovdna: +358 40 708 2153 \u0160lea\u0111gapoasta: &#x61;&#x6e;&#x74;&#x74;&#x69;&#x2e;&#x70;&#x61;&#x74;&#x73;&#x69;&#x40;&#x67;&#x6d;&#x61;&#x69;&#x6c;&#x2e;&#x63;&#x6f;&#x6d; Ruovttugielda: Posio Viidodat: 641,5 km2 Stuor\u00e1mus lob\u00e1la\u0161 ealliboazomearri: 1 000 Boazoeaigg\u00e1dat: 17 Akanlahti b\u00e1lggus gull\u00e1 Guoss\u00e1ma mearkabirii. B\u00e1lggus lea Posio (60 %), Guoss\u00e1ma (35 %) ja Taivalkoski (5 %) gielddain. B\u00e1lggus r\u00e1dja\u0161uvv\u00e1 davvin Tolva, nuortin Oivanki ja Kallioluoma, m\u00e1ddin Hossa.Irni ja Taivalkoski ja [&hellip;]<\/p>\n","protected":false},"author":1,"featured_media":0,"parent":420,"menu_order":43,"comment_status":"open","ping_status":"closed","template":"paliskuntasivut.php","meta":{"footnotes":""},"class_list":["post-1486","page","type-page","status-publish","hentry"],"_links":{"self":[{"href":"https:\/\/paliskunnat.fi\/bo\/wp-json\/wp\/v2\/pages\/1486","targetHints":{"allow":["GET"]}}],"collection":[{"href":"https:\/\/paliskunnat.fi\/bo\/wp-json\/wp\/v2\/pages"}],"about":[{"href":"https:\/\/paliskunnat.fi\/bo\/wp-json\/wp\/v2\/types\/page"}],"author":[{"embeddable":true,"href":"https:\/\/paliskunnat.fi\/bo\/wp-json\/wp\/v2\/users\/1"}],"replies":[{"embeddable":true,"href":"https:\/\/paliskunnat.fi\/bo\/wp-json\/wp\/v2\/comments?post=1486"}],"version-history":[{"count":9,"href":"https:\/\/paliskunnat.fi\/bo\/wp-json\/wp\/v2\/pages\/1486\/revisions"}],"predecessor-version":[{"id":6015,"href":"https:\/\/paliskunnat.fi\/bo\/wp-json\/wp\/v2\/pages\/1486\/revisions\/6015"}],"up":[{"embeddable":true,"href":"https:\/\/paliskunnat.fi\/bo\/wp-json\/wp\/v2\/pages\/420"}],"wp:attachment":[{"href":"https:\/\/paliskunnat.fi\/bo\/wp-json\/wp\/v2\/media?parent=1486"}],"curies":[{"name":"wp","href":"https:\/\/api.w.org\/{rel}","templated":true}]}}