{"id":1488,"date":"2014-11-23T17:42:53","date_gmt":"2014-11-23T15:42:53","guid":{"rendered":"http:\/\/80.69.171.23\/py\/?page_id=1488"},"modified":"2025-06-11T10:03:55","modified_gmt":"2025-06-11T07:03:55","slug":"hossa-irni","status":"publish","type":"page","link":"https:\/\/paliskunnat.fi\/bo\/balgosat\/balgosiid-diedut\/hossa-irni\/","title":{"rendered":"44 Hossa-Irni"},"content":{"rendered":"<h2>44 Hossa-Irni<\/h2>\n<p>Boazoisit: Sepp\u00e4nen Ville<br \/>\nTelefovdna: +358 40 569 6592<br \/>\n\u0160lea\u0111gapoasta: &#x68;&#111;&#x73;&#x73;&#97;&#x69;&#x72;&#110;&#x69;&#x70;&#108;&#x6b;&#x40;g&#x6d;&#x61;i&#x6c;&#46;c&#x6f;&#109;<\/p>\n<p><a href=\"https:\/\/paliskunnat.fi\/bo\/wp-content\/uploads\/2014\/11\/44_hossa_irni.png\" rel=\"lightbox[1488]\"><img loading=\"lazy\" decoding=\"async\" class=\"alignnone wp-image-1546\" src=\"https:\/\/paliskunnat.fi\/bo\/wp-content\/uploads\/2014\/11\/44_hossa_irni.png\" alt=\"44 Hossa Irni\" width=\"300\" height=\"387\" srcset=\"https:\/\/paliskunnat.fi\/bo\/wp-content\/uploads\/2014\/11\/44_hossa_irni.png 775w, https:\/\/paliskunnat.fi\/bo\/wp-content\/uploads\/2014\/11\/44_hossa_irni-233x300.png 233w\" sizes=\"auto, (max-width: 300px) 100vw, 300px\" \/><\/a><\/p>\n<table width=\"450\">\n<tbody>\n<tr>\n<td>Ruovttugielda:<\/td>\n<td>Suomussalmi<\/td>\n<\/tr>\n<tr>\n<td>Viidodat:<\/td>\n<td>3 087,4 km<sup>2<\/sup><\/td>\n<\/tr>\n<tr>\n<td>Stuor\u00e1mus lob\u00e1la\u0161 ealliboazomearri:<\/td>\n<td>3 000<\/td>\n<\/tr>\n<tr>\n<td>Poronomistajia:<\/td>\n<td>71<\/td>\n<\/tr>\n<\/tbody>\n<\/table>\n<p>Hossa-Irni b\u00e1lggus gull\u00e1 Guoss\u00e1ma mearkabirii. B\u00e1lggus lea Guoss\u00e1ma g\u00e1vpogis, Taivalkoski ja Suomussalmi gielddain. B\u00e1lggus r\u00e1dja\u0161uvv\u00e1 nuortin Ruo\u0161\u0161a st\u00e1htar\u00e1dj\u00e1i, m\u00e1ddin N\u00e4lj\u00e4nk\u00e4, oarjin Taivalkoski ja davvin Akanlahti ja Kallioluoma b\u00e1lgosiidda.<\/p>\n<p>B\u00e1lgosa eatnamiin 50,5 % leat st\u00e1htaeatnamat ja 49,5 % priv\u00e1htaeatnamat. B\u00e1lgosa duovdagiin leat m\u00e1\u014bggat Natura-suodjalanguovllut. Fuom\u00e1\u0161ahtti suodjalanguovllut leat Martinselkonen, Hossa v\u00e1nddardanguovlu ja Romevaara.<\/p>\n<p>B\u00e1lgosis eai leat caggan- ja guohtun\u00e1iddit. Big\u00e1lusg\u00e1rddit leat oktiibuot ovcci. Oasis giddesg\u00e1rddiid leat maidd\u00e1i borahan\u00e1iddit, main bohccuid s\u00e1htt\u00e1 doallat ja borahit d\u00e1rbba\u0161ettiin v\u00e1ttisvuo\u0111aid haga.<\/p>\n<p>B\u00e1lgosa davveosiin Iijoki \u010d\u00e1z\u00e1daga lahkosis lea guovlu \u00e1ssojuvvon deahtt\u00e1t. Maidd\u00e1i Kianna \u010d\u00e1z\u00e1daga birrasis lea \u00e1ssan deahtt\u00e1t. Stuor\u00e1mus gilit leat Hossa, Ruhtinansalmi ja Teeriranta. Osola\u010d\u010daid \u00e1ssan lea \u010dohkkiidan Suomussalmis Hossa birrasii.<\/p>\n<p>&nbsp;<\/p>\n<p>&nbsp;<\/p>\n","protected":false},"excerpt":{"rendered":"<p>44 Hossa-Irni Boazoisit: Sepp\u00e4nen Ville Telefovdna: +358 40 569 6592 \u0160lea\u0111gapoasta: &#x68;o&#x73;&#115;&#x61;&#105;r&#x6e;&#105;&#x70;&#108;k&#x40;&#103;&#x6d;&#97;i&#x6c;&#46;&#x63;&#111;&#x6d; Ruovttugielda: Suomussalmi Viidodat: 3 087,4 km2 Stuor\u00e1mus lob\u00e1la\u0161 ealliboazomearri: 3 000 Poronomistajia: 71 Hossa-Irni b\u00e1lggus gull\u00e1 Guoss\u00e1ma mearkabirii. B\u00e1lggus lea Guoss\u00e1ma g\u00e1vpogis, Taivalkoski ja Suomussalmi gielddain. B\u00e1lggus r\u00e1dja\u0161uvv\u00e1 nuortin Ruo\u0161\u0161a st\u00e1htar\u00e1dj\u00e1i, m\u00e1ddin N\u00e4lj\u00e4nk\u00e4, oarjin Taivalkoski ja davvin Akanlahti ja Kallioluoma b\u00e1lgosiidda. B\u00e1lgosa eatnamiin [&hellip;]<\/p>\n","protected":false},"author":1,"featured_media":0,"parent":420,"menu_order":44,"comment_status":"open","ping_status":"closed","template":"paliskuntasivut.php","meta":{"footnotes":""},"class_list":["post-1488","page","type-page","status-publish","hentry"],"_links":{"self":[{"href":"https:\/\/paliskunnat.fi\/bo\/wp-json\/wp\/v2\/pages\/1488","targetHints":{"allow":["GET"]}}],"collection":[{"href":"https:\/\/paliskunnat.fi\/bo\/wp-json\/wp\/v2\/pages"}],"about":[{"href":"https:\/\/paliskunnat.fi\/bo\/wp-json\/wp\/v2\/types\/page"}],"author":[{"embeddable":true,"href":"https:\/\/paliskunnat.fi\/bo\/wp-json\/wp\/v2\/users\/1"}],"replies":[{"embeddable":true,"href":"https:\/\/paliskunnat.fi\/bo\/wp-json\/wp\/v2\/comments?post=1488"}],"version-history":[{"count":12,"href":"https:\/\/paliskunnat.fi\/bo\/wp-json\/wp\/v2\/pages\/1488\/revisions"}],"predecessor-version":[{"id":6201,"href":"https:\/\/paliskunnat.fi\/bo\/wp-json\/wp\/v2\/pages\/1488\/revisions\/6201"}],"up":[{"embeddable":true,"href":"https:\/\/paliskunnat.fi\/bo\/wp-json\/wp\/v2\/pages\/420"}],"wp:attachment":[{"href":"https:\/\/paliskunnat.fi\/bo\/wp-json\/wp\/v2\/media?parent=1488"}],"curies":[{"name":"wp","href":"https:\/\/api.w.org\/{rel}","templated":true}]}}