{"id":1490,"date":"2014-11-23T17:45:38","date_gmt":"2014-11-23T15:45:38","guid":{"rendered":"http:\/\/80.69.171.23\/py\/?page_id=1490"},"modified":"2023-06-07T13:21:46","modified_gmt":"2023-06-07T10:21:46","slug":"kallioluoma","status":"publish","type":"page","link":"https:\/\/paliskunnat.fi\/bo\/balgosat\/balgosiid-diedut\/kallioluoma\/","title":{"rendered":"45 Kallioluoma"},"content":{"rendered":"<h2>45 Kallioluoma<\/h2>\n<p>Boazoisit: H\u00e4rm\u00e4 Heikki<br \/>\nTelefovdna: +358\u00a040 540 9381<br \/>\n\u0160lea\u0111gapoasta:\u00a0&#x68;e&#x69;&#107;&#x6b;&#105;p&#x6f;r&#x6f;&#64;&#x67;&#109;&#x61;&#105;l&#x2e;c&#x6f;&#109;<\/p>\n<p><a href=\"https:\/\/paliskunnat.fi\/bo\/wp-content\/uploads\/2014\/11\/45_kallioluoma.png\" rel=\"lightbox[1490]\"><img loading=\"lazy\" decoding=\"async\" class=\"alignnone wp-image-1548\" src=\"https:\/\/paliskunnat.fi\/bo\/wp-content\/uploads\/2014\/11\/45_kallioluoma.png\" alt=\"45 Kallioluoma\" width=\"300\" height=\"387\" srcset=\"https:\/\/paliskunnat.fi\/bo\/wp-content\/uploads\/2014\/11\/45_kallioluoma.png 775w, https:\/\/paliskunnat.fi\/bo\/wp-content\/uploads\/2014\/11\/45_kallioluoma-233x300.png 233w\" sizes=\"auto, (max-width: 300px) 100vw, 300px\" \/><\/a><\/p>\n<table width=\"450\">\n<tbody>\n<tr>\n<td>Ruovttugielda:<\/td>\n<td>Guoss\u00e1n<\/td>\n<\/tr>\n<tr>\n<td>Viidodat:<\/td>\n<td>1 576,8 km<sup>2<\/sup><\/td>\n<\/tr>\n<tr>\n<td>Stuor\u00e1mus lob\u00e1la\u0161 ealliboazomearri:<\/td>\n<td>2 300<\/td>\n<\/tr>\n<tr>\n<td>Boazoeaigg\u00e1dat:<\/td>\n<td>42<\/td>\n<\/tr>\n<\/tbody>\n<\/table>\n<p>Kallioluoma b\u00e1lggus gull\u00e1 Guoss\u00e1ma mearkabirii. B\u00e1lggus lea Guoss\u00e1ma g\u00e1vpoga m\u00e1ttaoasis. B\u00e1lggus r\u00e1dja\u0161uvv\u00e1 nuortin Ruo\u0161\u0161a v\u00e1ldegodder\u00e1dj\u00e1i, m\u00e1ddin Hossa-Irni, oarjin Akanlahti ja davvin Oivanki b\u00e1lgosiidda.<\/p>\n<p>B\u00e1lgosa eatnamiin 20,1 % leat st\u00e1htaeatnamat ja 79,9 % priv\u00e1htaeatnamat. B\u00e1lgosa eatnamiid cuvke riikkageaidnu 5, mii juohk\u00e1 b\u00e1lgosa bohccuid guohtun- ja johtinguovllu guovtti oass\u00e1i. B\u00e1lgosa guovllus leat moadde lavdnjejeakki, muhto daid boazodollui dagahan hehttehus lea oalle unn\u00e1na\u0161.<\/p>\n<p>B\u00e1lgosis leat giddesg\u00e1rddit ovcci. Bohccuid bivdo\u00e1iddit leat vihtta. Osola\u010d\u010dain leat ie\u017easet g\u00e1rddit. Gilvimiid suodjin leat huksejuvvon gilvinsuodje\u00e1iddit juohke d\u00e1llui.<\/p>\n<p>\u00c1ssan lea juohk\u00e1san mieht\u00e1 b\u00e1lgosa d\u00e1ssidit, earret nuorttamus osiin. Asto\u00e1igge\u00e1sodagat leat lass\u00e1nan issorasat. Osola\u010d\u010dat \u00e1sset mieht\u00e1 b\u00e1lgosa. Stuorra oassi b\u00e1lgosa badjeolbmuin leat eananeaigg\u00e1dat. D\u00e1lut lea eanan-, meahcce- ja boazod\u00e1lut.<\/p>\n<p>&nbsp;<\/p>\n<p>&nbsp;<\/p>\n<p>&nbsp;<\/p>\n","protected":false},"excerpt":{"rendered":"<p>45 Kallioluoma Boazoisit: H\u00e4rm\u00e4 Heikki Telefovdna: +358\u00a040 540 9381 \u0160lea\u0111gapoasta:\u00a0&#x68;&#x65;i&#107;&#x6b;&#x69;p&#111;&#114;&#x6f;&#x40;g&#109;&#x61;&#x69;l&#46;&#x63;&#x6f;m Ruovttugielda: Guoss\u00e1n Viidodat: 1 576,8 km2 Stuor\u00e1mus lob\u00e1la\u0161 ealliboazomearri: 2 300 Boazoeaigg\u00e1dat: 42 Kallioluoma b\u00e1lggus gull\u00e1 Guoss\u00e1ma mearkabirii. B\u00e1lggus lea Guoss\u00e1ma g\u00e1vpoga m\u00e1ttaoasis. B\u00e1lggus r\u00e1dja\u0161uvv\u00e1 nuortin Ruo\u0161\u0161a v\u00e1ldegodder\u00e1dj\u00e1i, m\u00e1ddin Hossa-Irni, oarjin Akanlahti ja davvin Oivanki b\u00e1lgosiidda. B\u00e1lgosa eatnamiin 20,1 % leat st\u00e1htaeatnamat ja 79,9 % [&hellip;]<\/p>\n","protected":false},"author":1,"featured_media":0,"parent":420,"menu_order":45,"comment_status":"open","ping_status":"closed","template":"paliskuntasivut.php","meta":{"footnotes":""},"class_list":["post-1490","page","type-page","status-publish","hentry"],"_links":{"self":[{"href":"https:\/\/paliskunnat.fi\/bo\/wp-json\/wp\/v2\/pages\/1490","targetHints":{"allow":["GET"]}}],"collection":[{"href":"https:\/\/paliskunnat.fi\/bo\/wp-json\/wp\/v2\/pages"}],"about":[{"href":"https:\/\/paliskunnat.fi\/bo\/wp-json\/wp\/v2\/types\/page"}],"author":[{"embeddable":true,"href":"https:\/\/paliskunnat.fi\/bo\/wp-json\/wp\/v2\/users\/1"}],"replies":[{"embeddable":true,"href":"https:\/\/paliskunnat.fi\/bo\/wp-json\/wp\/v2\/comments?post=1490"}],"version-history":[{"count":13,"href":"https:\/\/paliskunnat.fi\/bo\/wp-json\/wp\/v2\/pages\/1490\/revisions"}],"predecessor-version":[{"id":6017,"href":"https:\/\/paliskunnat.fi\/bo\/wp-json\/wp\/v2\/pages\/1490\/revisions\/6017"}],"up":[{"embeddable":true,"href":"https:\/\/paliskunnat.fi\/bo\/wp-json\/wp\/v2\/pages\/420"}],"wp:attachment":[{"href":"https:\/\/paliskunnat.fi\/bo\/wp-json\/wp\/v2\/media?parent=1490"}],"curies":[{"name":"wp","href":"https:\/\/api.w.org\/{rel}","templated":true}]}}