{"id":1492,"date":"2014-11-23T17:47:16","date_gmt":"2014-11-23T15:47:16","guid":{"rendered":"http:\/\/80.69.171.23\/py\/?page_id=1492"},"modified":"2023-06-07T13:22:15","modified_gmt":"2023-06-07T10:22:15","slug":"oivanki","status":"publish","type":"page","link":"https:\/\/paliskunnat.fi\/bo\/balgosat\/balgosiid-diedut\/oivanki\/","title":{"rendered":"46 Oivanki"},"content":{"rendered":"<h2>46 Oivanki<\/h2>\n<p>Boazoisit: Kujala Juha<br \/>\nTelefovdna: +358 40 913 7616<br \/>\n\u0160lea\u0111gapoasta: &#x6f;&#x69;&#x76;&#x61;&#110;&#103;&#105;np&#x61;&#x6c;&#x69;&#x73;&#x6b;&#117;&#110;&#116;a&#64;&#x67;&#x6d;&#x61;&#x69;&#x6c;&#46;&#99;&#111;m<\/p>\n<p><a href=\"https:\/\/paliskunnat.fi\/bo\/wp-content\/uploads\/2014\/11\/46_oivanki.png\" rel=\"lightbox[1492]\"><img loading=\"lazy\" decoding=\"async\" class=\"alignnone wp-image-1550\" src=\"https:\/\/paliskunnat.fi\/bo\/wp-content\/uploads\/2014\/11\/46_oivanki.png\" alt=\"46 Oivanki\" width=\"300\" height=\"387\" srcset=\"https:\/\/paliskunnat.fi\/bo\/wp-content\/uploads\/2014\/11\/46_oivanki.png 775w, https:\/\/paliskunnat.fi\/bo\/wp-content\/uploads\/2014\/11\/46_oivanki-233x300.png 233w\" sizes=\"auto, (max-width: 300px) 100vw, 300px\" \/><\/a><\/p>\n<table width=\"450\">\n<tbody>\n<tr>\n<td>Ruovttugielda:<\/td>\n<td>Guoss\u00e1n<\/td>\n<\/tr>\n<tr>\n<td>Viidodat:<\/td>\n<td>1 620,6 km<sup>2<\/sup><\/td>\n<\/tr>\n<tr>\n<td>Stuor\u00e1mus lob\u00e1la\u0161 ealliboazomearri:<\/td>\n<td>2 400<\/td>\n<\/tr>\n<tr>\n<td>Boazoeaigg\u00e1dat:<\/td>\n<td>49<\/td>\n<\/tr>\n<\/tbody>\n<\/table>\n<p>Oivanki b\u00e1lggus gull\u00e1 Guoss\u00e1ma mearkabirii. B\u00e1lggus lea Guoss\u00e1ma g\u00e1vpoga gaskaoasis. B\u00e1lggus r\u00e1dja\u0161uvv\u00e1 nuortin Ruo\u0161\u0161a st\u00e1htar\u00e1dj\u00e1i, m\u00e1ddin Kallioluoma, oarjin Akanlahti ja Tolva ja davvin Alakitka b\u00e1lgosiidda.<\/p>\n<p>B\u00e1lgosa eatnamiin 3,8 % leat st\u00e1htaeatnamat ja 96,2 % priv\u00e1htaeatnamat. B\u00e1lgosa juohk\u00e1 riikkageaidnu 5, mii v\u00e1tt\u00e1smahtt\u00e1 bohccuid guo\u0111oheami. Ruka \u010duoiganguovdd\u00e1\u0161 bukt\u00e1 guvlui ollu turisttaid.<\/p>\n<p>B\u00e1lgosis lea sullii 20 g\u00e1rdeb\u00e1ikki. Giddesg\u00e1rddit leat vihtta, sirding\u00e1rddiid geavahit sullii logi g\u00e1rdeb\u00e1ikkis. Guovtti g\u00e1rdeb\u00e1ikkis lea borahan\u00e1idi. Gilvimiid suodje\u00e1iddiid leat g\u00e1rtan hukset stuor\u00e1mus oass\u00e1i gilvimiin.<\/p>\n<p>\u00c1ssan lea \u010dohkiidan Guoss\u00e1ma girkosiidii, Rukai ja Nissinvaarai.<\/p>\n<p>\u00c1ssimearit leat g\u00e1vpogis njiedjan ma\u014bimu\u0161 jagiin ja eandaliige boaittobealegilit \u0161addet \u00e1vdin.<\/p>\n<p>&nbsp;<\/p>\n<p>&nbsp;<\/p>\n","protected":false},"excerpt":{"rendered":"<p>46 Oivanki Boazoisit: Kujala Juha Telefovdna: +358 40 913 7616 \u0160lea\u0111gapoasta: &#111;i&#x76;a&#x6e;g&#x69;n&#x70;&#97;&#x6c;&#105;&#x73;&#107;&#x75;&#110;t&#97;&#64;&#x67;m&#x61;i&#x6c;&#46;&#x63;&#111;&#x6d; Ruovttugielda: Guoss\u00e1n Viidodat: 1 620,6 km2 Stuor\u00e1mus lob\u00e1la\u0161 ealliboazomearri: 2 400 Boazoeaigg\u00e1dat: 49 Oivanki b\u00e1lggus gull\u00e1 Guoss\u00e1ma mearkabirii. B\u00e1lggus lea Guoss\u00e1ma g\u00e1vpoga gaskaoasis. B\u00e1lggus r\u00e1dja\u0161uvv\u00e1 nuortin Ruo\u0161\u0161a st\u00e1htar\u00e1dj\u00e1i, m\u00e1ddin Kallioluoma, oarjin Akanlahti ja Tolva ja davvin Alakitka b\u00e1lgosiidda. B\u00e1lgosa eatnamiin 3,8 % leat [&hellip;]<\/p>\n","protected":false},"author":1,"featured_media":0,"parent":420,"menu_order":46,"comment_status":"open","ping_status":"closed","template":"paliskuntasivut.php","meta":{"footnotes":""},"class_list":["post-1492","page","type-page","status-publish","hentry"],"_links":{"self":[{"href":"https:\/\/paliskunnat.fi\/bo\/wp-json\/wp\/v2\/pages\/1492","targetHints":{"allow":["GET"]}}],"collection":[{"href":"https:\/\/paliskunnat.fi\/bo\/wp-json\/wp\/v2\/pages"}],"about":[{"href":"https:\/\/paliskunnat.fi\/bo\/wp-json\/wp\/v2\/types\/page"}],"author":[{"embeddable":true,"href":"https:\/\/paliskunnat.fi\/bo\/wp-json\/wp\/v2\/users\/1"}],"replies":[{"embeddable":true,"href":"https:\/\/paliskunnat.fi\/bo\/wp-json\/wp\/v2\/comments?post=1492"}],"version-history":[{"count":11,"href":"https:\/\/paliskunnat.fi\/bo\/wp-json\/wp\/v2\/pages\/1492\/revisions"}],"predecessor-version":[{"id":6018,"href":"https:\/\/paliskunnat.fi\/bo\/wp-json\/wp\/v2\/pages\/1492\/revisions\/6018"}],"up":[{"embeddable":true,"href":"https:\/\/paliskunnat.fi\/bo\/wp-json\/wp\/v2\/pages\/420"}],"wp:attachment":[{"href":"https:\/\/paliskunnat.fi\/bo\/wp-json\/wp\/v2\/media?parent=1492"}],"curies":[{"name":"wp","href":"https:\/\/api.w.org\/{rel}","templated":true}]}}