{"id":1554,"date":"2014-11-23T18:30:38","date_gmt":"2014-11-23T16:30:38","guid":{"rendered":"http:\/\/80.69.171.23\/py\/?page_id=1554"},"modified":"2023-06-07T13:22:56","modified_gmt":"2023-06-07T10:22:56","slug":"taivalkoski","status":"publish","type":"page","link":"https:\/\/paliskunnat.fi\/bo\/balgosat\/balgosiid-diedut\/taivalkoski\/","title":{"rendered":"48 Taivalkoski"},"content":{"rendered":"<h2>48 Taivalkoski<\/h2>\n<p>Boazoisit: K\u00e4sm\u00e4 Mika<br \/>\nTelefovdna: +358 400 173 980<br \/>\n\u0160lea\u0111gapoasta: &#x6d;&#x69;&#x6b;&#x61;&#46;&#107;asm&#x61;&#x40;&#x70;&#x61;&#108;&#105;sku&#x6e;&#x6e;&#x61;&#x74;&#46;&#102;&#105;<\/p>\n<p><a href=\"https:\/\/paliskunnat.fi\/bo\/wp-content\/uploads\/2014\/11\/48_taivalkoski.png\" rel=\"lightbox[1554]\"><img loading=\"lazy\" decoding=\"async\" class=\"alignnone wp-image-1557\" src=\"https:\/\/paliskunnat.fi\/bo\/wp-content\/uploads\/2014\/11\/48_taivalkoski.png\" alt=\"48 Taivalkoski\" width=\"300\" height=\"387\" srcset=\"https:\/\/paliskunnat.fi\/bo\/wp-content\/uploads\/2014\/11\/48_taivalkoski.png 775w, https:\/\/paliskunnat.fi\/bo\/wp-content\/uploads\/2014\/11\/48_taivalkoski-233x300.png 233w\" sizes=\"auto, (max-width: 300px) 100vw, 300px\" \/><\/a><\/p>\n<table width=\"450\">\n<tbody>\n<tr>\n<td>Ruovttugielda:<\/td>\n<td>Taivalkoski<\/td>\n<\/tr>\n<tr>\n<td>Viidodat:<\/td>\n<td>2 459,2 km<sup>2<\/sup><\/td>\n<\/tr>\n<tr>\n<td>Stuor\u00e1mus lob\u00e1la\u0161 ealliboazomearri:<\/td>\n<td>2 500<\/td>\n<\/tr>\n<tr>\n<td>Boazoeaigg\u00e1dat:<\/td>\n<td>76<\/td>\n<\/tr>\n<\/tbody>\n<\/table>\n<p>Taivalkoski b\u00e1lggus gull\u00e1 Pudasj\u00e4rvi mearkabirii. B\u00e1lggus lea Taivalkoski, Posio, Suomussalmi ja Pudasj\u00e4rvi gielddain. B\u00e1lggus r\u00e1dja\u0161uvv\u00e1 davvin Posio Livo ja Akanlahti, nuortin Hossa-Irni, m\u00e1ddin N\u00e4lj\u00e4nk\u00e4 ja oarjin Pintamo ja Pudasj\u00e4rvi Livo b\u00e1lgosiidda.<\/p>\n<p>B\u00e1lgosa eatnamiin 67,8 % leat st\u00e1htaeatnamat ja 32,2 % priv\u00e1htaeatnamat.<\/p>\n<p>B\u00e1lgosa davveoass\u00e1i leat pl\u00e1nemin Mustavaara (van\u00e1dina-ruovdi-tit\u00e1na) ruvkke o\u0111\u0111asit rahpama. Ruvke liv\u010d\u010de b\u00e1lgosa geasseguohtuneatnamiin.<\/p>\n<p>&nbsp;<\/p>\n<p>&nbsp;<\/p>\n","protected":false},"excerpt":{"rendered":"<p>48 Taivalkoski Boazoisit: K\u00e4sm\u00e4 Mika Telefovdna: +358 400 173 980 \u0160lea\u0111gapoasta: &#109;&#x69;k&#x61;&#46;&#107;&#x61;&#115;&#x6d;a&#64;&#x70;&#97;&#x6c;i&#x73;&#x6b;&#117;&#x6e;n&#x61;t&#46;&#x66;&#105; Ruovttugielda: Taivalkoski Viidodat: 2 459,2 km2 Stuor\u00e1mus lob\u00e1la\u0161 ealliboazomearri: 2 500 Boazoeaigg\u00e1dat: 76 Taivalkoski b\u00e1lggus gull\u00e1 Pudasj\u00e4rvi mearkabirii. B\u00e1lggus lea Taivalkoski, Posio, Suomussalmi ja Pudasj\u00e4rvi gielddain. B\u00e1lggus r\u00e1dja\u0161uvv\u00e1 davvin Posio Livo ja Akanlahti, nuortin Hossa-Irni, m\u00e1ddin N\u00e4lj\u00e4nk\u00e4 ja oarjin Pintamo ja Pudasj\u00e4rvi Livo [&hellip;]<\/p>\n","protected":false},"author":1,"featured_media":0,"parent":420,"menu_order":48,"comment_status":"open","ping_status":"closed","template":"paliskuntasivut.php","meta":{"footnotes":""},"class_list":["post-1554","page","type-page","status-publish","hentry"],"_links":{"self":[{"href":"https:\/\/paliskunnat.fi\/bo\/wp-json\/wp\/v2\/pages\/1554","targetHints":{"allow":["GET"]}}],"collection":[{"href":"https:\/\/paliskunnat.fi\/bo\/wp-json\/wp\/v2\/pages"}],"about":[{"href":"https:\/\/paliskunnat.fi\/bo\/wp-json\/wp\/v2\/types\/page"}],"author":[{"embeddable":true,"href":"https:\/\/paliskunnat.fi\/bo\/wp-json\/wp\/v2\/users\/1"}],"replies":[{"embeddable":true,"href":"https:\/\/paliskunnat.fi\/bo\/wp-json\/wp\/v2\/comments?post=1554"}],"version-history":[{"count":9,"href":"https:\/\/paliskunnat.fi\/bo\/wp-json\/wp\/v2\/pages\/1554\/revisions"}],"predecessor-version":[{"id":6019,"href":"https:\/\/paliskunnat.fi\/bo\/wp-json\/wp\/v2\/pages\/1554\/revisions\/6019"}],"up":[{"embeddable":true,"href":"https:\/\/paliskunnat.fi\/bo\/wp-json\/wp\/v2\/pages\/420"}],"wp:attachment":[{"href":"https:\/\/paliskunnat.fi\/bo\/wp-json\/wp\/v2\/media?parent=1554"}],"curies":[{"name":"wp","href":"https:\/\/api.w.org\/{rel}","templated":true}]}}