{"id":1559,"date":"2014-11-23T18:37:18","date_gmt":"2014-11-23T16:37:18","guid":{"rendered":"http:\/\/80.69.171.23\/py\/?page_id=1559"},"modified":"2023-06-07T13:23:31","modified_gmt":"2023-06-07T10:23:31","slug":"pudasjarvi","status":"publish","type":"page","link":"https:\/\/paliskunnat.fi\/bo\/balgosat\/balgosiid-diedut\/pudasjarvi\/","title":{"rendered":"49 Pudasj\u00e4rvi"},"content":{"rendered":"<h2>49 Pudasj\u00e4rvi<\/h2>\n<p>Boazoisit: Jaurun Markus<br \/>\nTelefovdna: +358 40 732 1243<br \/>\n\u0160lea\u0111gapoasta: &#112;&#111;&#x72;o&#106;&#x61;&#x75;r&#117;&#x40;&#x67;m&#97;&#x69;&#x6c;&#46;&#99;&#x6f;&#x6d;<\/p>\n<p><a href=\"https:\/\/paliskunnat.fi\/bo\/wp-content\/uploads\/2014\/11\/49_pudasjarvi.png\" rel=\"lightbox[1559]\"><img loading=\"lazy\" decoding=\"async\" class=\"alignnone wp-image-1560\" src=\"https:\/\/paliskunnat.fi\/bo\/wp-content\/uploads\/2014\/11\/49_pudasjarvi.png\" alt=\"49 Pudasj\u00e4rvi\" width=\"300\" height=\"387\" srcset=\"https:\/\/paliskunnat.fi\/bo\/wp-content\/uploads\/2014\/11\/49_pudasjarvi.png 775w, https:\/\/paliskunnat.fi\/bo\/wp-content\/uploads\/2014\/11\/49_pudasjarvi-233x300.png 233w\" sizes=\"auto, (max-width: 300px) 100vw, 300px\" \/><\/a><\/p>\n<table width=\"450\">\n<tbody>\n<tr>\n<td>Ruovttugielda:<\/td>\n<td>Pudasj\u00e4rvi<\/td>\n<\/tr>\n<tr>\n<td>Viidodat:<\/td>\n<td>2 006,3 km<sup>2<\/sup><\/td>\n<\/tr>\n<tr>\n<td>Stuor\u00e1mus lob\u00e1la\u0161 ealliboazomearri:<\/td>\n<td>2 200<\/td>\n<\/tr>\n<tr>\n<td>Boazoeaigg\u00e1dat:<\/td>\n<td>60<\/td>\n<\/tr>\n<\/tbody>\n<\/table>\n<p>Pudasj\u00e4rvi b\u00e1lggus gull\u00e1 Pudasj\u00e4rvi mearkabirii. B\u00e1lggus lea Pudasj\u00e4rvi ja Utaj\u00e4rvi gielddain. B\u00e1lggus r\u00e1dja\u0161uvv\u00e1 davvin Pudasj\u00e4rvi Livo sihke nuortin Pinatmo b\u00e1lgosiidda, m\u00e1ddin boazodoalloguovllu m\u00e1ttar\u00e1dj\u00e1i, oarjin Kiiminki ja Kollaja b\u00e1lgosiidda.<\/p>\n<p>B\u00e1lgosa eatnamiin 38,5 % leat st\u00e1htaeatnamat ja 61,5 % priv\u00e1htaeatnamat. B\u00e1lgosa guovllus lea Olvassuo luonddumeahcci ja m\u00e1\u014bggat Natura-suodjalanguovllut. Jekkiid valljivuohta dihte b\u00e1lgosa guohtuneatnamiid ja doaimma r\u00e1ddjejit ja hehttejit lavdnjebuvttadeamit.<\/p>\n<p>B\u00e1lgosis eai leat caggan- ja guohtun\u00e1iddit. Big\u00e1lusg\u00e1rddit leat oktiibuot \u010die\u017ea. Oasis giddesg\u00e1rddiin leat maid borahan\u00e1iddit, main bohccuid s\u00e1htt\u00e1 doallat ja borahit d\u00e1rbba\u0161ettiin v\u00e1ttisvuo\u0111aid haga.<\/p>\n<p>Guovlu lea d\u00e1vj\u00e1lagaid \u00e1ssojuvvon b\u00e1lgosa davveosiin Iijoga leagis. Maidd\u00e1i \u00e1ssit leat ollu Kiiminkijoga ja dan siidojogaid legiin. Luopmo- ja asto\u00e1igge\u00e1sodagat leat ollu b\u00e1lgosa guovllus. Osola\u010d\u010dat \u00e1sset d\u00e1ssidit miehta b\u00e1lgosa. Measta buot osola\u010d\u010dat leat maidd\u00e1i eananeaigg\u00e1dat.<\/p>\n<p>&nbsp;<\/p>\n","protected":false},"excerpt":{"rendered":"<p>49 Pudasj\u00e4rvi Boazoisit: Jaurun Markus Telefovdna: +358 40 732 1243 \u0160lea\u0111gapoasta: po&#114;&#111;&#106;&#97;&#x75;&#x72;&#x75;&#x40;&#x67;ma&#105;&#108;&#46;&#99;&#x6f;&#x6d; Ruovttugielda: Pudasj\u00e4rvi Viidodat: 2 006,3 km2 Stuor\u00e1mus lob\u00e1la\u0161 ealliboazomearri: 2 200 Boazoeaigg\u00e1dat: 60 Pudasj\u00e4rvi b\u00e1lggus gull\u00e1 Pudasj\u00e4rvi mearkabirii. B\u00e1lggus lea Pudasj\u00e4rvi ja Utaj\u00e4rvi gielddain. B\u00e1lggus r\u00e1dja\u0161uvv\u00e1 davvin Pudasj\u00e4rvi Livo sihke nuortin Pinatmo b\u00e1lgosiidda, m\u00e1ddin boazodoalloguovllu m\u00e1ttar\u00e1dj\u00e1i, oarjin Kiiminki ja Kollaja b\u00e1lgosiidda. B\u00e1lgosa eatnamiin [&hellip;]<\/p>\n","protected":false},"author":1,"featured_media":0,"parent":420,"menu_order":49,"comment_status":"open","ping_status":"closed","template":"paliskuntasivut.php","meta":{"footnotes":""},"class_list":["post-1559","page","type-page","status-publish","hentry"],"_links":{"self":[{"href":"https:\/\/paliskunnat.fi\/bo\/wp-json\/wp\/v2\/pages\/1559","targetHints":{"allow":["GET"]}}],"collection":[{"href":"https:\/\/paliskunnat.fi\/bo\/wp-json\/wp\/v2\/pages"}],"about":[{"href":"https:\/\/paliskunnat.fi\/bo\/wp-json\/wp\/v2\/types\/page"}],"author":[{"embeddable":true,"href":"https:\/\/paliskunnat.fi\/bo\/wp-json\/wp\/v2\/users\/1"}],"replies":[{"embeddable":true,"href":"https:\/\/paliskunnat.fi\/bo\/wp-json\/wp\/v2\/comments?post=1559"}],"version-history":[{"count":11,"href":"https:\/\/paliskunnat.fi\/bo\/wp-json\/wp\/v2\/pages\/1559\/revisions"}],"predecessor-version":[{"id":6020,"href":"https:\/\/paliskunnat.fi\/bo\/wp-json\/wp\/v2\/pages\/1559\/revisions\/6020"}],"up":[{"embeddable":true,"href":"https:\/\/paliskunnat.fi\/bo\/wp-json\/wp\/v2\/pages\/420"}],"wp:attachment":[{"href":"https:\/\/paliskunnat.fi\/bo\/wp-json\/wp\/v2\/media?parent=1559"}],"curies":[{"name":"wp","href":"https:\/\/api.w.org\/{rel}","templated":true}]}}