{"id":1562,"date":"2014-11-23T18:39:27","date_gmt":"2014-11-23T16:39:27","guid":{"rendered":"http:\/\/80.69.171.23\/py\/?page_id=1562"},"modified":"2023-06-07T13:24:13","modified_gmt":"2023-06-07T10:24:13","slug":"oijarvi","status":"publish","type":"page","link":"https:\/\/paliskunnat.fi\/bo\/balgosat\/balgosiid-diedut\/oijarvi\/","title":{"rendered":"50 Oij\u00e4rvi"},"content":{"rendered":"<h2>50 Oij\u00e4rvi<\/h2>\n<p>Boazoisit: Siurua Henri<br \/>\nTelefovdna: +358\u00a044 972 6619<br \/>\n\u0160lea\u0111gapoasta: &#104;&#x65;&#110;&#x65;&#46;&#x73;&#105;&#x40;&#104;&#x6f;&#116;&#x6d;a&#x69;l&#x2e;c&#x6f;m<\/p>\n<p><a href=\"https:\/\/paliskunnat.fi\/bo\/wp-content\/uploads\/2014\/11\/50_oijarvi.png\" rel=\"lightbox[1562]\"><img loading=\"lazy\" decoding=\"async\" class=\"alignnone wp-image-1563\" src=\"https:\/\/paliskunnat.fi\/bo\/wp-content\/uploads\/2014\/11\/50_oijarvi.png\" alt=\"50 Oij\u00e4rven paliskunta\" width=\"300\" height=\"387\" srcset=\"https:\/\/paliskunnat.fi\/bo\/wp-content\/uploads\/2014\/11\/50_oijarvi.png 775w, https:\/\/paliskunnat.fi\/bo\/wp-content\/uploads\/2014\/11\/50_oijarvi-233x300.png 233w\" sizes=\"auto, (max-width: 300px) 100vw, 300px\" \/><\/a><\/p>\n<table width=\"450\">\n<tbody>\n<tr>\n<td>Ruovttugielda:<\/td>\n<td>Ii<\/td>\n<\/tr>\n<tr>\n<td>Viidodat:<\/td>\n<td>1 278,4 km<sup>2<\/sup><\/td>\n<\/tr>\n<tr>\n<td>Stuor\u00e1mus lob\u00e1la\u0161 ealliboazomearri:<\/td>\n<td>1 300<\/td>\n<\/tr>\n<tr>\n<td>Boazoeaigg\u00e1dat:<\/td>\n<td>45<\/td>\n<\/tr>\n<\/tbody>\n<\/table>\n<p>Oij\u00e4rvi b\u00e1lggus gull\u00e1 Pudasj\u00e4rvi mearkabirii. B\u00e1lggus lea Ii gielddas. B\u00e1lggus r\u00e1dja\u0161uvv\u00e1 davvin Isosyd\u00e4nmaa, davvenuortin Kuukas, nuortin Ikonen, m\u00e1ttanuortin Kiiminki-Kollaja b\u00e1lgosiidda ja m\u00e1ttaoarjin boazodoalloguovllu m\u00e1ttar\u00e1dj\u00e1i.<\/p>\n<p>B\u00e1lgosa eatnamiin 39,1 % leat st\u00e1htaeatnamat ja 60,9 % priv\u00e1htaeatnamat. B\u00e1lgosa guovllus leat ollu lavdnjebuvttadeapmi ja eanandoallu.<\/p>\n<p>M\u00e1lmmaohcanv\u00e1ldimat leat golmma fitnodagas. Litokairas lea jekkiidsuodjalanguovlu. Gilvimiid suodje\u00e1iddit leat logi, aktiivagilvimis geavahuvvon eana lea \u00e1idojuvvon sullii 120 heht\u00e1ra. Suodje\u00e1iddiid leat huksen ollu. B\u00e1lgosis ii leat gok\u010deva\u0161 g\u00e1rdefierpm\u00e1dat, oktage giddesg\u00e1rdi ii leat geavahusas. B\u00e1lgosis geavahuvvojit sirding\u00e1rddit d\u00e1rbba\u0161ettiin.<\/p>\n<p>Fuom\u00e1\u0161ahtti \u00e1ssanguovdd\u00e1\u0161 lea Kuivaniemi girkosiida. B\u00e1lgosa guovllus leat m\u00e1\u014bggat gilit, dego Tannila, Jakkukyl\u00e4 ja Oij\u00e4rvi sihke eanandoallov\u00e1ldosa\u0161 guovllut dego Leua ja Luola-aapa.<\/p>\n<p>&nbsp;<\/p>\n<p>&nbsp;<\/p>\n","protected":false},"excerpt":{"rendered":"<p>50 Oij\u00e4rvi Boazoisit: Siurua Henri Telefovdna: +358\u00a044 972 6619 \u0160lea\u0111gapoasta: &#x68;&#x65;&#x6e;&#x65;&#x2e;&#x73;&#x69;&#x40;&#x68;&#x6f;&#x74;&#x6d;&#x61;&#x69;&#108;&#46;&#99;&#111;&#109; Ruovttugielda: Ii Viidodat: 1 278,4 km2 Stuor\u00e1mus lob\u00e1la\u0161 ealliboazomearri: 1 300 Boazoeaigg\u00e1dat: 45 Oij\u00e4rvi b\u00e1lggus gull\u00e1 Pudasj\u00e4rvi mearkabirii. B\u00e1lggus lea Ii gielddas. B\u00e1lggus r\u00e1dja\u0161uvv\u00e1 davvin Isosyd\u00e4nmaa, davvenuortin Kuukas, nuortin Ikonen, m\u00e1ttanuortin Kiiminki-Kollaja b\u00e1lgosiidda ja m\u00e1ttaoarjin boazodoalloguovllu m\u00e1ttar\u00e1dj\u00e1i. B\u00e1lgosa eatnamiin 39,1 % leat st\u00e1htaeatnamat ja [&hellip;]<\/p>\n","protected":false},"author":1,"featured_media":0,"parent":420,"menu_order":50,"comment_status":"open","ping_status":"closed","template":"paliskuntasivut.php","meta":{"footnotes":""},"class_list":["post-1562","page","type-page","status-publish","hentry"],"_links":{"self":[{"href":"https:\/\/paliskunnat.fi\/bo\/wp-json\/wp\/v2\/pages\/1562","targetHints":{"allow":["GET"]}}],"collection":[{"href":"https:\/\/paliskunnat.fi\/bo\/wp-json\/wp\/v2\/pages"}],"about":[{"href":"https:\/\/paliskunnat.fi\/bo\/wp-json\/wp\/v2\/types\/page"}],"author":[{"embeddable":true,"href":"https:\/\/paliskunnat.fi\/bo\/wp-json\/wp\/v2\/users\/1"}],"replies":[{"embeddable":true,"href":"https:\/\/paliskunnat.fi\/bo\/wp-json\/wp\/v2\/comments?post=1562"}],"version-history":[{"count":12,"href":"https:\/\/paliskunnat.fi\/bo\/wp-json\/wp\/v2\/pages\/1562\/revisions"}],"predecessor-version":[{"id":6021,"href":"https:\/\/paliskunnat.fi\/bo\/wp-json\/wp\/v2\/pages\/1562\/revisions\/6021"}],"up":[{"embeddable":true,"href":"https:\/\/paliskunnat.fi\/bo\/wp-json\/wp\/v2\/pages\/420"}],"wp:attachment":[{"href":"https:\/\/paliskunnat.fi\/bo\/wp-json\/wp\/v2\/media?parent=1562"}],"curies":[{"name":"wp","href":"https:\/\/api.w.org\/{rel}","templated":true}]}}