{"id":1566,"date":"2014-11-23T18:41:37","date_gmt":"2014-11-23T16:41:37","guid":{"rendered":"http:\/\/80.69.171.23\/py\/?page_id=1566"},"modified":"2023-06-07T13:24:51","modified_gmt":"2023-06-07T10:24:51","slug":"pudasjarven-livo","status":"publish","type":"page","link":"https:\/\/paliskunnat.fi\/bo\/balgosat\/balgosiid-diedut\/pudasjarven-livo\/","title":{"rendered":"51 Pudasj\u00e4rven Livo"},"content":{"rendered":"<h2>51 Pudasj\u00e4rven Livo<\/h2>\n<p>Boazoisit: Konttila Sami<br \/>\nTelefovdna: +358 40 537 4668<br \/>\n\u0160lea\u0111gapoasta: &#x73;&#97;m&#x69;&#46;&#107;&#x6f;&#x6e;&#116;t&#x69;&#108;a&#x40;&#x6c;&#117;u&#x6b;&#107;u&#x2e;&#x63;&#111;m<\/p>\n<p><a href=\"https:\/\/paliskunnat.fi\/bo\/wp-content\/uploads\/2014\/11\/51_pudasjarven_livo.png\" rel=\"lightbox[1566]\"><img loading=\"lazy\" decoding=\"async\" class=\"alignnone wp-image-1568\" src=\"https:\/\/paliskunnat.fi\/bo\/wp-content\/uploads\/2014\/11\/51_pudasjarven_livo.png\" alt=\"Pudasj\u00e4rven Livon paliskunta (nro 51)\" width=\"300\" height=\"387\" srcset=\"https:\/\/paliskunnat.fi\/bo\/wp-content\/uploads\/2014\/11\/51_pudasjarven_livo.png 775w, https:\/\/paliskunnat.fi\/bo\/wp-content\/uploads\/2014\/11\/51_pudasjarven_livo-233x300.png 233w\" sizes=\"auto, (max-width: 300px) 100vw, 300px\" \/><\/a><\/p>\n<table width=\"450\">\n<tbody>\n<tr>\n<td>Ruovttugielda:<\/td>\n<td>Pudasj\u00e4rvi<\/td>\n<\/tr>\n<tr>\n<td>Viidodat:<\/td>\n<td>1 897,7 km<sup>2<\/sup><\/td>\n<\/tr>\n<tr>\n<td>Stuor\u00e1mus lob\u00e1la\u0161 ealliboazomearri:<\/td>\n<td>\u00a02 100<\/td>\n<\/tr>\n<tr>\n<td>Boazoeaigg\u00e1dat:<\/td>\n<td>53<\/td>\n<\/tr>\n<\/tbody>\n<\/table>\n<p>Pudasj\u00e4rvi Livo b\u00e1lggus gull\u00e1 Pudasj\u00e4rvi mearkabirii. B\u00e1lggus lea Pudasj\u00e4rvi, Posio ja Ranua gielddain.<\/p>\n<p>B\u00e1lgosa eatnamiin 51,1 % leat st\u00e1htaeatnamat ja 48,9 % priv\u00e1htaeatnamat.<\/p>\n<p>B\u00e1lggus r\u00e1dja\u0161uvv\u00e1 davvin Niemel\u00e4 ja Kuukas, davvenuortin Posio Livo, nuortin Taivalkoski, m\u00e1ttanuortin Pintamo, m\u00e1ddin Pudasj\u00e4rvi, m\u00e1ttaoarjin Kiiminki-Kollaja ja oarjin Ikonen b\u00e1lgosiidda.<\/p>\n<p>&nbsp;<\/p>\n<p>&nbsp;<\/p>\n","protected":false},"excerpt":{"rendered":"<p>51 Pudasj\u00e4rven Livo Boazoisit: Konttila Sami Telefovdna: +358 40 537 4668 \u0160lea\u0111gapoasta: &#x73;a&#x6d;i&#x2e;&#107;&#x6f;&#110;t&#x74;i&#x6c;&#97;&#x40;&#108;&#x75;&#117;k&#x6b;u&#x2e;&#99;&#x6f;&#109; Ruovttugielda: Pudasj\u00e4rvi Viidodat: 1 897,7 km2 Stuor\u00e1mus lob\u00e1la\u0161 ealliboazomearri: \u00a02 100 Boazoeaigg\u00e1dat: 53 Pudasj\u00e4rvi Livo b\u00e1lggus gull\u00e1 Pudasj\u00e4rvi mearkabirii. B\u00e1lggus lea Pudasj\u00e4rvi, Posio ja Ranua gielddain. B\u00e1lgosa eatnamiin 51,1 % leat st\u00e1htaeatnamat ja 48,9 % priv\u00e1htaeatnamat. B\u00e1lggus r\u00e1dja\u0161uvv\u00e1 davvin Niemel\u00e4 ja Kuukas, [&hellip;]<\/p>\n","protected":false},"author":1,"featured_media":0,"parent":420,"menu_order":51,"comment_status":"open","ping_status":"closed","template":"paliskuntasivut.php","meta":{"footnotes":""},"class_list":["post-1566","page","type-page","status-publish","hentry"],"_links":{"self":[{"href":"https:\/\/paliskunnat.fi\/bo\/wp-json\/wp\/v2\/pages\/1566","targetHints":{"allow":["GET"]}}],"collection":[{"href":"https:\/\/paliskunnat.fi\/bo\/wp-json\/wp\/v2\/pages"}],"about":[{"href":"https:\/\/paliskunnat.fi\/bo\/wp-json\/wp\/v2\/types\/page"}],"author":[{"embeddable":true,"href":"https:\/\/paliskunnat.fi\/bo\/wp-json\/wp\/v2\/users\/1"}],"replies":[{"embeddable":true,"href":"https:\/\/paliskunnat.fi\/bo\/wp-json\/wp\/v2\/comments?post=1566"}],"version-history":[{"count":10,"href":"https:\/\/paliskunnat.fi\/bo\/wp-json\/wp\/v2\/pages\/1566\/revisions"}],"predecessor-version":[{"id":6022,"href":"https:\/\/paliskunnat.fi\/bo\/wp-json\/wp\/v2\/pages\/1566\/revisions\/6022"}],"up":[{"embeddable":true,"href":"https:\/\/paliskunnat.fi\/bo\/wp-json\/wp\/v2\/pages\/420"}],"wp:attachment":[{"href":"https:\/\/paliskunnat.fi\/bo\/wp-json\/wp\/v2\/media?parent=1566"}],"curies":[{"name":"wp","href":"https:\/\/api.w.org\/{rel}","templated":true}]}}