{"id":1572,"date":"2014-11-23T18:44:18","date_gmt":"2014-11-23T16:44:18","guid":{"rendered":"http:\/\/80.69.171.23\/py\/?page_id=1572"},"modified":"2023-06-07T13:25:34","modified_gmt":"2023-06-07T10:25:34","slug":"pintamo","status":"publish","type":"page","link":"https:\/\/paliskunnat.fi\/bo\/balgosat\/balgosiid-diedut\/pintamo\/","title":{"rendered":"52 Pintamo"},"content":{"rendered":"<h2>52 Pintamo<\/h2>\n<p>Boazoisit: Kosamo Eero<br \/>\nTelefovdna: +358 40 089 6583<br \/>\n\u0160lea\u0111gapoasta: &#x6b;&#111;&#115;&#x61;&#x6d;&#111;&#101;&#x65;&#x72;&#111;&#64;&#x67;&#x6d;&#97;&#105;&#x6c;&#x2e;&#99;&#111;&#x6d;<\/p>\n<p><a href=\"https:\/\/paliskunnat.fi\/bo\/wp-content\/uploads\/2014\/11\/52_pintamo.png\" rel=\"lightbox[1572]\"><img loading=\"lazy\" decoding=\"async\" class=\"alignnone wp-image-1574\" src=\"https:\/\/paliskunnat.fi\/bo\/wp-content\/uploads\/2014\/11\/52_pintamo.png\" alt=\"Pintamon paliskunta (nro 52)\" width=\"300\" height=\"387\" srcset=\"https:\/\/paliskunnat.fi\/bo\/wp-content\/uploads\/2014\/11\/52_pintamo.png 775w, https:\/\/paliskunnat.fi\/bo\/wp-content\/uploads\/2014\/11\/52_pintamo-233x300.png 233w\" sizes=\"auto, (max-width: 300px) 100vw, 300px\" \/><\/a><\/p>\n<table width=\"450\">\n<tbody>\n<tr>\n<td>Ruovttugielda:<\/td>\n<td>Pudasj\u00e4rvi<\/td>\n<\/tr>\n<tr>\n<td>Viidodat:<\/td>\n<td>1 812,5 km<sup>2<\/sup><\/td>\n<\/tr>\n<tr>\n<td>Stuor\u00e1mus lob\u00e1la\u0161 ealliboazomearri:<\/td>\n<td>2 600<\/td>\n<\/tr>\n<tr>\n<td>Boazoeaigg\u00e1dat:<\/td>\n<td>55<\/td>\n<\/tr>\n<\/tbody>\n<\/table>\n<p>Pintamo b\u00e1lggus gull\u00e1 Pudasj\u00e4rvi mearkabirii. B\u00e1lggus lea Pudasj\u00e1rvi g\u00e1vpogis (75 %) sihke Taivalkoski (15 %) ja Puolanka (10 %) gielddain. B\u00e1lggus r\u00e1dja\u0161uvv\u00e1 m\u00e1ddin boazodoalloguovllu m\u00e1ttar\u00e1dj\u00e1i, oarjin Pudasj\u00e4rvi, davveoarjin Pudasj\u00e4rvi Livo, m\u00e1ttanuortin Taivalkoski ja nuortin N\u00e4lj\u00e4nk\u00e4 b\u00e1lgosiidda.<\/p>\n<p>B\u00e1lgosa eatnamiin 56,3 % leat st\u00e1htaeatnamat ja 43,7 % priv\u00e1htaeatnamat. Pintamo b\u00e1lgosis leat m\u00e1\u014bggat Natura-guovllut. Oassi Sy\u00f6te \u00e1lbmotmeahcis ja Iso-Sy\u00f6te v\u00e1nddardanguovllus leat b\u00e1lgosa davveosiin. Riikkageaidnu 20, Oulus Guoss\u00e1mii, cuvke b\u00e1lgosa davveoasi. Geainnu ie\u0161vuohta lea boazob\u00e1rttiid stuorra mearri.<\/p>\n<p>Pintamo b\u00e1lgosis leat vihtta giddesg\u00e1rddi, Alakangas, Sulakangas, Pirinkangas, Ruuhivaara ja Kurkikangas. Gilvin\u00e1iddit leat b\u00e1lgosis \u010duo\u0111it kilomehterat.<\/p>\n<p>Guovlu lea \u00e1ssojuvvon h\u00e1rvet ja lea \u010dohkiidan ean\u00e1\u0161 johkalegiide ja j\u00e1vrriid g\u00e1ttiide. B\u00e1lgosa guovllus ii leat stuorra \u010doahkkeb\u00e1iki. M\u00e1inna\u0161anveara gilit leat Jurmu, Iinattij\u00e4rvi, Jaurakka ja Puhos. Boazo- ja luonddudollui vuo\u0111\u0111uduvvi d\u00e1lut leat d\u00e1l vihtta.<\/p>\n<p>&nbsp;<\/p>\n<p>&nbsp;<\/p>\n","protected":false},"excerpt":{"rendered":"<p>52 Pintamo Boazoisit: Kosamo Eero Telefovdna: +358 40 089 6583 \u0160lea\u0111gapoasta: &#107;&#x6f;&#x73;&#97;&#x6d;&#x6f;&#101;&#x65;&#x72;&#111;&#x40;&#x67;&#109;&#x61;&#x69;&#108;&#x2e;&#x63;&#111;&#x6d; Ruovttugielda: Pudasj\u00e4rvi Viidodat: 1 812,5 km2 Stuor\u00e1mus lob\u00e1la\u0161 ealliboazomearri: 2 600 Boazoeaigg\u00e1dat: 55 Pintamo b\u00e1lggus gull\u00e1 Pudasj\u00e4rvi mearkabirii. B\u00e1lggus lea Pudasj\u00e1rvi g\u00e1vpogis (75 %) sihke Taivalkoski (15 %) ja Puolanka (10 %) gielddain. B\u00e1lggus r\u00e1dja\u0161uvv\u00e1 m\u00e1ddin boazodoalloguovllu m\u00e1ttar\u00e1dj\u00e1i, oarjin Pudasj\u00e4rvi, davveoarjin Pudasj\u00e4rvi Livo, [&hellip;]<\/p>\n","protected":false},"author":1,"featured_media":0,"parent":420,"menu_order":52,"comment_status":"open","ping_status":"closed","template":"paliskuntasivut.php","meta":{"footnotes":""},"class_list":["post-1572","page","type-page","status-publish","hentry"],"_links":{"self":[{"href":"https:\/\/paliskunnat.fi\/bo\/wp-json\/wp\/v2\/pages\/1572","targetHints":{"allow":["GET"]}}],"collection":[{"href":"https:\/\/paliskunnat.fi\/bo\/wp-json\/wp\/v2\/pages"}],"about":[{"href":"https:\/\/paliskunnat.fi\/bo\/wp-json\/wp\/v2\/types\/page"}],"author":[{"embeddable":true,"href":"https:\/\/paliskunnat.fi\/bo\/wp-json\/wp\/v2\/users\/1"}],"replies":[{"embeddable":true,"href":"https:\/\/paliskunnat.fi\/bo\/wp-json\/wp\/v2\/comments?post=1572"}],"version-history":[{"count":11,"href":"https:\/\/paliskunnat.fi\/bo\/wp-json\/wp\/v2\/pages\/1572\/revisions"}],"predecessor-version":[{"id":6023,"href":"https:\/\/paliskunnat.fi\/bo\/wp-json\/wp\/v2\/pages\/1572\/revisions\/6023"}],"up":[{"embeddable":true,"href":"https:\/\/paliskunnat.fi\/bo\/wp-json\/wp\/v2\/pages\/420"}],"wp:attachment":[{"href":"https:\/\/paliskunnat.fi\/bo\/wp-json\/wp\/v2\/media?parent=1572"}],"curies":[{"name":"wp","href":"https:\/\/api.w.org\/{rel}","templated":true}]}}