{"id":1576,"date":"2014-11-23T18:47:52","date_gmt":"2014-11-23T16:47:52","guid":{"rendered":"http:\/\/80.69.171.23\/py\/?page_id=1576"},"modified":"2023-06-07T13:26:18","modified_gmt":"2023-06-07T10:26:18","slug":"kiiminki","status":"publish","type":"page","link":"https:\/\/paliskunnat.fi\/bo\/balgosat\/balgosiid-diedut\/kiiminki\/","title":{"rendered":"53 Kiiminki"},"content":{"rendered":"<h2>53 Kiiminki<\/h2>\n<p>Boazoisit: Parkkinen Juha<br \/>\nTelefovdna: +358 40 138 9488<br \/>\n\u0160lea\u0111gapoasta:<\/p>\n<p><a href=\"https:\/\/paliskunnat.fi\/bo\/wp-content\/uploads\/2014\/11\/53_kiiminki.png\" rel=\"lightbox[1576]\"><img loading=\"lazy\" decoding=\"async\" class=\"alignnone wp-image-1578\" src=\"https:\/\/paliskunnat.fi\/bo\/wp-content\/uploads\/2014\/11\/53_kiiminki.png\" alt=\"Kiimingin paliskunta (nro 53)\" width=\"300\" height=\"387\" srcset=\"https:\/\/paliskunnat.fi\/bo\/wp-content\/uploads\/2014\/11\/53_kiiminki.png 775w, https:\/\/paliskunnat.fi\/bo\/wp-content\/uploads\/2014\/11\/53_kiiminki-233x300.png 233w\" sizes=\"auto, (max-width: 300px) 100vw, 300px\" \/><\/a><\/p>\n<table width=\"450\">\n<tbody>\n<tr>\n<td>Ruovttugielda:<\/td>\n<td>Oulu<\/td>\n<\/tr>\n<tr>\n<td>Viidodat:<\/td>\n<td>851,4 km<sup>2<\/sup><\/td>\n<\/tr>\n<tr>\n<td>Stuor\u00e1mus lob\u00e1la\u0161 ealliboazomearri:<\/td>\n<td>800<\/td>\n<\/tr>\n<tr>\n<td>Boazoeaigg\u00e1dat:<\/td>\n<td>30<\/td>\n<\/tr>\n<\/tbody>\n<\/table>\n<p>Kiiminki b\u00e1lggus gull\u00e1 Pudasj\u00e4rvi mearkabirii. B\u00e1lggus lea Oulu g\u00e1vpoga davvenuorteoasis. Kiiminki ja Kollaja b\u00e1lgosat leat h\u00e1lddahusla\u010d\u010dat ear\u00e1 sturrosa\u0161 b\u00e1lgosat. Dat leat guo\u0111ohan bohccuid ovttas geavatla\u010d\u010dat olles b\u00e1lggosortnega \u00e1igge. D\u00e1b\u00e1la\u0161 giellageavaheamis h\u00e1llojuvvo d\u00e1vj\u00e1 Kiiminki-Kollaja b\u00e1lgosis.<\/p>\n<p>Kiiminki b\u00e1lgosa m\u00e1ttaoarjer\u00e1dji doaibm\u00e1 seamm\u00e1s maid olles boazodoalloguovllu r\u00e1djin. Davvin b\u00e1lggus r\u00e1dja\u0161uvv\u00e1 Oij\u00e4rvi, davvenuortin Kollaja ja nuortin Pudasj\u00e4rvi b\u00e1lgosiidda.<\/p>\n<p>B\u00e1lgosa eatnamiin 17,4 % leat st\u00e1htaeatnamat ja 82,6 % priv\u00e1htaeatnamat. Riikkageaidnu 20 Oulus Guoss\u00e1mii mann\u00e1 b\u00e1lgosa \u010da\u0111a. B\u00e1lgosa r\u00e1jis lea Ii gielddas g\u00e1vcci kilomehtera r\u00e1dje\u00e1iddi.<\/p>\n<p>B\u00e1lgosa geavahusas leat Matala, Loukko, Isokangas, Tiirokangas ja Ahvenkangas \u010dak\u010dabig\u00e1lusg\u00e1rddit. Giddes geassebig\u00e1lusg\u00e1rddit leat Py\u00f6ri\u00e4-Orastinsuo, Konikaisto ja Puurokangas.<\/p>\n<p>Stuor\u00e1mus gilit b\u00e1lgosa guovllus leat Yli-Ii, Jakkuranta, Maalismaa, Jolos ja Hetekyl\u00e4. Badjeolbmuid \u00e1ssandilit lea oaive\u00e1\u0161\u0161is buorit ja badjeolbmot \u00e1sset ean\u00e1\u0161 bie\u0111ggo\u00e1ssanguovllus.<\/p>\n<p>&nbsp;<\/p>\n<p>&nbsp;<\/p>\n","protected":false},"excerpt":{"rendered":"<p>53 Kiiminki Boazoisit: Parkkinen Juha Telefovdna: +358 40 138 9488 \u0160lea\u0111gapoasta: Ruovttugielda: Oulu Viidodat: 851,4 km2 Stuor\u00e1mus lob\u00e1la\u0161 ealliboazomearri: 800 Boazoeaigg\u00e1dat: 30 Kiiminki b\u00e1lggus gull\u00e1 Pudasj\u00e4rvi mearkabirii. B\u00e1lggus lea Oulu g\u00e1vpoga davvenuorteoasis. Kiiminki ja Kollaja b\u00e1lgosat leat h\u00e1lddahusla\u010d\u010dat ear\u00e1 sturrosa\u0161 b\u00e1lgosat. Dat leat guo\u0111ohan bohccuid ovttas geavatla\u010d\u010dat olles b\u00e1lggosortnega \u00e1igge. D\u00e1b\u00e1la\u0161 giellageavaheamis h\u00e1llojuvvo d\u00e1vj\u00e1 Kiiminki-Kollaja [&hellip;]<\/p>\n","protected":false},"author":1,"featured_media":0,"parent":420,"menu_order":53,"comment_status":"open","ping_status":"closed","template":"paliskuntasivut.php","meta":{"footnotes":""},"class_list":["post-1576","page","type-page","status-publish","hentry"],"_links":{"self":[{"href":"https:\/\/paliskunnat.fi\/bo\/wp-json\/wp\/v2\/pages\/1576","targetHints":{"allow":["GET"]}}],"collection":[{"href":"https:\/\/paliskunnat.fi\/bo\/wp-json\/wp\/v2\/pages"}],"about":[{"href":"https:\/\/paliskunnat.fi\/bo\/wp-json\/wp\/v2\/types\/page"}],"author":[{"embeddable":true,"href":"https:\/\/paliskunnat.fi\/bo\/wp-json\/wp\/v2\/users\/1"}],"replies":[{"embeddable":true,"href":"https:\/\/paliskunnat.fi\/bo\/wp-json\/wp\/v2\/comments?post=1576"}],"version-history":[{"count":11,"href":"https:\/\/paliskunnat.fi\/bo\/wp-json\/wp\/v2\/pages\/1576\/revisions"}],"predecessor-version":[{"id":6024,"href":"https:\/\/paliskunnat.fi\/bo\/wp-json\/wp\/v2\/pages\/1576\/revisions\/6024"}],"up":[{"embeddable":true,"href":"https:\/\/paliskunnat.fi\/bo\/wp-json\/wp\/v2\/pages\/420"}],"wp:attachment":[{"href":"https:\/\/paliskunnat.fi\/bo\/wp-json\/wp\/v2\/media?parent=1576"}],"curies":[{"name":"wp","href":"https:\/\/api.w.org\/{rel}","templated":true}]}}