{"id":1582,"date":"2014-11-23T18:52:06","date_gmt":"2014-11-23T16:52:06","guid":{"rendered":"http:\/\/80.69.171.23\/py\/?page_id=1582"},"modified":"2023-06-07T13:27:05","modified_gmt":"2023-06-07T10:27:05","slug":"kollaja","status":"publish","type":"page","link":"https:\/\/paliskunnat.fi\/bo\/balgosat\/balgosiid-diedut\/kollaja\/","title":{"rendered":"54 Kollaja"},"content":{"rendered":"<h2>54 Kollaja<\/h2>\n<p>Boazoisit: Oinas-Panuma Lauri<br \/>\nTelefovdna: +358 40 765 4210<br \/>\n\u0160lea\u0111gapoasta: &#108;a&#x75;r&#x69;&#46;&#x6f;&#105;&#x6e;&#97;&#x73;&#112;a&#x6e;u&#x6d;a&#x40;&#103;&#x6d;&#97;&#x69;&#108;&#x2e;&#99;o&#x6d;<\/p>\n<p><a href=\"https:\/\/paliskunnat.fi\/bo\/wp-content\/uploads\/2014\/11\/54_kollaja.png\" rel=\"lightbox[1582]\"><img loading=\"lazy\" decoding=\"async\" class=\"alignnone wp-image-1583\" src=\"https:\/\/paliskunnat.fi\/bo\/wp-content\/uploads\/2014\/11\/54_kollaja.png\" alt=\"Kollajan paliskunta (nro 54)\" width=\"300\" height=\"387\" srcset=\"https:\/\/paliskunnat.fi\/bo\/wp-content\/uploads\/2014\/11\/54_kollaja.png 775w, https:\/\/paliskunnat.fi\/bo\/wp-content\/uploads\/2014\/11\/54_kollaja-233x300.png 233w\" sizes=\"auto, (max-width: 300px) 100vw, 300px\" \/><\/a><\/p>\n<table width=\"450\">\n<tbody>\n<tr>\n<td>Ruovttugielda:<\/td>\n<td>Pudasj\u00e4rvi<\/td>\n<\/tr>\n<tr>\n<td>Viidodat:<\/td>\n<td>1 160,6 km<sup>2<\/sup><\/td>\n<\/tr>\n<tr>\n<td>Stuor\u00e1mus lob\u00e1la\u0161 ealliboazomearri:<\/td>\n<td>1 100<\/td>\n<\/tr>\n<tr>\n<td>Boazoeaigg\u00e1dat:<\/td>\n<td>71<\/td>\n<\/tr>\n<\/tbody>\n<\/table>\n<p>Kollaja b\u00e1lggus gull\u00e1 Pudasj\u00e4rvi mearkabirii. B\u00e1lggus lea Pudasj\u00e4rvi ja Oulu g\u00e1vpogiin. Kiiminki ja Kollaja b\u00e1lgosat leat h\u00e1lddahusla\u010d\u010dat ear\u00e1 sturrosa\u0161 b\u00e1lgosat. Dat leat guo\u0111ohan bohccuid ovttas geavatla\u010d\u010dat olles b\u00e1lggosortnega \u00e1igge. D\u00e1b\u00e1la\u0161 giellageavaheamis h\u00e1llojuvvo d\u00e1vj\u00e1 Kiiminki-Kollaja b\u00e1lgosis.<\/p>\n<p>Kollaja b\u00e1lggus r\u00e1dja\u0161uvv\u00e1 davvin Oij\u00e4rvi ja Ikonen, nuortin Pudasj\u00e4rvi Livo ja Pudasj\u00e4rvi ja m\u00e1ttaoarjin Kiiminki b\u00e1lgosiidda.<\/p>\n<p>B\u00e1lgosa eatnamiin 39,8 % leat st\u00e1htaeatnamat ja 60,2 % priv\u00e1htaeatnamat. Riikkageaidnu 20 Oulu-Guoss\u00e1n mann\u00e1 b\u00e1lgosa \u010da\u0111a.<\/p>\n<p>B\u00e1lgosa geavahusas leat vihtta giddes \u010dak\u010dabig\u00e1lusg\u00e1rddi: Pikkula, Huiska, S\u00e4yn\u00e4j\u00e4kangas, Sili\u00e4kangas ja Vengasvaara.<\/p>\n<p>Stuor\u00e1mus gilit b\u00e1lgosa guovllus leat Tannila, Jakkukyl\u00e4 ja Panuma. Badjeolbmuid \u00e1ssandilli lea oaive\u00e1\u0161\u0161is buorre ja badjeolbmot \u00e1sset ean\u00e1\u0161 bie\u0111ggo\u00e1ssanguovllus.<\/p>\n<p>&nbsp;<\/p>\n<p>&nbsp;<\/p>\n","protected":false},"excerpt":{"rendered":"<p>54 Kollaja Boazoisit: Oinas-Panuma Lauri Telefovdna: +358 40 765 4210 \u0160lea\u0111gapoasta: &#108;a&#x75;r&#x69;&#46;&#x6f;i&#x6e;&#97;&#x73;&#112;&#x61;&#110;&#x75;&#109;a&#64;g&#x6d;a&#x69;l&#x2e;&#99;&#x6f;&#109; Ruovttugielda: Pudasj\u00e4rvi Viidodat: 1 160,6 km2 Stuor\u00e1mus lob\u00e1la\u0161 ealliboazomearri: 1 100 Boazoeaigg\u00e1dat: 71 Kollaja b\u00e1lggus gull\u00e1 Pudasj\u00e4rvi mearkabirii. B\u00e1lggus lea Pudasj\u00e4rvi ja Oulu g\u00e1vpogiin. Kiiminki ja Kollaja b\u00e1lgosat leat h\u00e1lddahusla\u010d\u010dat ear\u00e1 sturrosa\u0161 b\u00e1lgosat. Dat leat guo\u0111ohan bohccuid ovttas geavatla\u010d\u010dat olles b\u00e1lggosortnega \u00e1igge. D\u00e1b\u00e1la\u0161 [&hellip;]<\/p>\n","protected":false},"author":1,"featured_media":0,"parent":420,"menu_order":54,"comment_status":"open","ping_status":"closed","template":"paliskuntasivut.php","meta":{"footnotes":""},"class_list":["post-1582","page","type-page","status-publish","hentry"],"_links":{"self":[{"href":"https:\/\/paliskunnat.fi\/bo\/wp-json\/wp\/v2\/pages\/1582","targetHints":{"allow":["GET"]}}],"collection":[{"href":"https:\/\/paliskunnat.fi\/bo\/wp-json\/wp\/v2\/pages"}],"about":[{"href":"https:\/\/paliskunnat.fi\/bo\/wp-json\/wp\/v2\/types\/page"}],"author":[{"embeddable":true,"href":"https:\/\/paliskunnat.fi\/bo\/wp-json\/wp\/v2\/users\/1"}],"replies":[{"embeddable":true,"href":"https:\/\/paliskunnat.fi\/bo\/wp-json\/wp\/v2\/comments?post=1582"}],"version-history":[{"count":9,"href":"https:\/\/paliskunnat.fi\/bo\/wp-json\/wp\/v2\/pages\/1582\/revisions"}],"predecessor-version":[{"id":6025,"href":"https:\/\/paliskunnat.fi\/bo\/wp-json\/wp\/v2\/pages\/1582\/revisions\/6025"}],"up":[{"embeddable":true,"href":"https:\/\/paliskunnat.fi\/bo\/wp-json\/wp\/v2\/pages\/420"}],"wp:attachment":[{"href":"https:\/\/paliskunnat.fi\/bo\/wp-json\/wp\/v2\/media?parent=1582"}],"curies":[{"name":"wp","href":"https:\/\/api.w.org\/{rel}","templated":true}]}}