{"id":1585,"date":"2014-11-23T18:53:50","date_gmt":"2014-11-23T16:53:50","guid":{"rendered":"http:\/\/80.69.171.23\/py\/?page_id=1585"},"modified":"2023-06-07T13:31:10","modified_gmt":"2023-06-07T10:31:10","slug":"ikonen","status":"publish","type":"page","link":"https:\/\/paliskunnat.fi\/bo\/balgosat\/balgosiid-diedut\/ikonen\/","title":{"rendered":"55 Ikonen"},"content":{"rendered":"<h2>55 Ikonen<\/h2>\n<p>Boazoisit: Hepola Ari<br \/>\nTelefovdna: +358 40 589 7736<br \/>\n\u0160lea\u0111gapoasta: &#97;&#x72;&#105;&#x2e;h&#x65;p&#111;&#x6c;&#97;&#x40;o&#x75;t&#108;&#x6f;&#111;&#x6b;&#46;&#x63;o&#109;<\/p>\n<p><a href=\"https:\/\/paliskunnat.fi\/bo\/wp-content\/uploads\/2014\/11\/55_ikonen.png\" rel=\"lightbox[1585]\"><img loading=\"lazy\" decoding=\"async\" class=\"alignnone wp-image-1587\" src=\"https:\/\/paliskunnat.fi\/bo\/wp-content\/uploads\/2014\/11\/55_ikonen.png\" alt=\"Ikonen (nro 55)\" width=\"300\" height=\"387\" srcset=\"https:\/\/paliskunnat.fi\/bo\/wp-content\/uploads\/2014\/11\/55_ikonen.png 775w, https:\/\/paliskunnat.fi\/bo\/wp-content\/uploads\/2014\/11\/55_ikonen-233x300.png 233w\" sizes=\"auto, (max-width: 300px) 100vw, 300px\" \/><\/a><\/p>\n<table width=\"450\">\n<tbody>\n<tr>\n<td>Ruovttugielda:<\/td>\n<td>Pudasj\u00e4rvi<\/td>\n<\/tr>\n<tr>\n<td>Viidodat:<\/td>\n<td>619,1 km<sup>2<\/sup><\/td>\n<\/tr>\n<tr>\n<td>Stuor\u00e1mus lob\u00e1la\u0161 ealliboazomearri:<\/td>\n<td>500<\/td>\n<\/tr>\n<tr>\n<td>Boazoeaigg\u00e1dat:<\/td>\n<td>32<\/td>\n<\/tr>\n<\/tbody>\n<\/table>\n<p>Ikonen b\u00e1lggus gull\u00e1 Pudasj\u00e4rvi mearkabirii. B\u00e1lggus lea Pudasj\u00e4rvi ja Ranua gielddain. B\u00e1lggus r\u00e1dja\u0161uvv\u00e1 davvin Kuukas, nuortin Pudasj\u00e4rvi Livo, m\u00e1ddin Kollaja ja oarjin Oij\u00e4rvi b\u00e1lgosiidda.<\/p>\n<p>B\u00e1lgosa eatnamiin 62,4 % leat st\u00e1htaeatnamat ja 37,6 % priv\u00e1htaeatnamat.<\/p>\n<p>&nbsp;<\/p>\n","protected":false},"excerpt":{"rendered":"<p>55 Ikonen Boazoisit: Hepola Ari Telefovdna: +358 40 589 7736 \u0160lea\u0111gapoasta: &#x61;&#x72;&#105;&#46;h&#x65;&#x70;&#x6f;&#108;&#97;&#64;&#x6f;&#x75;&#x74;&#108;&#111;o&#x6b;&#x2e;&#x63;&#111;&#109; Ruovttugielda: Pudasj\u00e4rvi Viidodat: 619,1 km2 Stuor\u00e1mus lob\u00e1la\u0161 ealliboazomearri: 500 Boazoeaigg\u00e1dat: 32 Ikonen b\u00e1lggus gull\u00e1 Pudasj\u00e4rvi mearkabirii. B\u00e1lggus lea Pudasj\u00e4rvi ja Ranua gielddain. B\u00e1lggus r\u00e1dja\u0161uvv\u00e1 davvin Kuukas, nuortin Pudasj\u00e4rvi Livo, m\u00e1ddin Kollaja ja oarjin Oij\u00e4rvi b\u00e1lgosiidda. B\u00e1lgosa eatnamiin 62,4 % leat st\u00e1htaeatnamat ja 37,6 [&hellip;]<\/p>\n","protected":false},"author":1,"featured_media":0,"parent":420,"menu_order":55,"comment_status":"open","ping_status":"closed","template":"paliskuntasivut.php","meta":{"footnotes":""},"class_list":["post-1585","page","type-page","status-publish","hentry"],"_links":{"self":[{"href":"https:\/\/paliskunnat.fi\/bo\/wp-json\/wp\/v2\/pages\/1585","targetHints":{"allow":["GET"]}}],"collection":[{"href":"https:\/\/paliskunnat.fi\/bo\/wp-json\/wp\/v2\/pages"}],"about":[{"href":"https:\/\/paliskunnat.fi\/bo\/wp-json\/wp\/v2\/types\/page"}],"author":[{"embeddable":true,"href":"https:\/\/paliskunnat.fi\/bo\/wp-json\/wp\/v2\/users\/1"}],"replies":[{"embeddable":true,"href":"https:\/\/paliskunnat.fi\/bo\/wp-json\/wp\/v2\/comments?post=1585"}],"version-history":[{"count":10,"href":"https:\/\/paliskunnat.fi\/bo\/wp-json\/wp\/v2\/pages\/1585\/revisions"}],"predecessor-version":[{"id":6029,"href":"https:\/\/paliskunnat.fi\/bo\/wp-json\/wp\/v2\/pages\/1585\/revisions\/6029"}],"up":[{"embeddable":true,"href":"https:\/\/paliskunnat.fi\/bo\/wp-json\/wp\/v2\/pages\/420"}],"wp:attachment":[{"href":"https:\/\/paliskunnat.fi\/bo\/wp-json\/wp\/v2\/media?parent=1585"}],"curies":[{"name":"wp","href":"https:\/\/api.w.org\/{rel}","templated":true}]}}