{"id":1590,"date":"2014-11-23T18:57:23","date_gmt":"2014-11-23T16:57:23","guid":{"rendered":"http:\/\/80.69.171.23\/py\/?page_id=1590"},"modified":"2023-06-07T13:28:22","modified_gmt":"2023-06-07T10:28:22","slug":"naljanka","status":"publish","type":"page","link":"https:\/\/paliskunnat.fi\/bo\/balgosat\/balgosiid-diedut\/naljanka\/","title":{"rendered":"56 N\u00e4lj\u00e4nk\u00e4"},"content":{"rendered":"<h2>56 N\u00e4lj\u00e4nk\u00e4<\/h2>\n<p>Boazoisit: Heikkinen Jari<br \/>\nTelefovdna: +358 40 020 2003<br \/>\n\u0160lea\u0111gapoasta: &#x6a;&#97;&#114;i&#x68;&#x32;&#48;0&#x40;&#x67;&#109;a&#x69;&#x6c;&#46;c&#x6f;&#x6d;<\/p>\n<p><a href=\"https:\/\/paliskunnat.fi\/bo\/wp-content\/uploads\/2014\/11\/56_naljanka.png\" rel=\"lightbox[1590]\"><img loading=\"lazy\" decoding=\"async\" class=\"alignnone wp-image-1592\" src=\"https:\/\/paliskunnat.fi\/bo\/wp-content\/uploads\/2014\/11\/56_naljanka.png\" alt=\"N\u00e4lj\u00e4nk\u00e4 plk (nro 56)\" width=\"300\" height=\"387\" srcset=\"https:\/\/paliskunnat.fi\/bo\/wp-content\/uploads\/2014\/11\/56_naljanka.png 775w, https:\/\/paliskunnat.fi\/bo\/wp-content\/uploads\/2014\/11\/56_naljanka-233x300.png 233w\" sizes=\"auto, (max-width: 300px) 100vw, 300px\" \/><\/a><\/p>\n<table width=\"450\">\n<tbody>\n<tr>\n<td>Ruovttugielda:<\/td>\n<td>Suomussalmi<\/td>\n<\/tr>\n<tr>\n<td>Viidodat:<\/td>\n<td>2 880,8 km<sup>2<\/sup><\/td>\n<\/tr>\n<tr>\n<td>Stuor\u00e1mus lob\u00e1la\u0161 ealliboazomearri:<\/td>\n<td>2 000<\/td>\n<\/tr>\n<tr>\n<td>Boazoeaigg\u00e1dat:<\/td>\n<td>53<\/td>\n<\/tr>\n<\/tbody>\n<\/table>\n<p>N\u00e4lj\u00e4nk\u00e4 b\u00e1lggus gull\u00e1 Kainuu mearkabirii. B\u00e1lggus lea Suomussalmi ja Puolanka gielddain. B\u00e1lggus r\u00e1dja\u0161uvv\u00e1 nuortin Ruo\u0161\u0161a r\u00e1dj\u00e1i, m\u00e1ddin Halla, oarjin Pintamo ja davvin Taivalkoski ja Hossa-Irni b\u00e1lgosiidda.<\/p>\n<p>B\u00e1lgosa eatnamiin 54,1 % leat st\u00e1htaeatnamat ja 45,9 % priv\u00e1htaeatnamat. B\u00e1lgosis leat Natura-suodjalanguovllut. D\u00e1t guovllut eai leat viidodagas viiddes guovllut, muhto dat h\u00e1bmejit goittotge deh\u00e1la\u0161 oasi d\u00e1lveguohtuneatnamiin.<\/p>\n<p>Caggan- ja guohtun\u00e1iddit eai leat. Big\u00e1lusg\u00e1rddit leat b\u00e1lgosis golbma. B\u00e1lgosis lea geavahusas Kotvala gieddenjuovahat ja big\u00e1lusg\u00e1rddi oktavuo\u0111as borahan\u00e1idi.<\/p>\n<p>Puolanka girkosiida b\u00e1hc\u00e1 \u00e1ibbas b\u00e1lgosa m\u00e1ttar\u00e1dj\u00e1i. B\u00e1lgosa davveoasis \u00e1ssan lea N\u00e4lj\u00e4nk\u00e4 gili guovllus Suomussalmi gielddas. V\u00e1ldooassi N\u00e4lj\u00e4nk\u00e4 b\u00e1lgosa osola\u010d\u010dain \u00e1sset Puolanka girkosiiddas, Joukokyl\u00e4, Suolij\u00e4rvi ja N\u00e4lj\u00e4nk\u00e4 giliin.<\/p>\n<p>&nbsp;<\/p>\n<p>&nbsp;<\/p>\n","protected":false},"excerpt":{"rendered":"<p>56 N\u00e4lj\u00e4nk\u00e4 Boazoisit: Heikkinen Jari Telefovdna: +358 40 020 2003 \u0160lea\u0111gapoasta: &#x6a;&#x61;&#x72;&#x69;&#x68;&#x32;&#48;&#48;&#64;&#103;mail&#x2e;&#x63;&#x6f;&#x6d; Ruovttugielda: Suomussalmi Viidodat: 2 880,8 km2 Stuor\u00e1mus lob\u00e1la\u0161 ealliboazomearri: 2 000 Boazoeaigg\u00e1dat: 53 N\u00e4lj\u00e4nk\u00e4 b\u00e1lggus gull\u00e1 Kainuu mearkabirii. B\u00e1lggus lea Suomussalmi ja Puolanka gielddain. B\u00e1lggus r\u00e1dja\u0161uvv\u00e1 nuortin Ruo\u0161\u0161a r\u00e1dj\u00e1i, m\u00e1ddin Halla, oarjin Pintamo ja davvin Taivalkoski ja Hossa-Irni b\u00e1lgosiidda. B\u00e1lgosa eatnamiin 54,1 % [&hellip;]<\/p>\n","protected":false},"author":1,"featured_media":0,"parent":420,"menu_order":56,"comment_status":"open","ping_status":"closed","template":"paliskuntasivut.php","meta":{"footnotes":""},"class_list":["post-1590","page","type-page","status-publish","hentry"],"_links":{"self":[{"href":"https:\/\/paliskunnat.fi\/bo\/wp-json\/wp\/v2\/pages\/1590","targetHints":{"allow":["GET"]}}],"collection":[{"href":"https:\/\/paliskunnat.fi\/bo\/wp-json\/wp\/v2\/pages"}],"about":[{"href":"https:\/\/paliskunnat.fi\/bo\/wp-json\/wp\/v2\/types\/page"}],"author":[{"embeddable":true,"href":"https:\/\/paliskunnat.fi\/bo\/wp-json\/wp\/v2\/users\/1"}],"replies":[{"embeddable":true,"href":"https:\/\/paliskunnat.fi\/bo\/wp-json\/wp\/v2\/comments?post=1590"}],"version-history":[{"count":11,"href":"https:\/\/paliskunnat.fi\/bo\/wp-json\/wp\/v2\/pages\/1590\/revisions"}],"predecessor-version":[{"id":6027,"href":"https:\/\/paliskunnat.fi\/bo\/wp-json\/wp\/v2\/pages\/1590\/revisions\/6027"}],"up":[{"embeddable":true,"href":"https:\/\/paliskunnat.fi\/bo\/wp-json\/wp\/v2\/pages\/420"}],"wp:attachment":[{"href":"https:\/\/paliskunnat.fi\/bo\/wp-json\/wp\/v2\/media?parent=1590"}],"curies":[{"name":"wp","href":"https:\/\/api.w.org\/{rel}","templated":true}]}}