{"id":1595,"date":"2014-11-23T19:00:51","date_gmt":"2014-11-23T17:00:51","guid":{"rendered":"http:\/\/80.69.171.23\/py\/?page_id=1595"},"modified":"2023-06-07T13:28:54","modified_gmt":"2023-06-07T10:28:54","slug":"halla","status":"publish","type":"page","link":"https:\/\/paliskunnat.fi\/bo\/balgosat\/balgosiid-diedut\/halla\/","title":{"rendered":"57 Halla"},"content":{"rendered":"<h2>57 Halla<\/h2>\n<p>Boazoisit: Ker\u00e4nen Ensio<br \/>\nTelefovdna: +358 40 028 4002<br \/>\n\u0160lea\u0111gapoasta: &#x6b;&#x65;&#x72;&#97;&#110;en&#x65;&#x6e;&#x73;&#x69;&#111;&#64;gm&#x61;&#x69;&#x6c;&#46;&#99;&#111;m<\/p>\n<p><a href=\"https:\/\/paliskunnat.fi\/bo\/wp-content\/uploads\/2014\/11\/57_halla.png\" rel=\"lightbox[1595]\"><img loading=\"lazy\" decoding=\"async\" class=\"alignnone wp-image-1596\" src=\"https:\/\/paliskunnat.fi\/bo\/wp-content\/uploads\/2014\/11\/57_halla.png\" alt=\"Hallan paliskunta (nro 57)\" width=\"300\" height=\"387\" srcset=\"https:\/\/paliskunnat.fi\/bo\/wp-content\/uploads\/2014\/11\/57_halla.png 775w, https:\/\/paliskunnat.fi\/bo\/wp-content\/uploads\/2014\/11\/57_halla-233x300.png 233w\" sizes=\"auto, (max-width: 300px) 100vw, 300px\" \/><\/a><\/p>\n<table width=\"450\">\n<tbody>\n<tr>\n<td>Ruovttugielda:<\/td>\n<td>Suomussalmi<\/td>\n<\/tr>\n<tr>\n<td>Viidodat:<\/td>\n<td>3 547,7 km<sup>2<\/sup><\/td>\n<\/tr>\n<tr>\n<td>Stuor\u00e1mus lob\u00e1la\u0161 ealliboazomearri:<\/td>\n<td>2 700<\/td>\n<\/tr>\n<tr>\n<td>Boazoeaigg\u00e1dat:<\/td>\n<td>61<\/td>\n<\/tr>\n<\/tbody>\n<\/table>\n<p>Halla b\u00e1lggus gull\u00e1 Kainuu mearkabirii. B\u00e1lggus lea Suomussalmi, Puolanka ja Hyrynsalmi gielddain. B\u00e1lggus r\u00e1dja\u0161uvv\u00e1 nuortin Ruo\u0161\u0161a st\u00e1htar\u00e1dj\u00e1i, m\u00e1ttaoarjin boazodoalloguovllu m\u00e1ttar\u00e1dj\u00e1i ja davvin N\u00e4lj\u00e4nk\u00e4 b\u00e1lgosii.<\/p>\n<p>B\u00e1lgosa eatnamiin 48,1 % leat st\u00e1htaeatnamat ja 51,9 % priv\u00e1htaeatnamat.<\/p>\n<p>&nbsp;<\/p>\n<p>&nbsp;<\/p>\n<p><!--more--><\/p>\n<h2>Geassebig\u00e1lusat 1989<\/h2>\n<p>Geassebig\u00e1lusat Halla b\u00e1lgosis 1989 (<a href=\"https:\/\/www.youtube.com\/watch?v=dHF3vVMaSfY\">Youtube<\/a>). Almmuhuvvon 10\/2012.<\/p>\n<p>&nbsp;<\/p>\n<p>&nbsp;<\/p>\n<p>&nbsp;<\/p>\n","protected":false},"excerpt":{"rendered":"<p>57 Halla Boazoisit: Ker\u00e4nen Ensio Telefovdna: +358 40 028 4002 \u0160lea\u0111gapoasta: &#x6b;&#x65;&#x72;&#x61;&#x6e;&#x65;&#110;&#101;&#110;&#115;io&#64;g&#x6d;&#x61;&#x69;&#x6c;&#x2e;&#x63;&#111;&#109; Ruovttugielda: Suomussalmi Viidodat: 3 547,7 km2 Stuor\u00e1mus lob\u00e1la\u0161 ealliboazomearri: 2 700 Boazoeaigg\u00e1dat: 61 Halla b\u00e1lggus gull\u00e1 Kainuu mearkabirii. B\u00e1lggus lea Suomussalmi, Puolanka ja Hyrynsalmi gielddain. B\u00e1lggus r\u00e1dja\u0161uvv\u00e1 nuortin Ruo\u0161\u0161a st\u00e1htar\u00e1dj\u00e1i, m\u00e1ttaoarjin boazodoalloguovllu m\u00e1ttar\u00e1dj\u00e1i ja davvin N\u00e4lj\u00e4nk\u00e4 b\u00e1lgosii. B\u00e1lgosa eatnamiin 48,1 % leat st\u00e1htaeatnamat [&hellip;]<\/p>\n","protected":false},"author":1,"featured_media":0,"parent":420,"menu_order":57,"comment_status":"open","ping_status":"closed","template":"paliskuntasivut.php","meta":{"footnotes":""},"class_list":["post-1595","page","type-page","status-publish","hentry"],"_links":{"self":[{"href":"https:\/\/paliskunnat.fi\/bo\/wp-json\/wp\/v2\/pages\/1595","targetHints":{"allow":["GET"]}}],"collection":[{"href":"https:\/\/paliskunnat.fi\/bo\/wp-json\/wp\/v2\/pages"}],"about":[{"href":"https:\/\/paliskunnat.fi\/bo\/wp-json\/wp\/v2\/types\/page"}],"author":[{"embeddable":true,"href":"https:\/\/paliskunnat.fi\/bo\/wp-json\/wp\/v2\/users\/1"}],"replies":[{"embeddable":true,"href":"https:\/\/paliskunnat.fi\/bo\/wp-json\/wp\/v2\/comments?post=1595"}],"version-history":[{"count":12,"href":"https:\/\/paliskunnat.fi\/bo\/wp-json\/wp\/v2\/pages\/1595\/revisions"}],"predecessor-version":[{"id":6028,"href":"https:\/\/paliskunnat.fi\/bo\/wp-json\/wp\/v2\/pages\/1595\/revisions\/6028"}],"up":[{"embeddable":true,"href":"https:\/\/paliskunnat.fi\/bo\/wp-json\/wp\/v2\/pages\/420"}],"wp:attachment":[{"href":"https:\/\/paliskunnat.fi\/bo\/wp-json\/wp\/v2\/media?parent=1595"}],"curies":[{"name":"wp","href":"https:\/\/api.w.org\/{rel}","templated":true}]}}