{"id":164,"date":"2014-08-24T12:29:00","date_gmt":"2014-08-24T09:29:00","guid":{"rendered":"http:\/\/80.69.171.23\/py\/?page_id=164"},"modified":"2015-09-23T15:02:29","modified_gmt":"2015-09-23T12:02:29","slug":"boazoisit","status":"publish","type":"page","link":"https:\/\/paliskunnat.fi\/bo\/boazoisit\/","title":{"rendered":"Boazoisit"},"content":{"rendered":"<h2>Boazoisit<\/h2>\n\n<table id=\"tablepress-3\" class=\"tablepress tablepress-id-3\">\n<thead>\n<tr class=\"row-1\">\n\t<th class=\"column-1\">B\u00e1lgosat:<\/th><th class=\"column-2\">Namma:<\/th><th class=\"column-3\">Telefovdna 1:<\/th><th class=\"column-4\">Telefovdna 2:<\/th><th class=\"column-5\">\u010cujuhus:<\/th>\n<\/tr>\n<\/thead>\n<tbody class=\"row-striping row-hover\">\n<tr class=\"row-2\">\n\t<td class=\"column-1\">Akanlahti<\/td><td class=\"column-2\">P\u00e4tsi Antti<\/td><td class=\"column-3\">+358 40 708 2153<\/td><td class=\"column-4\"><\/td><td class=\"column-5\">Lohirannantie 270<br \/>\n97940 Lohiranta<\/td>\n<\/tr>\n<tr class=\"row-3\">\n\t<td class=\"column-1\">Alakitka<\/td><td class=\"column-2\">Oikarainen Jalmari<\/td><td class=\"column-3\">+358 40 965 0596<br \/>\n<\/td><td class=\"column-4\"><\/td><td class=\"column-5\">Nissinj\u00e4rventie 5<br \/>\n93800 Kuusamo<\/td>\n<\/tr>\n<tr class=\"row-4\">\n\t<td class=\"column-1\">Alakyl\u00e4<\/td><td class=\"column-2\">Kantola Antti<\/td><td class=\"column-3\">+358 40 562 5214<br \/>\n<\/td><td class=\"column-4\"><\/td><td class=\"column-5\">Kinisj\u00e4rventie 187<br \/>\n97420 Lohiniva<\/td>\n<\/tr>\n<tr class=\"row-5\">\n\t<td class=\"column-1\">Halla<\/td><td class=\"column-2\">Ker\u00e4nen Ensio<\/td><td class=\"column-3\">+358 40 028 4002<\/td><td class=\"column-4\"><\/td><td class=\"column-5\">Rantatie 6<br \/>\n89440 Sakara<br \/>\n<\/td>\n<\/tr>\n<tr class=\"row-6\">\n\t<td class=\"column-1\">Hammastunturi<\/td><td class=\"column-2\">Haataja Jarmo<\/td><td class=\"column-3\">+358 40 015 1712<\/td><td class=\"column-4\"><\/td><td class=\"column-5\">Kutturantie 3981<br \/>\n99830 Saariselk\u00e4<\/td>\n<\/tr>\n<tr class=\"row-7\">\n\t<td class=\"column-1\">Hirvasniemi<\/td><td class=\"column-2\">Alaluusua Alpo<\/td><td class=\"column-3\">+358 40 720 9385<br \/>\n<\/td><td class=\"column-4\"><\/td><td class=\"column-5\">It\u00e4rannantie 9<br \/>\n98230 Luusua<\/td>\n<\/tr>\n<tr class=\"row-8\">\n\t<td class=\"column-1\">Hossa-Irni<\/td><td class=\"column-2\">Sepp\u00e4nen Ville (oto.)<\/td><td class=\"column-3\">+358 40 5696592<\/td><td class=\"column-4\"><\/td><td class=\"column-5\">Poussuntie 108 B\t93700 Kuusamo<\/td>\n<\/tr>\n<tr class=\"row-9\">\n\t<td class=\"column-1\">Ikonen<\/td><td class=\"column-2\">Alatalo Janne Juhani<\/td><td class=\"column-3\">+35850 366 9366<\/td><td class=\"column-4\"><\/td><td class=\"column-5\"> Kalliosuontie 330<br \/>\n93187 Ala-Siurua<\/td>\n<\/tr>\n<tr class=\"row-10\">\n\t<td class=\"column-1\">Isosyd\u00e4nmaa<\/td><td class=\"column-2\">Haapaniemi Markus<\/td><td class=\"column-3\">+358 50 561 9827<\/td><td class=\"column-4\"><\/td><td class=\"column-5\">Koskenrannantie 11 <br \/>\n97700 Ranua<\/td>\n<\/tr>\n<tr class=\"row-11\">\n\t<td class=\"column-1\">Ivalo<\/td><td class=\"column-2\">Kustula Ari<\/td><td class=\"column-3\">+358 40 071 5225<\/td><td class=\"column-4\"><\/td><td class=\"column-5\">Tolosentie 1085<br \/>\n99800 Ivalo<\/td>\n<\/tr>\n<tr class=\"row-12\">\n\t<td class=\"column-1\">J\u00e4\u00e4sk\u00f6<\/td><td class=\"column-2\">Ollila Lauri-Pekka<\/td><td class=\"column-3\">+358 40 525 7369<\/td><td class=\"column-4\"><\/td><td class=\"column-5\">Siljotie 8 C 22<br \/>\n96100 Rovaniemi<br \/>\n<\/td>\n<\/tr>\n<tr class=\"row-13\">\n\t<td class=\"column-1\">Kaldoaivi <\/td><td class=\"column-2\">L\u00e4nsman Vesa<\/td><td class=\"column-3\">+358 40 552 1870<\/td><td class=\"column-4\"><\/td><td class=\"column-5\">Jorrinjalka 2 <br \/>\n99980 Utsjoki<\/td>\n<\/tr>\n<tr class=\"row-14\">\n\t<td class=\"column-1\">Kallioluoma<\/td><td class=\"column-2\">H\u00e4rm\u00e4 Heikki<\/td><td class=\"column-3\">+358 40 540 9381<\/td><td class=\"column-4\"><\/td><td class=\"column-5\">L\u00e4ms\u00e4nkyl\u00e4ntie 184 A<br \/>\n93700 KUUSAMO<br \/>\n<\/td>\n<\/tr>\n<tr class=\"row-15\">\n\t<td class=\"column-1\">Kemin-Sompio<\/td><td class=\"column-2\">Kavakka Mika<\/td><td class=\"column-3\">+358 40 021 1861<\/td><td class=\"column-4\"><\/td><td class=\"column-5\">Vapalehdontie 4<br \/>\n98820 V\u00e4rri\u00f6<\/td>\n<\/tr>\n<tr class=\"row-16\">\n\t<td class=\"column-1\">Kiiminki<\/td><td class=\"column-2\">Parkkinen Juha<\/td><td class=\"column-3\">+358 40 138 9488<\/td><td class=\"column-4\"><\/td><td class=\"column-5\">Porvarientie 7<br \/>\n91300 Ylikiiminki<\/td>\n<\/tr>\n<tr class=\"row-17\">\n\t<td class=\"column-1\">Kolari<\/td><td class=\"column-2\">Satta Mika E.<\/td><td class=\"column-3\">+358 40 023 1710<\/td><td class=\"column-4\"><\/td><td class=\"column-5\">Pellontie 283 B<br \/>\n95800 Sieppij\u00e4rvi<\/td>\n<\/tr>\n<tr class=\"row-18\">\n\t<td class=\"column-1\">Kollaja<\/td><td class=\"column-2\">Oinas-Panuma Lauri<\/td><td class=\"column-3\">+358 40 765 4210<\/td><td class=\"column-4\"><\/td><td class=\"column-5\">Laasenraitti 59<br \/>\n93140 Kipin\u00e4<\/td>\n<\/tr>\n<tr class=\"row-19\">\n\t<td class=\"column-1\">Kuivasalmi<\/td><td class=\"column-2\">Koskela Antti I.<\/td><td class=\"column-3\">+358 40 846 8321<\/td><td class=\"column-4\"><\/td><td class=\"column-5\">Siitosentie 811<br \/>\n99270 Hormakumpu<\/td>\n<\/tr>\n<tr class=\"row-20\">\n\t<td class=\"column-1\">Kuukas<\/td><td class=\"column-2\">Juotasniemi Hannu<\/td><td class=\"column-3\">+358 40 012 1364<\/td><td class=\"column-4\"><\/td><td class=\"column-5\">Rantaniitty 1<br \/>\n97700 Ranua<\/td>\n<\/tr>\n<tr class=\"row-21\">\n\t<td class=\"column-1\">Kyr\u00f6<\/td><td class=\"column-2\">Autto Juuso<\/td><td class=\"column-3\">+358 40 537 1289<\/td><td class=\"column-4\"><\/td><td class=\"column-5\">Pallaksentie 3125<br \/>\n99340 Raattama<\/td>\n<\/tr>\n<tr class=\"row-22\">\n\t<td class=\"column-1\">K\u00e4sivarsi<\/td><td class=\"column-2\">Tornensis Juha<\/td><td class=\"column-3\">+358 40 124 7441<\/td><td class=\"column-4\"><\/td><td class=\"column-5\">Harjuntie 15<br \/>\n99490 Kilpisj\u00e4rvi<\/td>\n<\/tr>\n<tr class=\"row-23\">\n\t<td class=\"column-1\">Lappi<\/td><td class=\"column-2\">Hirvasvuopio Nilla<\/td><td class=\"column-3\">+358 40 017 3385<\/td><td class=\"column-4\"><\/td><td class=\"column-5\">Pieranper\u00e4 50<br \/>\n99690 Vuotso<\/td>\n<\/tr>\n<tr class=\"row-24\">\n\t<td class=\"column-1\">Lohij\u00e4rvi<\/td><td class=\"column-2\">Holster Esa<\/td><td class=\"column-3\">+358 50 493 9994<\/td><td class=\"column-4\"><\/td><td class=\"column-5\">Holsterintie 140<br \/>\n95660 Kantomaanp\u00e4\u00e4<\/td>\n<\/tr>\n<tr class=\"row-25\">\n\t<td class=\"column-1\">Muddusj\u00e4rvi<\/td><td class=\"column-2\">Seuruj\u00e4rvi Osmo<\/td><td class=\"column-3\">+358 40 352 4151<\/td><td class=\"column-4\"><\/td><td class=\"column-5\">Sevettij\u00e4rventie 3880<br \/>\n99870 Inari<\/td>\n<\/tr>\n<tr class=\"row-26\">\n\t<td class=\"column-1\">Muonio<\/td><td class=\"column-2\">Kurki Vili<\/td><td class=\"column-3\">+358 40 083 3373<\/td><td class=\"column-4\"><\/td><td class=\"column-5\">Suorannantie 2<br \/>\n95970 \u00c4k\u00e4slompolo<\/td>\n<\/tr>\n<tr class=\"row-27\">\n\t<td class=\"column-1\">Muotkatunturi<\/td><td class=\"column-2\">Kitti Janne<\/td><td class=\"column-3\">+358 40 017 6883<\/td><td class=\"column-4\"><\/td><td class=\"column-5\">Itkosentie 4<br \/>\n99870 Inari<\/td>\n<\/tr>\n<tr class=\"row-28\">\n\t<td class=\"column-1\">Narkaus<\/td><td class=\"column-2\">Pet\u00e4j\u00e4j\u00e4rvi Antero<\/td><td class=\"column-3\">+358 40 015 1988<\/td><td class=\"column-4\"><\/td><td class=\"column-5\">Rynk\u00e4npuolentie 71 A<br \/>\n97700 Ranua<\/td>\n<\/tr>\n<tr class=\"row-29\">\n\t<td class=\"column-1\">Niemel\u00e4<\/td><td class=\"column-2\">Komulainen Matti<\/td><td class=\"column-3\">+358 40 069 6721<\/td><td class=\"column-4\"><\/td><td class=\"column-5\">Poronmutka 12<br \/>\n97635 Juuniemi<\/td>\n<\/tr>\n<tr class=\"row-30\">\n\t<td class=\"column-1\">N\u00e4kk\u00e4l\u00e4<\/td><td class=\"column-2\">Ranta Hannu<\/td><td class=\"column-3\">+358 40 017 3820<\/td><td class=\"column-4\"><\/td><td class=\"column-5\">Nartteli 518<br \/>\n99400 Enonteki\u00f6<\/td>\n<\/tr>\n<tr class=\"row-31\">\n\t<td class=\"column-1\">N\u00e4lj\u00e4nk\u00e4<\/td><td class=\"column-2\">Heikkinen Jari<\/td><td class=\"column-3\">+358 40 020 2003<br \/>\n<\/td><td class=\"column-4\"><\/td><td class=\"column-5\">Pesi\u00f6ntie 9<br \/>\n89320 Joukokyl\u00e4<br \/>\n<\/td>\n<\/tr>\n<tr class=\"row-32\">\n\t<td class=\"column-1\">N\u00e4\u00e4t\u00e4m\u00f6<\/td><td class=\"column-2\">Feodoroff Wille<\/td><td class=\"column-3\">+358 40 502 4887<\/td><td class=\"column-4\"><\/td><td class=\"column-5\">Sevettij\u00e4rventie 9006 C<br \/>\n99930 Sevettij\u00e4rvi<\/td>\n<\/tr>\n<tr class=\"row-33\">\n\t<td class=\"column-1\">Oij\u00e4rvi<\/td><td class=\"column-2\">Siurua Henri<\/td><td class=\"column-3\">+358 44 972 6619<\/td><td class=\"column-4\"><\/td><td class=\"column-5\">Kangastalontie 17<br \/>\n91210 Jakkukyl\u00e4<\/td>\n<\/tr>\n<tr class=\"row-34\">\n\t<td class=\"column-1\">Oivanki<\/td><td class=\"column-2\">Kujala Juha<\/td><td class=\"column-3\">+358 40 913 7616<br \/>\n<\/td><td class=\"column-4\"><\/td><td class=\"column-5\">Kemij\u00e4rventie 131<br \/>\n93800 Kuusamo<\/td>\n<\/tr>\n<tr class=\"row-35\">\n\t<td class=\"column-1\">Oraj\u00e4rvi<\/td><td class=\"column-2\">Ekonoja Aimo<\/td><td class=\"column-3\">+358 40 541 8937<\/td><td class=\"column-4\"><\/td><td class=\"column-5\">Torniontie 119 F<br \/>\n95645 Turtola<\/td>\n<\/tr>\n<tr class=\"row-36\">\n\t<td class=\"column-1\">Oraniemi<\/td><td class=\"column-2\">Siivola Martti<\/td><td class=\"column-3\">+358 40 018 2580<\/td><td class=\"column-4\"><\/td><td class=\"column-5\">Pessijoentie 30 A<br \/>\n99640 Tanhua<\/td>\n<\/tr>\n<tr class=\"row-37\">\n\t<td class=\"column-1\">Paatsjoki<\/td><td class=\"column-2\">H\u00e4nninen Petri<\/td><td class=\"column-3\">+358 40 019 9798<\/td><td class=\"column-4\">+358 16 666 901<\/td><td class=\"column-5\">Nellimintie 4501 <br \/>\n99800 Ivalo<\/td>\n<\/tr>\n<tr class=\"row-38\">\n\t<td class=\"column-1\">Paistunturi<\/td><td class=\"column-2\">Valle Hannu<\/td><td class=\"column-3\">+358 40 419 9380<\/td><td class=\"column-4\"><\/td><td class=\"column-5\">Karigasniementie 3985 A<br \/>\n99950 Karigasniemi<\/td>\n<\/tr>\n<tr class=\"row-39\">\n\t<td class=\"column-1\">Paloj\u00e4rvi<\/td><td class=\"column-2\">Vuolo Tapio<\/td><td class=\"column-3\">+358 40 027 2555<\/td><td class=\"column-4\"><\/td><td class=\"column-5\">Kyl\u00e4niementie 225<br \/>\n97250 Raanuj\u00e4rvi<\/td>\n<\/tr>\n<tr class=\"row-40\">\n\t<td class=\"column-1\">Pintamo<\/td><td class=\"column-2\">Kosamo Eero<\/td><td class=\"column-3\">+358 40 089 6583<\/td><td class=\"column-4\"><\/td><td class=\"column-5\">Puolangantie 2383<br \/>\n93350 Jaurakkaj\u00e4rvi<\/td>\n<\/tr>\n<tr class=\"row-41\">\n\t<td class=\"column-1\">Pohjois-Salla<\/td><td class=\"column-2\">Aatsinki Lasse<\/td><td class=\"column-3\">+358 40 535 0184<\/td><td class=\"column-4\"><\/td><td class=\"column-5\">Rimpil\u00e4ntie 3<br \/>\n98920 Kelloselk\u00e4<br \/>\n<\/td>\n<\/tr>\n<tr class=\"row-42\">\n\t<td class=\"column-1\">Poikaj\u00e4rvi<\/td><td class=\"column-2\">Heiskari Veikko<\/td><td class=\"column-3\">+358 40 561 1235<\/td><td class=\"column-4\"><\/td><td class=\"column-5\">Heiskarinniementie 51<br \/>\n97280 Tapio<\/td>\n<\/tr>\n<tr class=\"row-43\">\n\t<td class=\"column-1\">Posion Livo<\/td><td class=\"column-2\">Hirvonen Seppo <\/td><td class=\"column-3\">+358 40 585 3663<\/td><td class=\"column-4\"><\/td><td class=\"column-5\">Suottaniementie 31<br \/>\n97900 Posio<\/td>\n<\/tr>\n<tr class=\"row-44\">\n\t<td class=\"column-1\">Pudasj\u00e4rven Livo<\/td><td class=\"column-2\">Konttila Sami<\/td><td class=\"column-3\">+358 40 537 4668<\/td><td class=\"column-4\"><\/td><td class=\"column-5\">Sarakyl\u00e4ntie 2401<br \/>\n93225 P\u00e4rj\u00e4nsuo<\/td>\n<\/tr>\n<tr class=\"row-45\">\n\t<td class=\"column-1\">Pudasj\u00e4rvi<\/td><td class=\"column-2\">Jaurun Markus<\/td><td class=\"column-3\">+358 40 732 1243<\/td><td class=\"column-4\"><\/td><td class=\"column-5\">Marikaisentie 544<br \/>\n93100 Pudasj\u00e4rvi<\/td>\n<\/tr>\n<tr class=\"row-46\">\n\t<td class=\"column-1\">Pyh\u00e4-Kallio<\/td><td class=\"column-2\">Uutela Ky\u00f6sti<\/td><td class=\"column-3\">+358 40 013 2161<br \/>\n<\/td><td class=\"column-4\"><\/td><td class=\"column-5\">Sodankyl\u00e4ntie 588<br \/>\n98100 Kemij\u00e4rvi<\/td>\n<\/tr>\n<tr class=\"row-47\">\n\t<td class=\"column-1\">Salla<\/td><td class=\"column-2\">Mursu Sami<\/td><td class=\"column-3\">+358 40 547 1397<br \/>\n<\/td><td class=\"column-4\"><\/td><td class=\"column-5\">Hirvasvaarantie 4 A<br \/>\n98760 Hirvasvaara<\/td>\n<\/tr>\n<tr class=\"row-48\">\n\t<td class=\"column-1\">Sallivaara<\/td><td class=\"column-2\">N\u00e4kk\u00e4l\u00e4j\u00e4rvi Iisko-Henrik<\/td><td class=\"column-3\">+358 40 481 7212<\/td><td class=\"column-4\"><\/td><td class=\"column-5\">Pahtajuutuantie 20<br \/>\n99870 Inari<\/td>\n<\/tr>\n<tr class=\"row-49\">\n\t<td class=\"column-1\">Sattasniemi<\/td><td class=\"column-2\">Riipi Matti<\/td><td class=\"column-3\">+358 40 706 6832<br \/>\n<\/td><td class=\"column-4\"><\/td><td class=\"column-5\">Rajalantie 830<br \/>\n99600 Sodankyl\u00e4<\/td>\n<\/tr>\n<tr class=\"row-50\">\n\t<td class=\"column-1\">Syv\u00e4j\u00e4rvi<\/td><td class=\"column-2\">Hannula Jari<\/td><td class=\"column-3\">+358 40 742 0291<\/td><td class=\"column-4\"><\/td><td class=\"column-5\">Rovaniementie 4010<br \/>\n99530 Vuoj\u00e4rvi<\/td>\n<\/tr>\n<tr class=\"row-51\">\n\t<td class=\"column-1\">Taivalkoski<\/td><td class=\"column-2\">K\u00e4sm\u00e4 Mika<\/td><td class=\"column-3\">+358 40 017 3980<\/td><td class=\"column-4\"><\/td><td class=\"column-5\">Kotikankaantie 36<br \/>\n93280 Sy\u00f6te<br \/>\n<\/td>\n<\/tr>\n<tr class=\"row-52\">\n\t<td class=\"column-1\">Timisj\u00e4rvi<\/td><td class=\"column-2\">Myllynen Matti<\/td><td class=\"column-3\">+358 40 021 5622<\/td><td class=\"column-4\"><\/td><td class=\"column-5\">Rovaniementie 474<br \/>\n97810 Suorsa<\/td>\n<\/tr>\n<tr class=\"row-53\">\n\t<td class=\"column-1\">Tolva<\/td><td class=\"column-2\">L\u00e4ms\u00e4 Olavi<\/td><td class=\"column-3\">+358 40 021 6516<\/td><td class=\"column-4\"><\/td><td class=\"column-5\">Valtatieviisi 741<br \/>\n98780 Maaninkavaara<\/td>\n<\/tr>\n<tr class=\"row-54\">\n\t<td class=\"column-1\">Vanttaus<\/td><td class=\"column-2\">Karvonen Seppo<\/td><td class=\"column-3\">+358 40 741 1669<\/td><td class=\"column-4\"><\/td><td class=\"column-5\">Vanttausj\u00e4rventie 90<br \/>\n97625 Vanttauskoski<\/td>\n<\/tr>\n<tr class=\"row-55\">\n\t<td class=\"column-1\">V\u00e4ts\u00e4ri<\/td><td class=\"column-2\">Semenoff Tuomas<\/td><td class=\"column-3\">+358 45 113 8326<\/td><td class=\"column-4\"><\/td><td class=\"column-5\">Sevettij\u00e4rventie 8876 A<br \/>\n99930 Sevettij\u00e4rvi<\/td>\n<\/tr>\n<\/tbody>\n<\/table>\n<!-- #tablepress-3 from cache -->\n","protected":false},"excerpt":{"rendered":"<p>Boazoisit<\/p>\n","protected":false},"author":1,"featured_media":0,"parent":0,"menu_order":0,"comment_status":"open","ping_status":"closed","template":"kokosivu.php","meta":{"footnotes":""},"class_list":["post-164","page","type-page","status-publish","hentry"],"_links":{"self":[{"href":"https:\/\/paliskunnat.fi\/bo\/wp-json\/wp\/v2\/pages\/164","targetHints":{"allow":["GET"]}}],"collection":[{"href":"https:\/\/paliskunnat.fi\/bo\/wp-json\/wp\/v2\/pages"}],"about":[{"href":"https:\/\/paliskunnat.fi\/bo\/wp-json\/wp\/v2\/types\/page"}],"author":[{"embeddable":true,"href":"https:\/\/paliskunnat.fi\/bo\/wp-json\/wp\/v2\/users\/1"}],"replies":[{"embeddable":true,"href":"https:\/\/paliskunnat.fi\/bo\/wp-json\/wp\/v2\/comments?post=164"}],"version-history":[{"count":2,"href":"https:\/\/paliskunnat.fi\/bo\/wp-json\/wp\/v2\/pages\/164\/revisions"}],"predecessor-version":[{"id":4467,"href":"https:\/\/paliskunnat.fi\/bo\/wp-json\/wp\/v2\/pages\/164\/revisions\/4467"}],"wp:attachment":[{"href":"https:\/\/paliskunnat.fi\/bo\/wp-json\/wp\/v2\/media?parent=164"}],"curies":[{"name":"wp","href":"https:\/\/api.w.org\/{rel}","templated":true}]}}