{"id":193,"date":"2014-08-26T15:05:25","date_gmt":"2014-08-26T12:05:25","guid":{"rendered":"http:\/\/80.69.171.23\/py\/?page_id=193"},"modified":"2021-03-05T13:33:10","modified_gmt":"2021-03-05T11:33:10","slug":"proseavttat","status":"publish","type":"page","link":"https:\/\/paliskunnat.fi\/bo\/proseavttat\/","title":{"rendered":"Pro\u0161eavttat"},"content":{"rendered":"<h2>Pro\u0161eaktadoaibman<\/h2>\n<p>Geavahusasteamet leat guokte guovdd\u00e1\u0161 pro\u0161eaktaruhtadeami kan\u00e1la boazodoalu ovddideami v\u00e1r\u00e1s.<\/p>\n<p>Vuostta\u0161 lea EU vejola\u0161tan ovddidanpro\u0161eaktadoaibman, man v\u00e1riid ohcat d\u00e1b\u00e1la\u010d\u010dat EJB-guovdd\u00e1\u017ea bokte. D\u00e1id ruhtadang\u00e1lduid leat dovdan jagiid mielde EU r\u00e1hkadusfoandan, nugo eanandoalu stivren- ja doarjjafoandan, sosi\u00e1lafoandan, guovloovddidanfoandan ja Eurohp\u00e1 d\u00e1longuovllu ovddidanfoandan. Riikkaidgaskasa\u0161 pro\u0161eavttat leat fas Interreg-, TACIS- ja Kolarctic-progr\u00e1mmat.<\/p>\n<p>Nubbi guovdd\u00e1\u0161 ruhtadankan\u00e1la lea eana- ja vuovdedoalloministeriija Eanandoalu ovddidanfoanda. D\u00e1t pro\u0161eavttat leat eal\u00e1hussii lakt\u00e1seaddji \u010dielggadusat ja dutkamu\u0161at.<\/p>\n\n\t\t<style type=\"text\/css\">\n\t\t\t#gallery-1 {\n\t\t\t\tmargin: auto;\n\t\t\t}\n\t\t\t#gallery-1 .gallery-item {\n\t\t\t\tfloat: left;\n\t\t\t\tmargin-top: 10px;\n\t\t\t\ttext-align: center;\n\t\t\t\twidth: 33%;\n\t\t\t}\n\t\t\t#gallery-1 img {\n\t\t\t\tborder: 2px solid #cfcfcf;\n\t\t\t}\n\t\t\t#gallery-1 .gallery-caption {\n\t\t\t\tmargin-left: 0;\n\t\t\t}\n\t\t\t\/* see gallery_shortcode() in wp-includes\/media.php *\/\n\t\t<\/style>\n\t\t<div id='gallery-1' class='gallery galleryid-193 gallery-columns-3 gallery-size-thumbnail'><dl class='gallery-item'>\n\t\t\t<dt class='gallery-icon landscape'>\n\t\t\t\t<a href='https:\/\/paliskunnat.fi\/bo\/wp-content\/uploads\/2014\/08\/Tytti_kotka.jpg' rel=\"lightbox[193]\"><img loading=\"lazy\" decoding=\"async\" width=\"150\" height=\"150\" src=\"https:\/\/paliskunnat.fi\/bo\/wp-content\/uploads\/2014\/08\/Tytti_kotka-150x150.jpg\" class=\"attachment-thumbnail size-thumbnail\" alt=\"\" \/><\/a>\n\t\t\t<\/dt><\/dl><dl class='gallery-item'>\n\t\t\t<dt class='gallery-icon landscape'>\n\t\t\t\t<a href='https:\/\/paliskunnat.fi\/bo\/wp-content\/uploads\/2021\/03\/Boazodoalu_ekonomiija_suomas_ja_ruotas_2013.jpg' rel=\"lightbox[193]\"><img loading=\"lazy\" decoding=\"async\" width=\"150\" height=\"150\" src=\"https:\/\/paliskunnat.fi\/bo\/wp-content\/uploads\/2021\/03\/Boazodoalu_ekonomiija_suomas_ja_ruotas_2013-150x150.jpg\" class=\"attachment-thumbnail size-thumbnail\" alt=\"Boazodoalu ekonomiija Suomas ja Ruo\u0167as 2013\" \/><\/a>\n\t\t\t<\/dt><\/dl>\n\t\t\t<br style='clear: both' \/>\n\t\t<\/div>\n\n<p>&nbsp;<\/p>\n<p>Boazoeal\u00e1hus lea geavahan buot m\u00e1inna\u0161uvvon foanddaid 2000-logus. Duohken leat guhttalogi ovttastusa miehtev\u00e1ikkuhusain olla\u0161uhtton EU-oasseruhtadan ovddidanpro\u0161eavtta, moaddelogi Eanandoalu ovddidanfoandda ruhtadan dutkanpro\u0161eavtta ja moaddelogi ear\u00e1 foandda vehkiin olla\u0161uhtton pro\u0161eavtta.<\/p>\n<p>Pro\u0161eaktadoaibma \u00e1lggahuvvui jahkeduh\u00e1ha jorgg\u00e1ldagas golmma oaivelinnj\u00e1 bokte. D\u00e1t ledje bohccobierggo sm\u00e1vvagovddideapmi, boazod\u00e1lloturista ja ADG. D\u00e1n \u00e1igge B\u00e1lgosiid ovttastusa pro\u0161eaktak\u00e1rttas leat 12 linnj\u00e1, go ovdde\u017eis dadjon lassin pro\u0161eaktadoaimma guovdd\u00e1\u017eii leat lokten skuvlejumi, kvalitehta, lassebiebmama, riikkaidgaskasa\u0161 ovttasbarggu, m\u00e1rkanastima, boazodolliid bargiburesbirgejumi, spiriid, boazob\u00e1rttiid ja eanangeavaheami.<\/p>\n<p>Roavva \u00e1rvalusaid mielde pro\u0161eavttaid h\u00e1mis boazodoalu ovddideapm\u00e1i geavahuvvon ruhtamearri lea measta 10 miljovnna euro. Pro\u0161eaktav\u00e1riid vehkiin leat s\u00e1htt\u00e1n testet, ovddidit ja skuvlet &#8211; bissut ovd\u00e1neamis mielde.<\/p>\n<p>&nbsp;<\/p>\n<p>&nbsp;<\/p>\n","protected":false},"excerpt":{"rendered":"<p>Pro\u0161eaktadoaibman Geavahusasteamet leat guokte guovdd\u00e1\u0161 pro\u0161eaktaruhtadeami kan\u00e1la boazodoalu ovddideami v\u00e1r\u00e1s. Vuostta\u0161 lea EU vejola\u0161tan ovddidanpro\u0161eaktadoaibman, man v\u00e1riid ohcat d\u00e1b\u00e1la\u010d\u010dat EJB-guovdd\u00e1\u017ea bokte. D\u00e1id ruhtadang\u00e1lduid leat dovdan jagiid mielde EU r\u00e1hkadusfoandan, nugo eanandoalu stivren- ja doarjjafoandan, sosi\u00e1lafoandan, guovloovddidanfoandan ja Eurohp\u00e1 d\u00e1longuovllu ovddidanfoandan. Riikkaidgaskasa\u0161 pro\u0161eavttat leat fas Interreg-, TACIS- ja Kolarctic-progr\u00e1mmat. Nubbi guovdd\u00e1\u0161 ruhtadankan\u00e1la lea eana- ja vuovdedoalloministeriija [&hellip;]<\/p>\n","protected":false},"author":1,"featured_media":0,"parent":0,"menu_order":7,"comment_status":"open","ping_status":"closed","template":"","meta":{"footnotes":""},"class_list":["post-193","page","type-page","status-publish","hentry"],"_links":{"self":[{"href":"https:\/\/paliskunnat.fi\/bo\/wp-json\/wp\/v2\/pages\/193","targetHints":{"allow":["GET"]}}],"collection":[{"href":"https:\/\/paliskunnat.fi\/bo\/wp-json\/wp\/v2\/pages"}],"about":[{"href":"https:\/\/paliskunnat.fi\/bo\/wp-json\/wp\/v2\/types\/page"}],"author":[{"embeddable":true,"href":"https:\/\/paliskunnat.fi\/bo\/wp-json\/wp\/v2\/users\/1"}],"replies":[{"embeddable":true,"href":"https:\/\/paliskunnat.fi\/bo\/wp-json\/wp\/v2\/comments?post=193"}],"version-history":[{"count":6,"href":"https:\/\/paliskunnat.fi\/bo\/wp-json\/wp\/v2\/pages\/193\/revisions"}],"predecessor-version":[{"id":5691,"href":"https:\/\/paliskunnat.fi\/bo\/wp-json\/wp\/v2\/pages\/193\/revisions\/5691"}],"wp:attachment":[{"href":"https:\/\/paliskunnat.fi\/bo\/wp-json\/wp\/v2\/media?parent=193"}],"curies":[{"name":"wp","href":"https:\/\/api.w.org\/{rel}","templated":true}]}}